{"id":1062,"date":"2024-04-18T18:08:51","date_gmt":"2024-04-18T16:08:51","guid":{"rendered":"https:\/\/climenservices.com\/?page_id=1062"},"modified":"2024-08-07T16:43:05","modified_gmt":"2024-08-07T14:43:05","slug":"pompe-a-chaleur-air-eau","status":"publish","type":"page","link":"https:\/\/climenservices.com\/index.php\/pompe-a-chaleur-air-eau\/","title":{"rendered":"Pompe \u00e0 Chaleur Air\/Eau  EXT\u00c9RIEURE"},"content":{"rendered":"\n<figure class=\"wp-block-image size-full is-resized\"><img fetchpriority=\"high\" decoding=\"async\" width=\"612\" height=\"198\" src=\"https:\/\/climenservices.com\/wp-content\/uploads\/2024\/04\/Maison-nuit-neige-e1713457073896.jpeg\" alt=\"\" class=\"wp-image-1072\" style=\"width:841px;height:auto\" srcset=\"https:\/\/climenservices.com\/wp-content\/uploads\/2024\/04\/Maison-nuit-neige-e1713457073896.jpeg 612w, https:\/\/climenservices.com\/wp-content\/uploads\/2024\/04\/Maison-nuit-neige-e1713457073896-300x97.jpeg 300w\" sizes=\"(max-width: 612px) 100vw, 612px\" \/><\/figure>\n\n\n\n<h1 class=\"wp-block-heading\"><\/h1>\n\n\n\n<p>C\u2019est la&nbsp;pompe \u00e0 chaleur la plus classique, souvent&nbsp;imposante, et se positionnant au plus pr\u00e8s du local technique pour limiter les pertes de calories dans les tubes, s\u2019installe sans exposition particuli\u00e8re car elle prend les calories dans l\u2019air qui est partout \u00e0 la m\u00eame temp\u00e9rature bien que notre ressenti puisse \u00eatre diff\u00e9rent.&nbsp;Selon son degr\u00e9 de sophistication, elle peut \u00e9lever la temp\u00e9rature de l&rsquo;eau du circuit \u00e0 50 \u00b0C (basse temp\u00e9rature), 55-65 \u00b0C (moyenne temp\u00e9rature) ou 65-75 \u00b0C (haute temp\u00e9rature).<\/p>\n\n\n\n<p><strong>DIFFERENCE entre une PAC Monobloc et une PAC Split<\/strong><\/p>\n\n\n\n<p><strong>Dans la PAC monobloc ext\u00e9rieure&nbsp;:<\/strong>&nbsp;tout le circuit frigorifique (\u00e9vaporateur, condenseur, compresseur et d\u00e9tendeur) est regroup\u00e9 dans le groupe ext\u00e9rieur, herm\u00e9tiquement r\u00e9alis\u00e9 en usine. Cette unit\u00e9 ext\u00e9rieure est reli\u00e9e au circuit de chauffage de la maison par deux canalisations hydrauliques (aller \/ retour).<\/p>\n\n\n\n<p><strong>Sp\u00e9cificit\u00e9s&nbsp;:<\/strong><\/p>\n\n\n\n<ul class=\"wp-block-list\">\n<li>Un appareil&nbsp;<strong>monobloc ext\u00e9rieur<\/strong>&nbsp;est parfois plus volumineux qu\u2019une unit\u00e9 ext\u00e9rieure d\u2019un appareil split<\/li>\n\n\n\n<li>Conduites hydrauliques plus grosses que les conduites frigorifiques et n\u00e9cessitant des purgeurs en point haut, risque de gel des conduites aller \/ retour puisque hydrauliques<\/li>\n\n\n\n<li>Il est possible de distinguer deux types de PAC monobloc. Certains mod\u00e8les d\u2019entr\u00e9e de gamme int\u00e8grent, en plus du circuit frigorifique, certains composants comme la r\u00e9gulation dans le groupe ext\u00e9rieur. Il s\u2019agit de la solution la plus \u00e9conomique car on s\u2019exon\u00e8re alors d\u2019unit\u00e9 int\u00e9rieure. La PAC est moins ch\u00e8re \u00e0 l\u2019achat mais n\u00e9cessite l\u2019installation de certains \u00e9l\u00e9ments compl\u00e9mentaires sur le circuit hydraulique, rench\u00e9rissant par contre l\u00e9g\u00e8rement le co\u00fbt des travaux. Quand on monte en gamme, tous les composants n\u00e9cessaires au fonctionnement de la PAC (circulateur, vase d&rsquo;expansion, vanne de priorit\u00e9 sanitaire, appoints \u00e9lectrique, r\u00e9gulation\u2026) sont r\u00e9unis dans une unit\u00e9 int\u00e9rieure. L\u2019installation est plus simple car tous les \u00e9quipements sont d\u00e9j\u00e0 pr\u00e9vus.<\/li>\n<\/ul>\n\n\n\n<p><\/p>\n\n\n\n<p><strong>Dans la PAC split ou bibloc,<\/strong>&nbsp;le condenseur (qui est l\u2019\u00e9changeur qui va c\u00e9der sa chaleur au r\u00e9seau de chauffage) est plac\u00e9 dans le module int\u00e9rieur. Le circuit frigorifique n\u2019est plus herm\u00e9tiquement r\u00e9alis\u00e9 en usine mais r\u00e9parti entre ces deux unit\u00e9s qui doivent \u00eatre reli\u00e9es par une liaison frigorifique, c\u2019est-\u00e0-dire une canalisation dans laquelle circule le fluide frigorig\u00e8ne.<\/p>\n\n\n\n<p><strong>Sp\u00e9cificit\u00e9s&nbsp;:&nbsp;<\/strong><\/p>\n\n\n\n<ul class=\"wp-block-list\">\n<li>Passage des tuyauteries moins contraignant qu\u2019en hydraulique car plus petites et pas de point haut.<\/li>\n\n\n\n<li>Unit\u00e9 ext\u00e9rieure souvent plus l\u00e9g\u00e8re qu\u2019une monobloc<\/li>\n<\/ul>\n\n\n\n<p>N&rsquo;oubliez pas de r\u00e9aliser un <a href=\"https:\/\/climenservices.com\/index.php\/431-2\/\" data-type=\"page\" data-id=\"431\">entretien annuel<\/a> pour p\u00e9renniser votre installation (comme pour votre voiture).<\/p>\n","protected":false},"excerpt":{"rendered":"<p>C\u2019est la&nbsp;pompe \u00e0 chaleur la plus classique, souvent&nbsp;imposante, et se positionnant au plus pr\u00e8s du local technique pour limiter les pertes de calories dans les&hellip;<\/p>\n","protected":false},"author":1,"featured_media":0,"parent":0,"menu_order":0,"comment_status":"closed","ping_status":"closed","template":"","meta":{"footnotes":""},"class_list":["post-1062","page","type-page","status-publish","hentry"],"_links":{"self":[{"href":"https:\/\/climenservices.com\/index.php\/wp-json\/wp\/v2\/pages\/1062","targetHints":{"allow":["GET"]}}],"collection":[{"href":"https:\/\/climenservices.com\/index.php\/wp-json\/wp\/v2\/pages"}],"about":[{"href":"https:\/\/climenservices.com\/index.php\/wp-json\/wp\/v2\/types\/page"}],"author":[{"embeddable":true,"href":"https:\/\/climenservices.com\/index.php\/wp-json\/wp\/v2\/users\/1"}],"replies":[{"embeddable":true,"href":"https:\/\/climenservices.com\/index.php\/wp-json\/wp\/v2\/comments?post=1062"}],"version-history":[{"count":10,"href":"https:\/\/climenservices.com\/index.php\/wp-json\/wp\/v2\/pages\/1062\/revisions"}],"predecessor-version":[{"id":1501,"href":"https:\/\/climenservices.com\/index.php\/wp-json\/wp\/v2\/pages\/1062\/revisions\/1501"}],"wp:attachment":[{"href":"https:\/\/climenservices.com\/index.php\/wp-json\/wp\/v2\/media?parent=1062"}],"curies":[{"name":"wp","href":"https:\/\/api.w.org\/{rel}","templated":true}]}}