{"id":1064,"date":"2024-04-18T18:09:21","date_gmt":"2024-04-18T16:09:21","guid":{"rendered":"https:\/\/climenservices.com\/?page_id=1064"},"modified":"2024-08-07T16:43:51","modified_gmt":"2024-08-07T14:43:51","slug":"pompe-a-chaleur-geothermie","status":"publish","type":"page","link":"https:\/\/climenservices.com\/index.php\/pompe-a-chaleur-geothermie\/","title":{"rendered":"Pompe \u00e0 Chaleur G\u00e9othermie"},"content":{"rendered":"\n<p>Alors que l\u2019a\u00e9rothermie capte l\u2019\u00e9nergie de l\u2019air, la&nbsp;g\u00e9othermie&nbsp;r\u00e9cup\u00e8re les calories pr\u00e9sentes naturellement dans le sol.&nbsp;<\/p>\n\n\n\n<p>C\u2019est la pompe \u00e0 chaleur la plus performante quand il fait en dessous de 0\u00b0C de temp\u00e9rature ext\u00e9rieure car elle va puiser les calories dans la terre ou dans l\u2019eau \u00e0 temp\u00e9rature plus ou moins constante autour de 10\u00b0C \u00e0 12\u00b0C. &nbsp;Cependant dans notre r\u00e9gion, la temp\u00e9rature moyenne ext\u00e9rieure en hiver est de 9\u00b0C, ce qui rend cette solution beaucoup plus longue \u00e0 amortir.&nbsp;<\/p>\n\n\n\n<p>Une pompe \u00e0 chaleur g\u00e9othermique r\u00e9cup\u00e8re les calories du sol de votre terrain pour les transmettre \u00e0 vos \u00e9metteurs de chauffage via une pompe \u00e0 chaleur. Son installation n\u00e9cessite la pose de capteurs dans le sol de votre cour ou de votre jardin. Cela peut se faire de mani\u00e8re verticale, par un forage, ou horizontale par un terrassement pour installer les capteurs.<\/p>\n\n\n\n<p>Il existe trois solutions de captage diff\u00e9rentes :<\/p>\n\n\n\n<p>Le&nbsp;<strong>captage horizontal<\/strong>&nbsp;consiste \u00e0 enterrer des tubes entre 0,60 et 1,20 m\u00e8tre de profondeur. Le fluide caloporteur circule dans ces tubes et capte la chaleur du sol \u00e0 faible profondeur. Pour ce type d\u2019installation, vous devez poss\u00e9der un terrain dont la surface repr\u00e9sente au moins 1,5 \u00e0 2 fois la surface habitable \u00e0 chauffer de votre logement. Ce mod\u00e8le de pompe \u00e0 chaleur devient nettement moins efficace \u00e0 partir du moment o\u00f9 la temp\u00e9rature du sol est tr\u00e8s basse (inf\u00e9rieure \u00e0 -10 degr\u00e9s). De plus, il faut \u00e9viter de planter des arbres ou de la v\u00e9g\u00e9tation avec des racines sur toute la surface du captage. Ce syst\u00e8me est aussi plus sensible \u00e0 une action m\u00e9canique ext\u00e9rieure (mouvement de terrain, coup de pioche, s\u00e9cheresse\u2026).<\/p>\n\n\n\n<p>Le&nbsp;<strong>captage vertical<\/strong>&nbsp;est la solution privil\u00e9gi\u00e9e dans le cadre d\u2019une r\u00e9novation car elle \u00e9vite d\u2019abimer une grande partie du terrain et elle est incontournable si votre terrain est petit. Gr\u00e2ce \u00e0 un forage, les capteurs sont install\u00e9s \u00e0 une profondeur allant de 80 \u00e0 100 m\u00e8tres. Plus co\u00fbteux, ce syst\u00e8me est \u00e9galement plus efficace et plus fiable, notamment en p\u00e9riode hivernale puisque la terre pr\u00e9sente une temp\u00e9rature plus ou moins constante en profondeur.<\/p>\n\n\n\n<p>Le&nbsp;<strong>captage sur eau de nappe<\/strong>&nbsp;consiste \u00e0 placer des capteurs dans un ou plusieurs puits for\u00e9s \u00e0 moins de 100 m\u00e8tres de profondeur afin d\u2019utiliser la chaleur contenue dans l\u2019eau de nappes. Il est possible de r\u00e9aliser un ou deux forages. Dans le premier cas, l\u2019eau qui est puis\u00e9e est rejet\u00e9e plus froide dans un cours d\u2019eau ou un r\u00e9seau d\u2019eaux de pluie \u00e0 au moins 15 m\u00e8tres du captage. Dans le deuxi\u00e8me cas, on fore un deuxi\u00e8me trou pour y rejeter l\u2019eau utilis\u00e9e par la pompe \u00e0 chaleur avec les m\u00eames contraintes de distance. Ce deuxi\u00e8me syst\u00e8me est plus \u00e9cologique et pr\u00e9serve la nappe. Cette solution n\u00e9cessite parfois aussi la mise en place d\u2019un \u00e9changeur de barrage. Le risque avec une nappe phr\u00e9atique aujourd\u2019hui, est qu\u2019elle soit un jour tarie si des travaux sont r\u00e9alis\u00e9s dans les environs (ex&nbsp;: nouveaux lotissement, route \u2026) ce qui nous obligerait \u00e0 avoir recours \u00e0 une sonde verticale pour pouvoir conserver votre pompe \u00e0 chaleur g\u00e9othermique (co\u00fbt d\u2019une sonde entre 7 000 et 12 000 \u20ac).<\/p>\n\n\n\n<p>N&rsquo;oubliez pas de r\u00e9aliser un <a href=\"https:\/\/climenservices.com\/index.php\/431-2\/\" data-type=\"page\" data-id=\"431\">entretien annuel<\/a> pour p\u00e9renniser votre installation (comme pour votre voiture).<\/p>\n","protected":false},"excerpt":{"rendered":"<p>Alors que l\u2019a\u00e9rothermie capte l\u2019\u00e9nergie de l\u2019air, la&nbsp;g\u00e9othermie&nbsp;r\u00e9cup\u00e8re les calories pr\u00e9sentes naturellement dans le sol.&nbsp; C\u2019est la pompe \u00e0 chaleur la plus performante quand il&hellip;<\/p>\n","protected":false},"author":1,"featured_media":0,"parent":0,"menu_order":0,"comment_status":"closed","ping_status":"closed","template":"","meta":{"footnotes":""},"class_list":["post-1064","page","type-page","status-publish","hentry"],"_links":{"self":[{"href":"https:\/\/climenservices.com\/index.php\/wp-json\/wp\/v2\/pages\/1064","targetHints":{"allow":["GET"]}}],"collection":[{"href":"https:\/\/climenservices.com\/index.php\/wp-json\/wp\/v2\/pages"}],"about":[{"href":"https:\/\/climenservices.com\/index.php\/wp-json\/wp\/v2\/types\/page"}],"author":[{"embeddable":true,"href":"https:\/\/climenservices.com\/index.php\/wp-json\/wp\/v2\/users\/1"}],"replies":[{"embeddable":true,"href":"https:\/\/climenservices.com\/index.php\/wp-json\/wp\/v2\/comments?post=1064"}],"version-history":[{"count":3,"href":"https:\/\/climenservices.com\/index.php\/wp-json\/wp\/v2\/pages\/1064\/revisions"}],"predecessor-version":[{"id":1503,"href":"https:\/\/climenservices.com\/index.php\/wp-json\/wp\/v2\/pages\/1064\/revisions\/1503"}],"wp:attachment":[{"href":"https:\/\/climenservices.com\/index.php\/wp-json\/wp\/v2\/media?parent=1064"}],"curies":[{"name":"wp","href":"https:\/\/api.w.org\/{rel}","templated":true}]}}