{"id":1066,"date":"2024-04-18T18:10:01","date_gmt":"2024-04-18T16:10:01","guid":{"rendered":"https:\/\/climenservices.com\/?page_id=1066"},"modified":"2024-08-07T16:43:24","modified_gmt":"2024-08-07T14:43:24","slug":"pompe-a-chaleur-air-eau-interieure","status":"publish","type":"page","link":"https:\/\/climenservices.com\/index.php\/pompe-a-chaleur-air-eau-interieure\/","title":{"rendered":"Pompe \u00e0 Chaleur Air\/Eau  INT\u00c9RIEURE"},"content":{"rendered":"\n<p>C\u2019est la&nbsp;pompe \u00e0 chaleur la&nbsp;plus discr\u00e8te et la plus silencieuse, dedans comme dehors (aspiration et soufflage au travers d\u2019une ou deux grilles discr\u00e8tes), id\u00e9ale dans les lotissements pour respecter les voisins, \u00e9limine les risques de vol ou de vandalisme, respecte l\u2019environnement pour les sites class\u00e9s, ou tout simplement est&nbsp;plus esth\u00e9tique.<\/p>\n\n\n\n<p>Un appareil&nbsp;<strong>monobloc int\u00e9rieur<\/strong>&nbsp;n\u00e9cessite des interventions plus importantes au niveau de l\u2019enveloppe du b\u00e2timent (conduit d\u2019amen\u00e9e et d\u2019\u00e9vacuation d\u2019air de dimensions consid\u00e9rables). Cette solution ne craint pas le gel.<\/p>\n\n\n\n<p>N&rsquo;oubliez pas de r\u00e9aliser un <a href=\"https:\/\/climenservices.com\/index.php\/431-2\/\" data-type=\"page\" data-id=\"431\">entretien annuel<\/a> pour p\u00e9renniser votre installation (comme pour votre voiture).<\/p>\n","protected":false},"excerpt":{"rendered":"<p>C\u2019est la&nbsp;pompe \u00e0 chaleur la&nbsp;plus discr\u00e8te et la plus silencieuse, dedans comme dehors (aspiration et soufflage au travers d\u2019une ou deux grilles discr\u00e8tes), id\u00e9ale dans&hellip;<\/p>\n","protected":false},"author":1,"featured_media":0,"parent":0,"menu_order":0,"comment_status":"closed","ping_status":"closed","template":"","meta":{"footnotes":""},"class_list":["post-1066","page","type-page","status-publish","hentry"],"_links":{"self":[{"href":"https:\/\/climenservices.com\/index.php\/wp-json\/wp\/v2\/pages\/1066","targetHints":{"allow":["GET"]}}],"collection":[{"href":"https:\/\/climenservices.com\/index.php\/wp-json\/wp\/v2\/pages"}],"about":[{"href":"https:\/\/climenservices.com\/index.php\/wp-json\/wp\/v2\/types\/page"}],"author":[{"embeddable":true,"href":"https:\/\/climenservices.com\/index.php\/wp-json\/wp\/v2\/users\/1"}],"replies":[{"embeddable":true,"href":"https:\/\/climenservices.com\/index.php\/wp-json\/wp\/v2\/comments?post=1066"}],"version-history":[{"count":4,"href":"https:\/\/climenservices.com\/index.php\/wp-json\/wp\/v2\/pages\/1066\/revisions"}],"predecessor-version":[{"id":1502,"href":"https:\/\/climenservices.com\/index.php\/wp-json\/wp\/v2\/pages\/1066\/revisions\/1502"}],"wp:attachment":[{"href":"https:\/\/climenservices.com\/index.php\/wp-json\/wp\/v2\/media?parent=1066"}],"curies":[{"name":"wp","href":"https:\/\/api.w.org\/{rel}","templated":true}]}}