{"id":1254,"date":"2024-06-20T14:12:42","date_gmt":"2024-06-20T12:12:42","guid":{"rendered":"https:\/\/climenservices.com\/?page_id=1254"},"modified":"2026-04-15T14:45:42","modified_gmt":"2026-04-15T12:45:42","slug":"ecs","status":"publish","type":"page","link":"https:\/\/climenservices.com\/index.php\/ecs\/","title":{"rendered":"ECS"},"content":{"rendered":"\n<figure class=\"wp-block-image size-full is-resized\"><img loading=\"lazy\" decoding=\"async\" width=\"800\" height=\"273\" src=\"https:\/\/climenservices.com\/wp-content\/uploads\/2024\/06\/douche-gros-plan.jpeg\" alt=\"\" class=\"wp-image-1308\" style=\"width:841px;height:auto\" srcset=\"https:\/\/climenservices.com\/wp-content\/uploads\/2024\/06\/douche-gros-plan.jpeg 800w, https:\/\/climenservices.com\/wp-content\/uploads\/2024\/06\/douche-gros-plan-300x102.jpeg 300w, https:\/\/climenservices.com\/wp-content\/uploads\/2024\/06\/douche-gros-plan-768x262.jpeg 768w\" sizes=\"auto, (max-width: 800px) 100vw, 800px\" \/><\/figure>\n\n\n\n<h2 class=\"wp-block-heading has-text-align-center\">L&rsquo; Eau Chaude Sanitaire<\/h2>\n\n\n\n<figure class=\"wp-block-image size-full is-resized\"><img loading=\"lazy\" decoding=\"async\" width=\"866\" height=\"118\" src=\"https:\/\/climenservices.com\/wp-content\/uploads\/2024\/04\/Interligne-blanc.png\" alt=\"\" class=\"wp-image-951\" style=\"width:147px;height:auto\" srcset=\"https:\/\/climenservices.com\/wp-content\/uploads\/2024\/04\/Interligne-blanc.png 866w, https:\/\/climenservices.com\/wp-content\/uploads\/2024\/04\/Interligne-blanc-300x41.png 300w, https:\/\/climenservices.com\/wp-content\/uploads\/2024\/04\/Interligne-blanc-768x105.png 768w\" sizes=\"auto, (max-width: 866px) 100vw, 866px\" \/><\/figure>\n\n\n\n<p>Il existe diff\u00e9rentes possibilit\u00e9s pour produire l&rsquo;Eau Chaude Sanitaire destin\u00e9e \u00e0 un foyer pour alimenter la cuisine et la salle de bains :<\/p>\n\n\n\n<p>Le <strong>Chauffe Eau instantan\u00e9<\/strong>, uniquement avec une chaudi\u00e8re gaz ou fioul, la puissance doit \u00eatre de 25 kW<\/p>\n\n\n\n<p>Le <strong>Chauffe Eau \u00e0 accumulation (stockage)<\/strong>, avec diff\u00e9rentes sources de chaleur : directement par le gaz naturel (Styx), l&rsquo;\u00e9lectricit\u00e9 (Cumulus), le soleil (CESI), les \u00e9nergies renouvelables (Thermodynamique)\u2026&nbsp;ou indirectement par votre chaudi\u00e8re gaz, fioul, bois (stockage ECS)ou par votre pompe \u00e0 chaleur r\u00e9sidentielle (mod\u00e8les DUO). La fonction d&rsquo;un ballon d&rsquo;eau chaude sanitaire est de stocker temporairement de l&rsquo;eau qui a \u00e9t\u00e9 progressivement chauff\u00e9e pour la restituer \u00e0 la demande.<\/p>\n\n\n\n<figure class=\"wp-block-image size-full is-resized\"><img loading=\"lazy\" decoding=\"async\" width=\"866\" height=\"118\" src=\"https:\/\/climenservices.com\/wp-content\/uploads\/2024\/04\/Interligne-blanc.png\" alt=\"\" class=\"wp-image-951\" style=\"width:147px;height:auto\" srcset=\"https:\/\/climenservices.com\/wp-content\/uploads\/2024\/04\/Interligne-blanc.png 866w, https:\/\/climenservices.com\/wp-content\/uploads\/2024\/04\/Interligne-blanc-300x41.png 300w, https:\/\/climenservices.com\/wp-content\/uploads\/2024\/04\/Interligne-blanc-768x105.png 768w\" sizes=\"auto, (max-width: 866px) 100vw, 866px\" \/><\/figure>\n\n\n\n<p><strong>Climenservices vous propose les syst\u00e8mes ECS thermodynamiques, ECS \u00e9lectriques \u00e0 accumulation et ECS coupl\u00e9s \u00e0 une pompe \u00e0 chaleur r\u00e9sidentielle.<\/strong><\/p>\n\n\n\n<p>La capacit\u00e9 de stockage est fonction de l&rsquo;utilisation et de la technologie de chauffe. <\/p>\n\n\n\n<p>Un ballon ECS peut donc varier de 10 litres \u00e0 500 litres pour les particuliers, et plus en tertiaire.<\/p>\n\n\n\n<p>Ce dernier s&rsquo;installe au sol ou au mur pour les plus l\u00e9gers (moins de 150 litres) et au sol stable ou sur pieds pour les plus lourds (sup\u00e9rieurs \u00e0 200 litres). <\/p>\n\n\n\n<p>Il doit toujours \u00eatre install\u00e9 dans une zone chauff\u00e9e de l&rsquo;habitation afin de limiter les d\u00e9perditions et la consommation d&rsquo;\u00e9nergie en entretien de temp\u00e9rature.<\/p>\n\n\n\n<figure class=\"wp-block-image size-full is-resized\"><img loading=\"lazy\" decoding=\"async\" width=\"866\" height=\"118\" src=\"https:\/\/climenservices.com\/wp-content\/uploads\/2024\/04\/Interligne-blanc.png\" alt=\"\" class=\"wp-image-951\" style=\"width:286px;height:auto\" srcset=\"https:\/\/climenservices.com\/wp-content\/uploads\/2024\/04\/Interligne-blanc.png 866w, https:\/\/climenservices.com\/wp-content\/uploads\/2024\/04\/Interligne-blanc-300x41.png 300w, https:\/\/climenservices.com\/wp-content\/uploads\/2024\/04\/Interligne-blanc-768x105.png 768w\" sizes=\"auto, (max-width: 866px) 100vw, 866px\" \/><\/figure>\n\n\n\n<p> <strong>Les ballons thermodynamiques<\/strong>, il en existe 2 types : monobloc et split<\/p>\n\n\n<div class=\"wp-block-image\">\n<figure class=\"aligncenter size-large is-resized\"><img loading=\"lazy\" decoding=\"async\" width=\"1024\" height=\"547\" src=\"https:\/\/climenservices.com\/wp-content\/uploads\/2024\/06\/Chauffe-eau-Thermo-1024x547.png\" alt=\"\" class=\"wp-image-1320\" style=\"width:704px;height:auto\" srcset=\"https:\/\/climenservices.com\/wp-content\/uploads\/2024\/06\/Chauffe-eau-Thermo-1024x547.png 1024w, https:\/\/climenservices.com\/wp-content\/uploads\/2024\/06\/Chauffe-eau-Thermo-300x160.png 300w, https:\/\/climenservices.com\/wp-content\/uploads\/2024\/06\/Chauffe-eau-Thermo-768x410.png 768w, https:\/\/climenservices.com\/wp-content\/uploads\/2024\/06\/Chauffe-eau-Thermo.png 1207w\" sizes=\"auto, (max-width: 1024px) 100vw, 1024px\" \/><\/figure>\n<\/div>\n\n\n<p>Ils sont compos\u00e9s principalement d&rsquo;un&nbsp;ballon&nbsp;de stockage d&rsquo;eau, de 150 \u00e0 270 litres, accoupl\u00e9 \u00e0 une pompe \u00e0 chaleur interne ou split.<\/p>\n\n\n\n<p>Le mod\u00e8le <strong>monobloc<\/strong> capte les calories dans l&rsquo;air ambiant de votre domicile pour chauffer l&rsquo;eau sanitaire que vous allez consommer. Cela n\u00e9cessite un volume minimum de la pi\u00e8ce dans laquelle il sera install\u00e9. Temps de chauffe de 10 \u00e0 11 heures.<\/p>\n\n\n\n<p>Le mod\u00e8le<strong> split<\/strong> dispose d&rsquo;un groupe ext\u00e9rieur (comme une clim) et capte les calories dans l&rsquo;air ext\u00e9rieur. Il est en g\u00e9n\u00e9ral plus puissant et plus performant. Temps de chauffe de 4 \u00e0 5 heures.<\/p>\n\n\n\n<figure class=\"wp-block-image size-full is-resized\"><img loading=\"lazy\" decoding=\"async\" width=\"866\" height=\"118\" src=\"https:\/\/climenservices.com\/wp-content\/uploads\/2024\/04\/Interligne-blanc.png\" alt=\"\" class=\"wp-image-951\" style=\"width:382px;height:auto\" srcset=\"https:\/\/climenservices.com\/wp-content\/uploads\/2024\/04\/Interligne-blanc.png 866w, https:\/\/climenservices.com\/wp-content\/uploads\/2024\/04\/Interligne-blanc-300x41.png 300w, https:\/\/climenservices.com\/wp-content\/uploads\/2024\/04\/Interligne-blanc-768x105.png 768w\" sizes=\"auto, (max-width: 866px) 100vw, 866px\" \/><\/figure>\n\n\n\n<p><strong>Les ballons \u00e9lectriques \u00e0 accumulation (Cumulus)<\/strong><\/p>\n\n\n<div class=\"wp-block-image\">\n<figure class=\"aligncenter size-large is-resized\"><img loading=\"lazy\" decoding=\"async\" width=\"1024\" height=\"426\" src=\"https:\/\/climenservices.com\/wp-content\/uploads\/2024\/06\/Chauffe-Eau-Elect-1024x426.png\" alt=\"\" class=\"wp-image-1321\" style=\"width:811px;height:auto\" srcset=\"https:\/\/climenservices.com\/wp-content\/uploads\/2024\/06\/Chauffe-Eau-Elect-1024x426.png 1024w, https:\/\/climenservices.com\/wp-content\/uploads\/2024\/06\/Chauffe-Eau-Elect-300x125.png 300w, https:\/\/climenservices.com\/wp-content\/uploads\/2024\/06\/Chauffe-Eau-Elect-768x320.png 768w, https:\/\/climenservices.com\/wp-content\/uploads\/2024\/06\/Chauffe-Eau-Elect.png 1218w\" sizes=\"auto, (max-width: 1024px) 100vw, 1024px\" \/><\/figure>\n<\/div>\n\n\n<p>Il y a une r\u00e9sistance \u00e9lectrique qui chauffe l&rsquo;eau \u00e0 l&rsquo;int\u00e9rieur du ballon (r\u00e9servoir) et dont la puissance varie en fonction de l&rsquo;usage et de la contenance.<\/p>\n\n\n\n<p>Il y a les mod\u00e8les classiques \u00e0 partir de 70 litres : les <strong>r\u00e9sistances blind\u00e9es<\/strong> (la r\u00e9sistance est en contact avec l&rsquo;eau), les <strong>st\u00e9atites<\/strong> (la r\u00e9sistance se trouve dans un fourreau, pratique en cas de remplacement) et les <strong>st\u00e9atites ACI<\/strong> (avec protection anti-corrosion renforc\u00e9e).<\/p>\n\n\n\n<p>Le mod\u00e8le&nbsp;<strong>st\u00e9atite<\/strong>&nbsp;poss\u00e8de une anode en magn\u00e9sium (qu&rsquo;il faudra remplacer si elle fait moins d&rsquo;1cm de diam\u00e8tre) qui prot\u00e8ge efficacement la cuve tandis que le mod\u00e8le&nbsp;<strong>ACI<\/strong>&nbsp;fonctionne gr\u00e2ce \u00e0 une anode hybride inusable situ\u00e9e au centre de la cuve.<\/p>\n\n\n\n<figure class=\"wp-block-image size-full is-resized\"><img loading=\"lazy\" decoding=\"async\" width=\"866\" height=\"118\" src=\"https:\/\/climenservices.com\/wp-content\/uploads\/2024\/04\/Interligne-blanc.png\" alt=\"\" class=\"wp-image-951\" style=\"width:176px;height:auto\" srcset=\"https:\/\/climenservices.com\/wp-content\/uploads\/2024\/04\/Interligne-blanc.png 866w, https:\/\/climenservices.com\/wp-content\/uploads\/2024\/04\/Interligne-blanc-300x41.png 300w, https:\/\/climenservices.com\/wp-content\/uploads\/2024\/04\/Interligne-blanc-768x105.png 768w\" sizes=\"auto, (max-width: 866px) 100vw, 866px\" \/><\/figure>\n\n\n\n<p><strong>Les ballons \u00ab\u00a0duo\u00a0\u00bb avec pompe \u00e0 chaleur r\u00e9sidentielle<\/strong><\/p>\n\n\n\n<figure class=\"wp-block-image size-large is-resized\"><img loading=\"lazy\" decoding=\"async\" width=\"1024\" height=\"347\" src=\"https:\/\/climenservices.com\/wp-content\/uploads\/2024\/06\/Tour-ECS-1024x347.png\" alt=\"\" class=\"wp-image-1325\" style=\"width:865px;height:auto\" srcset=\"https:\/\/climenservices.com\/wp-content\/uploads\/2024\/06\/Tour-ECS-1024x347.png 1024w, https:\/\/climenservices.com\/wp-content\/uploads\/2024\/06\/Tour-ECS-300x102.png 300w, https:\/\/climenservices.com\/wp-content\/uploads\/2024\/06\/Tour-ECS-768x260.png 768w, https:\/\/climenservices.com\/wp-content\/uploads\/2024\/06\/Tour-ECS.png 1205w\" sizes=\"auto, (max-width: 1024px) 100vw, 1024px\" \/><\/figure>\n\n\n\n<p>Dans ce cas de figure, c&rsquo;est la pompe \u00e0 chaleur de la maison qui va chauffer l&rsquo;ECS via un \u00e9changeur \u00e0 eau \u00e0 l&rsquo;int\u00e9rieur du ballon ECS \u00ab\u00a0module hydraulique\u00a0\u00bb.<\/p>\n\n\n\n<p>Cela permet un gain de place lors du choix d&rsquo;une pompe \u00e0 chaleur \u00ab\u00a0globale\u00a0\u00bb pour le chauffage et l&rsquo;ECS.<\/p>\n\n\n\n<figure class=\"wp-block-image size-full\"><img loading=\"lazy\" decoding=\"async\" width=\"866\" height=\"118\" src=\"https:\/\/climenservices.com\/wp-content\/uploads\/2024\/04\/Interligne-blanc.png\" alt=\"\" class=\"wp-image-951\" srcset=\"https:\/\/climenservices.com\/wp-content\/uploads\/2024\/04\/Interligne-blanc.png 866w, https:\/\/climenservices.com\/wp-content\/uploads\/2024\/04\/Interligne-blanc-300x41.png 300w, https:\/\/climenservices.com\/wp-content\/uploads\/2024\/04\/Interligne-blanc-768x105.png 768w\" sizes=\"auto, (max-width: 866px) 100vw, 866px\" \/><\/figure>\n\n\n\n<p><strong>\u00c0 ne pas confondre avec le ballon tampon ou r\u00e9servoir tampon<\/strong><\/p>\n\n\n\n<p>Avec une pompe \u00e0 chaleur, le ballon tampon fait partie int\u00e9grante de l&rsquo;\u00e9quipement et du fonctionnement du chauffage, il est parfois aussi appel\u00e9 bouteille de d\u00e9couplage.<\/p>\n\n\n\n<p>Il permet d&rsquo;avoir une r\u00e9serve d&rsquo;eau de chauffage&nbsp;pour assurer un temps de fonctionnement minimum pour la pompe \u00e0 chaleur et il permet \u00e9galement de \u00ab\u00a0d\u00e9coupler\u00a0\u00bb l&rsquo;installation afin que la pompe \u00e0 chaleur ai son propre d\u00e9bit d&rsquo;eau de fonctionnement, ind\u00e9pendamment des diff\u00e9rents circuits de chauffage.<\/p>\n\n\n\n<p>L&rsquo;eau contenue dans ce ballon tampon est l&rsquo;eau du circuit de chauffage qui fonctionne en circuit ferm\u00e9, \u00e0 la diff\u00e9rence du ballon ECS qui est en circuit ouvert avec l&rsquo;eau de ville destin\u00e9e \u00e0 la consommation et l&rsquo;utilisation directe (douche, bain, vaisselle).<\/p>\n","protected":false},"excerpt":{"rendered":"<p>L&rsquo; Eau Chaude Sanitaire Il existe diff\u00e9rentes possibilit\u00e9s pour produire l&rsquo;Eau Chaude Sanitaire destin\u00e9e \u00e0 un foyer pour alimenter la cuisine et la salle de&hellip;<\/p>\n","protected":false},"author":1,"featured_media":0,"parent":0,"menu_order":0,"comment_status":"closed","ping_status":"closed","template":"","meta":{"footnotes":""},"class_list":["post-1254","page","type-page","status-publish","hentry"],"_links":{"self":[{"href":"https:\/\/climenservices.com\/index.php\/wp-json\/wp\/v2\/pages\/1254","targetHints":{"allow":["GET"]}}],"collection":[{"href":"https:\/\/climenservices.com\/index.php\/wp-json\/wp\/v2\/pages"}],"about":[{"href":"https:\/\/climenservices.com\/index.php\/wp-json\/wp\/v2\/types\/page"}],"author":[{"embeddable":true,"href":"https:\/\/climenservices.com\/index.php\/wp-json\/wp\/v2\/users\/1"}],"replies":[{"embeddable":true,"href":"https:\/\/climenservices.com\/index.php\/wp-json\/wp\/v2\/comments?post=1254"}],"version-history":[{"count":28,"href":"https:\/\/climenservices.com\/index.php\/wp-json\/wp\/v2\/pages\/1254\/revisions"}],"predecessor-version":[{"id":1598,"href":"https:\/\/climenservices.com\/index.php\/wp-json\/wp\/v2\/pages\/1254\/revisions\/1598"}],"wp:attachment":[{"href":"https:\/\/climenservices.com\/index.php\/wp-json\/wp\/v2\/media?parent=1254"}],"curies":[{"name":"wp","href":"https:\/\/api.w.org\/{rel}","templated":true}]}}