{"id":1257,"date":"2024-06-20T14:14:19","date_gmt":"2024-06-20T12:14:19","guid":{"rendered":"https:\/\/climenservices.com\/?page_id=1257"},"modified":"2024-08-06T18:10:30","modified_gmt":"2024-08-06T16:10:30","slug":"emetteurs","status":"publish","type":"page","link":"https:\/\/climenservices.com\/index.php\/emetteurs\/","title":{"rendered":"\u00c9metteurs"},"content":{"rendered":"\n<p class=\"has-text-align-center\"><\/p>\n\n\n\n<div class=\"wp-block-buttons is-content-justification-center is-layout-flex wp-container-core-buttons-is-layout-51f7783f wp-block-buttons-is-layout-flex\">\n<div class=\"wp-block-button\"><a class=\"wp-block-button__link wp-element-button\" href=\"https:\/\/climenservices.com\/index.php\/le-plafond-chauffant\/\">PLAFOND<\/a><\/div>\n\n\n\n<div class=\"wp-block-button\"><a class=\"wp-block-button__link wp-element-button\" href=\"https:\/\/climenservices.com\/index.php\/le-plancher-chauffant\/\">PLANCHER<\/a><\/div>\n<\/div>\n\n\n\n<figure class=\"wp-block-image size-full is-resized\"><img fetchpriority=\"high\" decoding=\"async\" width=\"866\" height=\"118\" src=\"https:\/\/climenservices.com\/wp-content\/uploads\/2024\/04\/Interligne-blanc.png\" alt=\"\" class=\"wp-image-951\" style=\"width:147px;height:auto\" srcset=\"https:\/\/climenservices.com\/wp-content\/uploads\/2024\/04\/Interligne-blanc.png 866w, https:\/\/climenservices.com\/wp-content\/uploads\/2024\/04\/Interligne-blanc-300x41.png 300w, https:\/\/climenservices.com\/wp-content\/uploads\/2024\/04\/Interligne-blanc-768x105.png 768w\" sizes=\"(max-width: 866px) 100vw, 866px\" \/><\/figure>\n\n\n\n<p class=\"has-text-align-left\">Pour toutes les applications de <strong>chauffage central<\/strong>, que vous poss\u00e9diez d\u00e9j\u00e0 une chaudi\u00e8re ou une pompe \u00e0 chaleur, ou que vous souhaitiez investir dans une pompe \u00e0 chaleur r\u00e9versible, nous pouvons vous installer un \u00e9metteur basse temp\u00e9rature.<\/p>\n\n\n\n<p class=\"has-text-align-left\"><\/p>\n\n\n\n<p><\/p>\n\n\n\n<p><\/p>\n\n\n\n<p><\/p>\n","protected":false},"excerpt":{"rendered":"<p>Pour toutes les applications de chauffage central, que vous poss\u00e9diez d\u00e9j\u00e0 une chaudi\u00e8re ou une pompe \u00e0 chaleur, ou que vous souhaitiez investir dans une&hellip;<\/p>\n","protected":false},"author":1,"featured_media":0,"parent":0,"menu_order":0,"comment_status":"closed","ping_status":"closed","template":"","meta":{"footnotes":""},"class_list":["post-1257","page","type-page","status-publish","hentry"],"_links":{"self":[{"href":"https:\/\/climenservices.com\/index.php\/wp-json\/wp\/v2\/pages\/1257","targetHints":{"allow":["GET"]}}],"collection":[{"href":"https:\/\/climenservices.com\/index.php\/wp-json\/wp\/v2\/pages"}],"about":[{"href":"https:\/\/climenservices.com\/index.php\/wp-json\/wp\/v2\/types\/page"}],"author":[{"embeddable":true,"href":"https:\/\/climenservices.com\/index.php\/wp-json\/wp\/v2\/users\/1"}],"replies":[{"embeddable":true,"href":"https:\/\/climenservices.com\/index.php\/wp-json\/wp\/v2\/comments?post=1257"}],"version-history":[{"count":12,"href":"https:\/\/climenservices.com\/index.php\/wp-json\/wp\/v2\/pages\/1257\/revisions"}],"predecessor-version":[{"id":1478,"href":"https:\/\/climenservices.com\/index.php\/wp-json\/wp\/v2\/pages\/1257\/revisions\/1478"}],"wp:attachment":[{"href":"https:\/\/climenservices.com\/index.php\/wp-json\/wp\/v2\/media?parent=1257"}],"curies":[{"name":"wp","href":"https:\/\/api.w.org\/{rel}","templated":true}]}}