{"id":1441,"date":"2024-08-06T16:49:19","date_gmt":"2024-08-06T14:49:19","guid":{"rendered":"https:\/\/climenservices.com\/?page_id=1441"},"modified":"2026-04-15T14:27:21","modified_gmt":"2026-04-15T12:27:21","slug":"cache-clim","status":"publish","type":"page","link":"https:\/\/climenservices.com\/index.php\/cache-clim\/","title":{"rendered":"Cache CLIM"},"content":{"rendered":"\n<figure class=\"wp-block-image size-full is-resized\"><img fetchpriority=\"high\" decoding=\"async\" width=\"664\" height=\"210\" src=\"https:\/\/climenservices.com\/wp-content\/uploads\/2024\/08\/Cache-clim-mur-pierre-e1722958421866.jpg\" alt=\"\" class=\"wp-image-1453\" style=\"width:841px;height:auto\" srcset=\"https:\/\/climenservices.com\/wp-content\/uploads\/2024\/08\/Cache-clim-mur-pierre-e1722958421866.jpg 664w, https:\/\/climenservices.com\/wp-content\/uploads\/2024\/08\/Cache-clim-mur-pierre-e1722958421866-300x95.jpg 300w\" sizes=\"(max-width: 664px) 100vw, 664px\" \/><\/figure>\n\n\n\n<figure class=\"wp-block-image size-full is-resized\"><img decoding=\"async\" width=\"866\" height=\"118\" src=\"https:\/\/climenservices.com\/wp-content\/uploads\/2024\/04\/Interligne-blanc.png\" alt=\"\" class=\"wp-image-951\" style=\"width:147px;height:auto\" srcset=\"https:\/\/climenservices.com\/wp-content\/uploads\/2024\/04\/Interligne-blanc.png 866w, https:\/\/climenservices.com\/wp-content\/uploads\/2024\/04\/Interligne-blanc-300x41.png 300w, https:\/\/climenservices.com\/wp-content\/uploads\/2024\/04\/Interligne-blanc-768x105.png 768w\" sizes=\"(max-width: 866px) 100vw, 866px\" \/><\/figure>\n\n\n\n<h4 class=\"wp-block-heading has-text-align-center\"><strong>Pour s\u00e9curiser et dissimuler vos <\/strong>groupes ext\u00e9rieurs<\/h4>\n\n\n\n<p>Nous proposons des habillages sp\u00e9cifiques pour les groupes ext\u00e9rieurs des climatisations, qui leurs permettent de \u00ab\u00a0respirer\u00a0\u00bb tout en \u00e9tant \u00ab\u00a0camoufl\u00e9s\u00a0\u00bb.<\/p>\n\n\n\n<p>Ils permettent d\u2019am\u00e9liorer l\u2019esth\u00e9tique g\u00e9n\u00e9rale ou de s&rsquo;int\u00e9grer dans un d\u00e9cors, de prot\u00e9ger des feuilles, de prot\u00e9ger les enfants, de s\u00e9curiser contre le vandalisme ou les animaux domestiques.<\/p>\n\n\n\n<p>Ils existent en plusieurs mat\u00e9riaux comme l&rsquo;aluminium, le bois ou des mod\u00e8les mixtes et de plusieurs couleurs.<\/p>\n\n\n\n<p>Il est possible de choisir avec capot dessous suivant la hauteur d&rsquo;installation.<\/p>\n\n\n\n<p>Les dimensions sont standards ou sur mesures, comme les couleurs.<\/p>\n\n\n\n<p>Cette solution permet aussi de r\u00e9pondre aux demandes de certains syndics de copropri\u00e9t\u00e9 afin que le groupe ext\u00e9rieur ne soit pas directement visible de tous.<\/p>\n\n\n\n<figure class=\"wp-block-image size-large\"><img decoding=\"async\" width=\"1024\" height=\"397\" src=\"https:\/\/climenservices.com\/wp-content\/uploads\/2024\/08\/Caches-clim-2-1024x397.png\" alt=\"\" class=\"wp-image-1451\" srcset=\"https:\/\/climenservices.com\/wp-content\/uploads\/2024\/08\/Caches-clim-2-1024x397.png 1024w, https:\/\/climenservices.com\/wp-content\/uploads\/2024\/08\/Caches-clim-2-300x116.png 300w, https:\/\/climenservices.com\/wp-content\/uploads\/2024\/08\/Caches-clim-2-768x298.png 768w, https:\/\/climenservices.com\/wp-content\/uploads\/2024\/08\/Caches-clim-2.png 1106w\" sizes=\"(max-width: 1024px) 100vw, 1024px\" \/><\/figure>\n","protected":false},"excerpt":{"rendered":"<p>Pour s\u00e9curiser et dissimuler vos groupes ext\u00e9rieurs Nous proposons des habillages sp\u00e9cifiques pour les groupes ext\u00e9rieurs des climatisations, qui leurs permettent de \u00ab\u00a0respirer\u00a0\u00bb tout en&hellip;<\/p>\n","protected":false},"author":1,"featured_media":0,"parent":0,"menu_order":0,"comment_status":"closed","ping_status":"closed","template":"","meta":{"footnotes":""},"class_list":["post-1441","page","type-page","status-publish","hentry"],"_links":{"self":[{"href":"https:\/\/climenservices.com\/index.php\/wp-json\/wp\/v2\/pages\/1441","targetHints":{"allow":["GET"]}}],"collection":[{"href":"https:\/\/climenservices.com\/index.php\/wp-json\/wp\/v2\/pages"}],"about":[{"href":"https:\/\/climenservices.com\/index.php\/wp-json\/wp\/v2\/types\/page"}],"author":[{"embeddable":true,"href":"https:\/\/climenservices.com\/index.php\/wp-json\/wp\/v2\/users\/1"}],"replies":[{"embeddable":true,"href":"https:\/\/climenservices.com\/index.php\/wp-json\/wp\/v2\/comments?post=1441"}],"version-history":[{"count":11,"href":"https:\/\/climenservices.com\/index.php\/wp-json\/wp\/v2\/pages\/1441\/revisions"}],"predecessor-version":[{"id":1594,"href":"https:\/\/climenservices.com\/index.php\/wp-json\/wp\/v2\/pages\/1441\/revisions\/1594"}],"wp:attachment":[{"href":"https:\/\/climenservices.com\/index.php\/wp-json\/wp\/v2\/media?parent=1441"}],"curies":[{"name":"wp","href":"https:\/\/api.w.org\/{rel}","templated":true}]}}