{"id":1529,"date":"2025-03-04T19:05:25","date_gmt":"2025-03-04T18:05:25","guid":{"rendered":"https:\/\/climenservices.com\/?page_id=1529"},"modified":"2025-03-06T18:54:19","modified_gmt":"2025-03-06T17:54:19","slug":"le-plafond-chauffant-climatique","status":"publish","type":"page","link":"https:\/\/climenservices.com\/index.php\/le-plafond-chauffant-climatique\/","title":{"rendered":"LE PLAFOND CHAUFFANT CLIMATIQUE"},"content":{"rendered":"\n<figure class=\"wp-block-image size-large\"><img loading=\"lazy\" decoding=\"async\" width=\"1024\" height=\"426\" src=\"https:\/\/climenservices.com\/wp-content\/uploads\/2025\/03\/T\u00b0-plafond-ete-hiver-1024x426.png\" alt=\"\" class=\"wp-image-1558\" srcset=\"https:\/\/climenservices.com\/wp-content\/uploads\/2025\/03\/T\u00b0-plafond-ete-hiver-1024x426.png 1024w, https:\/\/climenservices.com\/wp-content\/uploads\/2025\/03\/T\u00b0-plafond-ete-hiver-300x125.png 300w, https:\/\/climenservices.com\/wp-content\/uploads\/2025\/03\/T\u00b0-plafond-ete-hiver-768x319.png 768w, https:\/\/climenservices.com\/wp-content\/uploads\/2025\/03\/T\u00b0-plafond-ete-hiver.png 1335w\" sizes=\"auto, (max-width: 1024px) 100vw, 1024px\" \/><\/figure>\n\n\n\n<figure class=\"wp-block-image size-full is-resized\"><img loading=\"lazy\" decoding=\"async\" width=\"866\" height=\"118\" src=\"https:\/\/climenservices.com\/wp-content\/uploads\/2024\/04\/Interligne-blanc.png\" alt=\"\" class=\"wp-image-951\" style=\"width:147px;height:auto\" srcset=\"https:\/\/climenservices.com\/wp-content\/uploads\/2024\/04\/Interligne-blanc.png 866w, https:\/\/climenservices.com\/wp-content\/uploads\/2024\/04\/Interligne-blanc-300x41.png 300w, https:\/\/climenservices.com\/wp-content\/uploads\/2024\/04\/Interligne-blanc-768x105.png 768w\" sizes=\"auto, (max-width: 866px) 100vw, 866px\" \/><\/figure>\n\n\n\n<p>Le plafond chauffant climatique est une solution innovante qui allie confort thermique et design moderne. <\/p>\n\n\n\n<p>Con\u00e7u pour s&rsquo;int\u00e9grer harmonieusement dans votre espace, ce syst\u00e8me de chauffage offre une chaleur douce et uniforme, tout en \u00e9tant \u00e9conome en \u00e9nergie.&nbsp;<\/p>\n\n\n\n<p>Optez pour le plafond chauffant Acosi+ et transformez votre espace de vie en un lieu chaleureux et accueillant. D\u00e9couvrez le confort moderne d\u00e8s aujourd&rsquo;hui !<\/p>\n\n\n\n<p><em>ATTENTION, il existe 2 types de plafonds chauffants : \u00e9lectrique ou hydraulique (avec de l\u2019eau). Nous proposons uniquement le syst\u00e8me hydraulique dans lequel nous pouvons faire circuler de l\u2019eau chaude en hiver pour le chauffage et de l\u2019eau fra\u00eeche en \u00e9t\u00e9 pour le rafra\u00eechissement.<\/em><\/p>\n\n\n\n<figure class=\"wp-block-image size-full is-resized\"><img loading=\"lazy\" decoding=\"async\" width=\"866\" height=\"118\" src=\"https:\/\/climenservices.com\/wp-content\/uploads\/2024\/04\/Interligne-blanc.png\" alt=\"\" class=\"wp-image-951\" style=\"width:147px;height:auto\" srcset=\"https:\/\/climenservices.com\/wp-content\/uploads\/2024\/04\/Interligne-blanc.png 866w, https:\/\/climenservices.com\/wp-content\/uploads\/2024\/04\/Interligne-blanc-300x41.png 300w, https:\/\/climenservices.com\/wp-content\/uploads\/2024\/04\/Interligne-blanc-768x105.png 768w\" sizes=\"auto, (max-width: 866px) 100vw, 866px\" \/><\/figure>\n\n\n\n<h4 class=\"wp-block-heading\">Fonctionnalit\u00e9s Principales<\/h4>\n\n\n\n<ul class=\"wp-block-list\">\n<li><strong>Chauffage Efficace<\/strong> : Gr\u00e2ce \u00e0 sa technologie hydraulique (principe de fonctionnement identique \u00e0 celui du plancher chauffant), le plafond chauffant Acosi+ diffuse une chaleur agr\u00e9able et constante dans toute la pi\u00e8ce. Cette chaleur douce est donc diffus\u00e9e du haut vers le bas, permettant par exemple de marcher pieds nus sur le sol chauff\u00e9 via le rayonnement du plafond. La circulation d\u2019eau chaude dans les tubes \u00e0 la temp\u00e9rature ad\u00e9quate permet d\u2019apporter la chaleur n\u00e9cessaire au confort des occupants avec une diff\u00e9rence majeure, la r\u00e9activit\u00e9 est de l&rsquo;ordre de 30 minutes en moyenne contre environ plus de 2 heures avec plancher chauffant.<\/li>\n\n\n\n<li><strong>Un vrai rafraichissement<\/strong> : En \u00e9t\u00e9, le syst\u00e8me peut \u00e9galement \u00eatre utilis\u00e9 pour rafra\u00eechir votre int\u00e9rieur, offrant ainsi un confort optimal toute l&rsquo;ann\u00e9e. Le plafond climatique est beaucoup plus performant qu\u2019un plancher car l\u2019air chaud monte, et l\u2019absorption de la chaleur est bien plus importante au plafond qu\u2019au sol, environ 2 fois plus, permettant ainsi un vrai rafraichissement avec des temp\u00e9ratures proches d\u2019une climatisation classique \u00e0 air puls\u00e9.<\/li>\n\n\n\n<li><strong>Esth\u00e9tique Soign\u00e9e<\/strong> : Invisible et discret, le plafond chauffant s&rsquo;int\u00e8gre parfaitement \u00e0 votre d\u00e9coration int\u00e9rieure, sans encombrer l&rsquo;espace. <span style=\"font-size: revert;\">Cette solution de chauffage par le plafond vous permet aussi de choisir le rev\u00eatement de sol que vous d\u00e9sirez<\/span><span style=\"font-size: revert;\">, sans aucune contrainte technique ou thermique. Vous \u00eates aussi libres d&rsquo;<\/span><span style=\"font-size: revert;\">am\u00e9nager votre pi\u00e8ce avec <\/span>100% d\u2019espace disponible pour le mobilier<span style=\"font-size: revert;\">.<\/span><\/li>\n\n\n\n<li><strong>\u00c9conomie d&rsquo;\u00c9nergie<\/strong> : Con\u00e7u pour \u00eatre \u00e9co\u00e9nerg\u00e9tique, il permet de r\u00e9duire vos factures de chauffage tout en pr\u00e9servant l&rsquo;environnement. Car contrairement \u00e0 un plancher chauffant, toute la surface de la pi\u00e8ce permet de diffuser la chaleur efficacement sans obstacles tels que les tapis, les meubles, les lits \u2026etc.. &nbsp;et rend donc le syst\u00e8me beaucoup plus performant et plus \u00e9conomique \u00e0 l\u2019usage.<\/li>\n<\/ul>\n\n\n\n<figure class=\"wp-block-image size-full is-resized\"><img loading=\"lazy\" decoding=\"async\" width=\"866\" height=\"118\" src=\"https:\/\/climenservices.com\/wp-content\/uploads\/2024\/04\/Interligne-blanc.png\" alt=\"\" class=\"wp-image-951\" style=\"width:147px;height:auto\" srcset=\"https:\/\/climenservices.com\/wp-content\/uploads\/2024\/04\/Interligne-blanc.png 866w, https:\/\/climenservices.com\/wp-content\/uploads\/2024\/04\/Interligne-blanc-300x41.png 300w, https:\/\/climenservices.com\/wp-content\/uploads\/2024\/04\/Interligne-blanc-768x105.png 768w\" sizes=\"auto, (max-width: 866px) 100vw, 866px\" \/><\/figure>\n\n\n\n<h4 class=\"wp-block-heading\"><strong>Avantages du Plafond Chauffant Acosi+<\/strong><\/h4>\n\n\n\n<ul class=\"wp-block-list\">\n<li><strong>Confort Optimal<\/strong>&nbsp;: La chaleur rayonnante procure une sensation de bien-\u00eatre in\u00e9gal\u00e9e.<\/li>\n\n\n\n<li><strong>Installation Facile<\/strong>&nbsp;: S&rsquo;adapte \u00e0 tous types de b\u00e2timents, qu&rsquo;il s&rsquo;agisse de nouvelles constructions ou de r\u00e9novations.<\/li>\n\n\n\n<li><strong>Silencieux<\/strong>&nbsp;: Fonctionne sans bruit, garantissant un environnement paisible.<\/li>\n\n\n\n<li><strong>Durabilit\u00e9<\/strong>&nbsp;: Fabriqu\u00e9 avec des mat\u00e9riaux de haute qualit\u00e9, le plafond chauffant Acosi+ est con\u00e7u pour durer.<\/li>\n\n\n\n<li><strong>Technique<\/strong> : <span style=\"font-size: revert;\">Un support isolant et l\u00e9ger (convient \u00e0 toutes les structures de plafond sans renfort) &#8211; Un d<\/span><span style=\"font-size: revert;\">iffuseur en aluminium \u00e9pais permettant une bonne conduction thermique (VS les versions avec seulement un film d\u2019aluminium) &#8211;<span style=\"font-size: revert;\">&nbsp;Des empreintes droite et virages permettant une exploitation maximum de la surface de plafond (VS les versions qui traitent uniquement les passages droits avec les boucles dans le vide)<\/span><br><\/span><\/li>\n<\/ul>\n\n\n\n<figure class=\"wp-block-image size-large\"><img loading=\"lazy\" decoding=\"async\" width=\"1024\" height=\"440\" src=\"https:\/\/climenservices.com\/wp-content\/uploads\/2025\/03\/Cuisine-depuis-salon-1-1024x440.jpeg\" alt=\"\" class=\"wp-image-1560\" srcset=\"https:\/\/climenservices.com\/wp-content\/uploads\/2025\/03\/Cuisine-depuis-salon-1-1024x440.jpeg 1024w, https:\/\/climenservices.com\/wp-content\/uploads\/2025\/03\/Cuisine-depuis-salon-1-300x129.jpeg 300w, https:\/\/climenservices.com\/wp-content\/uploads\/2025\/03\/Cuisine-depuis-salon-1-768x330.jpeg 768w, https:\/\/climenservices.com\/wp-content\/uploads\/2025\/03\/Cuisine-depuis-salon-1-1536x660.jpeg 1536w, https:\/\/climenservices.com\/wp-content\/uploads\/2025\/03\/Cuisine-depuis-salon-1-2048x880.jpeg 2048w\" sizes=\"auto, (max-width: 1024px) 100vw, 1024px\" \/><\/figure>\n\n\n\n<figure class=\"wp-block-image size-full is-resized\"><img loading=\"lazy\" decoding=\"async\" width=\"866\" height=\"118\" src=\"https:\/\/climenservices.com\/wp-content\/uploads\/2024\/04\/Interligne-blanc.png\" alt=\"\" class=\"wp-image-951\" style=\"width:147px;height:auto\" srcset=\"https:\/\/climenservices.com\/wp-content\/uploads\/2024\/04\/Interligne-blanc.png 866w, https:\/\/climenservices.com\/wp-content\/uploads\/2024\/04\/Interligne-blanc-300x41.png 300w, https:\/\/climenservices.com\/wp-content\/uploads\/2024\/04\/Interligne-blanc-768x105.png 768w\" sizes=\"auto, (max-width: 866px) 100vw, 866px\" \/><\/figure>\n\n\n\n<h4 class=\"wp-block-heading\">Applications<\/h4>\n\n\n\n<p>Le plafond chauffant climatique Acosi+ est id\u00e9al pour :<\/p>\n\n\n\n<ul class=\"wp-block-list\">\n<li><strong>Les maisons individuelles<\/strong><\/li>\n\n\n\n<li><strong>Les appartements<\/strong><\/li>\n<\/ul>\n\n\n\n<figure class=\"wp-block-image size-full is-resized\"><img loading=\"lazy\" decoding=\"async\" width=\"866\" height=\"118\" src=\"https:\/\/climenservices.com\/wp-content\/uploads\/2024\/04\/Interligne-blanc.png\" alt=\"\" class=\"wp-image-951\" style=\"width:147px;height:auto\" srcset=\"https:\/\/climenservices.com\/wp-content\/uploads\/2024\/04\/Interligne-blanc.png 866w, https:\/\/climenservices.com\/wp-content\/uploads\/2024\/04\/Interligne-blanc-300x41.png 300w, https:\/\/climenservices.com\/wp-content\/uploads\/2024\/04\/Interligne-blanc-768x105.png 768w\" sizes=\"auto, (max-width: 866px) 100vw, 866px\" \/><\/figure>\n\n\n\n<h4 class=\"wp-block-heading has-text-align-left\">Concr\u00e8tement \u00e7a ressemble \u00e0 quoi ?<\/h4>\n\n\n\n<p>Une fois pos\u00e9, on ne remarque rien de sp\u00e9cial, le plafond est d\u2019aspect normal, comme un plafond classique.<\/p>\n\n\n\n<p>L\u2019\u00e9metteur est une plaque d\u2019isolant sur laquelle est coll\u00e9 un r\u00e9flecteur en aluminium \u00e9pais muni de gorges dans lesquelles viennent se \u00ab&nbsp;clipser&nbsp;\u00bb les tubes sp\u00e9cifiques (PER \u00f816).<\/p>\n\n\n\n<figure class=\"wp-block-image size-full is-resized\"><img loading=\"lazy\" decoding=\"async\" width=\"1024\" height=\"312\" src=\"https:\/\/climenservices.com\/wp-content\/uploads\/2024\/03\/ACOSI.jpg\" alt=\"\" class=\"wp-image-740\" srcset=\"https:\/\/climenservices.com\/wp-content\/uploads\/2024\/03\/ACOSI.jpg 1024w, https:\/\/climenservices.com\/wp-content\/uploads\/2024\/03\/ACOSI-300x91.jpg 300w, https:\/\/climenservices.com\/wp-content\/uploads\/2024\/03\/ACOSI-768x234.jpg 768w\" sizes=\"auto, (max-width: 1024px) 100vw, 1024px\" \/><\/figure>\n\n\n\n<p>Il se fixe sur l\u2019ossature m\u00e9tallique ou en bois sur les parois plafonds et est ensuite recouvert par les plaques de pl\u00e2tre standard (type BA13) qui devient la surface rayonnante.<\/p>\n\n\n\n<figure class=\"wp-block-image size-large\"><img loading=\"lazy\" decoding=\"async\" width=\"1024\" height=\"423\" src=\"https:\/\/climenservices.com\/wp-content\/uploads\/2025\/03\/Vue-coupe-plafond-chauffant-1024x423.png\" alt=\"\" class=\"wp-image-1562\" srcset=\"https:\/\/climenservices.com\/wp-content\/uploads\/2025\/03\/Vue-coupe-plafond-chauffant-1024x423.png 1024w, https:\/\/climenservices.com\/wp-content\/uploads\/2025\/03\/Vue-coupe-plafond-chauffant-300x124.png 300w, https:\/\/climenservices.com\/wp-content\/uploads\/2025\/03\/Vue-coupe-plafond-chauffant-768x318.png 768w, https:\/\/climenservices.com\/wp-content\/uploads\/2025\/03\/Vue-coupe-plafond-chauffant.png 1236w\" sizes=\"auto, (max-width: 1024px) 100vw, 1024px\" \/><\/figure>\n\n\n\n<h4 class=\"wp-block-heading\">R\u00e9compens\u00e9s en 2019<\/h4>\n\n\n\n<figure class=\"wp-block-embed is-type-wp-embed is-provider-thermacome wp-block-embed-thermacome\">\n<div class=\"wp-block-embed__wrapper\"><iframe loading=\"lazy\" class=\"wp-embedded-content\" title=\"\u00ab&nbsp;TROPH\u00c9ES PROJETS D\u2019ARTISANS 2019 : CLIMENSERVICES LAUR\u00c9AT AVEC UN CHANTIER DE PLAFOND CLIMATIQUE&nbsp;\u00bb \u2014 Thermacome\" src=\"https:\/\/thermacome.fr\/trophees-projets-dartisans-2019-climenservices-laureat-avec-un-chantier-de-plafond-climatique\/embed\/#?secret=RSaIMqVZnI#?secret=wWOzk5oAfQ\" width=\"600\" height=\"505\" frameborder=\"0\" marginwidth=\"0\" marginheight=\"0\" scrolling=\"no\" sandbox=\"allow-scripts\" data-secret=\"wWOzk5oAfQ\" data-mce-fragment=\"1\"><\/iframe><\/div>\n<\/figure>\n\n\n\n<p><a href=\"https:\/\/www.lemoniteur.fr\/article\/climenservices-rafraichit-une-villa-toulousaine-par-la-loi-d-eau.2056549\">https:\/\/www.lemoniteur.fr\/article\/climenservices-rafraichit-une-villa-toulousaine-par-la-loi-d-eau.2056549<\/a><\/p>\n\n\n\n<p><\/p>\n","protected":false},"excerpt":{"rendered":"<p>Le plafond chauffant climatique est une solution innovante qui allie confort thermique et design moderne. Con\u00e7u pour s&rsquo;int\u00e9grer harmonieusement dans votre espace, ce syst\u00e8me de&hellip;<\/p>\n","protected":false},"author":1,"featured_media":0,"parent":0,"menu_order":0,"comment_status":"closed","ping_status":"closed","template":"","meta":{"footnotes":""},"class_list":["post-1529","page","type-page","status-publish","hentry"],"_links":{"self":[{"href":"https:\/\/climenservices.com\/index.php\/wp-json\/wp\/v2\/pages\/1529","targetHints":{"allow":["GET"]}}],"collection":[{"href":"https:\/\/climenservices.com\/index.php\/wp-json\/wp\/v2\/pages"}],"about":[{"href":"https:\/\/climenservices.com\/index.php\/wp-json\/wp\/v2\/types\/page"}],"author":[{"embeddable":true,"href":"https:\/\/climenservices.com\/index.php\/wp-json\/wp\/v2\/users\/1"}],"replies":[{"embeddable":true,"href":"https:\/\/climenservices.com\/index.php\/wp-json\/wp\/v2\/comments?post=1529"}],"version-history":[{"count":29,"href":"https:\/\/climenservices.com\/index.php\/wp-json\/wp\/v2\/pages\/1529\/revisions"}],"predecessor-version":[{"id":1566,"href":"https:\/\/climenservices.com\/index.php\/wp-json\/wp\/v2\/pages\/1529\/revisions\/1566"}],"wp:attachment":[{"href":"https:\/\/climenservices.com\/index.php\/wp-json\/wp\/v2\/media?parent=1529"}],"curies":[{"name":"wp","href":"https:\/\/api.w.org\/{rel}","templated":true}]}}