{"id":344,"date":"2023-10-31T19:51:24","date_gmt":"2023-10-31T18:51:24","guid":{"rendered":"http:\/\/climenservices.com\/?page_id=344"},"modified":"2026-04-15T14:46:38","modified_gmt":"2026-04-15T12:46:38","slug":"pompe-a-chaleur","status":"publish","type":"page","link":"https:\/\/climenservices.com\/index.php\/pompe-a-chaleur\/","title":{"rendered":"Pompes \u00e0 Chaleur"},"content":{"rendered":"\n<div class=\"wp-block-buttons is-content-justification-center is-layout-flex wp-container-core-buttons-is-layout-51f7783f wp-block-buttons-is-layout-flex\">\n<div class=\"wp-block-button\"><a class=\"wp-block-button__link wp-element-button\" href=\"https:\/\/climenservices.com\/index.php\/pompe-a-chaleur-air-eau\/\">PAC Air \/ Eau EXT<\/a><\/div>\n\n\n\n<div class=\"wp-block-button\"><a class=\"wp-block-button__link wp-element-button\" href=\"https:\/\/climenservices.com\/index.php\/pompe-a-chaleur-air-eau-interieure\/\">Pac Air \/ Eau INT<\/a><\/div>\n\n\n\n<div class=\"wp-block-button\"><a class=\"wp-block-button__link wp-element-button\" href=\"https:\/\/climenservices.com\/index.php\/pompe-a-chaleur-geothermie\/\">PAC Eau \/ Eau<\/a><\/div>\n<\/div>\n\n\n\n<figure class=\"wp-block-image size-full is-resized\"><img fetchpriority=\"high\" decoding=\"async\" width=\"866\" height=\"118\" src=\"https:\/\/climenservices.com\/wp-content\/uploads\/2024\/04\/Interligne-blanc.png\" alt=\"\" class=\"wp-image-951\" style=\"width:220px;height:auto\" srcset=\"https:\/\/climenservices.com\/wp-content\/uploads\/2024\/04\/Interligne-blanc.png 866w, https:\/\/climenservices.com\/wp-content\/uploads\/2024\/04\/Interligne-blanc-300x41.png 300w, https:\/\/climenservices.com\/wp-content\/uploads\/2024\/04\/Interligne-blanc-768x105.png 768w\" sizes=\"(max-width: 866px) 100vw, 866px\" \/><\/figure>\n\n\n\n<figure class=\"wp-block-image size-large\"><img decoding=\"async\" width=\"1024\" height=\"419\" src=\"https:\/\/climenservices.com\/wp-content\/uploads\/2024\/04\/Schema-du-circuit-frigorifique-PAC-1024x419.png\" alt=\"\" class=\"wp-image-1082\" srcset=\"https:\/\/climenservices.com\/wp-content\/uploads\/2024\/04\/Schema-du-circuit-frigorifique-PAC-1024x419.png 1024w, https:\/\/climenservices.com\/wp-content\/uploads\/2024\/04\/Schema-du-circuit-frigorifique-PAC-300x123.png 300w, https:\/\/climenservices.com\/wp-content\/uploads\/2024\/04\/Schema-du-circuit-frigorifique-PAC-768x315.png 768w, https:\/\/climenservices.com\/wp-content\/uploads\/2024\/04\/Schema-du-circuit-frigorifique-PAC.png 1472w\" sizes=\"(max-width: 1024px) 100vw, 1024px\" \/><\/figure>\n\n\n\n<h4 class=\"wp-block-heading has-text-align-center\"><strong>Le fonctionnement d\u2019une pompe \u00e0 chaleur<\/strong><\/h4>\n\n\n\n<p>Une pompe \u00e0 chaleur capte les calories dans l\u2019air (a\u00e9rothermie) ou dans le sol (g\u00e9othermie) \u00e0 l&rsquo;\u00e9vaporateur, et les transmet au circuit de chauffage au travers d\u2019un \u00e9changeur, le condenseur.<\/p>\n\n\n\n<p>Ce transfert est possible gr\u00e2ce aux propri\u00e9t\u00e9s du fluide frigorig\u00e8ne qui par son changement d\u2019\u00e9tat (gazeux ou liquide) permet cette op\u00e9ration via le compresseur et le d\u00e9tendeur.&nbsp;<\/p>\n\n\n\n<p>Le compresseur aspire du gaz en basse pression (froid) et le refoule en haute pression (chaud).<\/p>\n\n\n\n<p>Le gaz chaud c\u00e8de sa chaleur en se condensant pour passer \u00e0 l\u2019\u00e9tat liquide, c\u2019est cette chaleur qui est r\u00e9cup\u00e9r\u00e9e pour chauffer la maison.<\/p>\n\n\n\n<p>Le gaz liquide arrive sur un d\u00e9tendeur qui vaporise ce gaz et lui permet de passer de haute pression \u00e0 basse pression.&nbsp;<\/p>\n\n\n\n<p>Le gaz absorbe les calories de l\u2019air ou de l\u2019eau pour se vaporiser et retourner \u00e0 l\u2019\u00e9tat gazeux au compresseur.<\/p>\n\n\n\n<p>Ainsi le cycle se perp\u00e9tue et le gaz absorbe les calories d\u2019un c\u00f4t\u00e9 et les transf\u00e8re de l\u2019autre.<\/p>\n\n\n\n<figure class=\"wp-block-image size-full is-resized\"><img decoding=\"async\" width=\"866\" height=\"118\" src=\"https:\/\/climenservices.com\/wp-content\/uploads\/2024\/04\/Interligne-blanc.png\" alt=\"\" class=\"wp-image-951\" style=\"width:213px;height:auto\" srcset=\"https:\/\/climenservices.com\/wp-content\/uploads\/2024\/04\/Interligne-blanc.png 866w, https:\/\/climenservices.com\/wp-content\/uploads\/2024\/04\/Interligne-blanc-300x41.png 300w, https:\/\/climenservices.com\/wp-content\/uploads\/2024\/04\/Interligne-blanc-768x105.png 768w\" sizes=\"(max-width: 866px) 100vw, 866px\" \/><\/figure>\n\n\n\n<h4 class=\"wp-block-heading has-text-align-center\">\u00c9conomique, \u00e9cologique\u2026<\/h4>\n\n\n\n<p>La Pompe \u00e0 Chaleur est une r\u00e9ponse pertinente \u00e0 tous les enjeux \u00e9conomiques et \u00e9cologiques actuels.&nbsp;Elle peut subvenir aux besoins de chauffage et de production d\u2019eau chaude sanitaire. Dans certaines conditions, elle peut \u00e9galement apporter du rafra\u00eechissement l\u2019\u00e9t\u00e9 lors des \u00ab&nbsp;grandes chaleurs&nbsp;\u00bb, qui deviennent de plus en plus fr\u00e9quentes.&nbsp;Cette technologie est adapt\u00e9e&nbsp;aux&nbsp;constructions&nbsp;neuves&nbsp;comme aux&nbsp;r\u00e9novations.&nbsp;La pompe \u00e0 chaleur s\u2019installe \u00e0 l\u2019ext\u00e9rieur&nbsp;la plus-part du temps, mais peut aussi trouver sa place \u00e0&nbsp;l\u2019int\u00e9rieur&nbsp;(air\/eau et eau\/eau) en fonction des contraintes techniques, esth\u00e9tiques ou environnementales.<\/p>\n\n\n\n<figure class=\"wp-block-image size-full is-resized\"><img fetchpriority=\"high\" decoding=\"async\" width=\"866\" height=\"118\" src=\"https:\/\/climenservices.com\/wp-content\/uploads\/2024\/04\/Interligne-blanc.png\" alt=\"\" class=\"wp-image-951\" style=\"width:220px;height:auto\" srcset=\"https:\/\/climenservices.com\/wp-content\/uploads\/2024\/04\/Interligne-blanc.png 866w, https:\/\/climenservices.com\/wp-content\/uploads\/2024\/04\/Interligne-blanc-300x41.png 300w, https:\/\/climenservices.com\/wp-content\/uploads\/2024\/04\/Interligne-blanc-768x105.png 768w\" sizes=\"(max-width: 866px) 100vw, 866px\" \/><\/figure>\n\n\n\n<h4 class=\"wp-block-heading has-text-align-center\">Performante<\/h4>\n\n\n\n<p>C\u00f4t\u00e9 performances,&nbsp;un excellent bilan \u00e9nerg\u00e9tique, avec des \u00e9tiquettes Energie jusqu\u2019\u00e0 A+++.&nbsp;<em>\u00ab&nbsp;Remplacer une chaudi\u00e8re au fioul par une PAC permet de substituer \u00e0 4 kWh de combustible fossile, 1 kWh d\u2019\u00e9lectricit\u00e9 et 3 kWh de chaleur renouvelable gratuite pr\u00e9lev\u00e9e sur l\u2019environnement (air, sol, nappe phr\u00e9atique)&nbsp;\u00bb<\/em>. Avec son vecteur eau,&nbsp;la pompe \u00e0 chaleur est capable de venir s\u2019installer sur n\u2019importe quel circuit de chauffage&nbsp;sans modification importante du r\u00e9seau.<\/p>\n\n\n\n<figure class=\"wp-block-image size-full is-resized\"><img fetchpriority=\"high\" decoding=\"async\" width=\"866\" height=\"118\" src=\"https:\/\/climenservices.com\/wp-content\/uploads\/2024\/04\/Interligne-blanc.png\" alt=\"\" class=\"wp-image-951\" style=\"width:220px;height:auto\" srcset=\"https:\/\/climenservices.com\/wp-content\/uploads\/2024\/04\/Interligne-blanc.png 866w, https:\/\/climenservices.com\/wp-content\/uploads\/2024\/04\/Interligne-blanc-300x41.png 300w, https:\/\/climenservices.com\/wp-content\/uploads\/2024\/04\/Interligne-blanc-768x105.png 768w\" sizes=\"(max-width: 866px) 100vw, 866px\" \/><\/figure>\n\n\n\n<h4 class=\"wp-block-heading has-text-align-center\">Le dimensionnement d\u2019une pompe \u00e0 chaleur<\/h4>\n\n\n\n<p>Le dimensionnement de la PAC est crucial et n\u00e9cessite une&nbsp;<a href=\"https:\/\/www.cotemaison.fr\/energie-chauffage-climatisation\/dpe-diagnostic-de-performance-energetique-et-etude-thermique-pour-quoi-faire_13782.html\">\u00e9tude thermique<\/a>&nbsp;approfondie.&nbsp;<\/p>\n\n\n\n<p>Trop puissante, une PAC effectue des cycles courts et d\u00e9marre souvent avec des risques de surcharges \u00e9lectriques, d&rsquo;o\u00f9 une dur\u00e9e de vie \u00e9court\u00e9e.&nbsp;<\/p>\n\n\n\n<p>Pas assez puissante, elle givre rapidement (\u00e9vaporateur ext\u00e9rieur) et ne chauffe pas assez : l&rsquo;appoint prend la rel\u00e8ve trop fr\u00e9quemment.&nbsp;<\/p>\n\n\n\n<p>La PAC, moyenne ou haute temp\u00e9rature, couvre la totalit\u00e9 des besoins et l\u2019appoint (\u00e9lectrique ou chaudi\u00e8re conserv\u00e9e) ne fonctionne qu&rsquo;en cas de froid polaire persistant ou de probl\u00e8me technique.&nbsp;<\/p>\n\n\n\n<p>Une&nbsp;PAC air-eau&nbsp;doit disposer d&rsquo;une puissance \u00e9gale ou l\u00e9g\u00e8rement sup\u00e9rieure \u00e0 70 % ou 80 % des d\u00e9perditions de la maison \u00e0 la temp\u00e9rature de base suivant les technologies. En fonctionnement simultan\u00e9 avec l\u2019appoint \u00e9lectrique,&nbsp;elle doit couvrir 120 % des d\u00e9perditions. Cette puissance doit \u00eatre d\u00e9livr\u00e9 \u00e0 la temp\u00e9rature de d\u00e9part adapt\u00e9 aux \u00e9metteurs du logement.<\/p>\n\n\n\n<p class=\"has-text-align-center\"><strong>Formule&nbsp;: P = V x DT x G<\/strong><\/p>\n\n\n\n<p>Pour&nbsp;estimer rapidement la puissance n\u00e9cessaire d&rsquo;une pompe \u00e0 chaleur P, il faut multiplier le volume du logement&nbsp;<strong>V<\/strong>&nbsp;en m3, par le coefficient de construction&nbsp;<strong>G<\/strong>&nbsp;ainsi que l&rsquo;\u00e9cart de temp\u00e9rature entre la temp\u00e9rature de base ext\u00e9rieure et la temp\u00e9rature int\u00e9rieure&nbsp;<strong>DT<\/strong>.&nbsp;<\/p>\n\n\n\n<figure class=\"wp-block-image size-full is-resized\"><img fetchpriority=\"high\" decoding=\"async\" width=\"866\" height=\"118\" src=\"https:\/\/climenservices.com\/wp-content\/uploads\/2024\/04\/Interligne-blanc.png\" alt=\"\" class=\"wp-image-951\" style=\"width:220px;height:auto\" srcset=\"https:\/\/climenservices.com\/wp-content\/uploads\/2024\/04\/Interligne-blanc.png 866w, https:\/\/climenservices.com\/wp-content\/uploads\/2024\/04\/Interligne-blanc-300x41.png 300w, https:\/\/climenservices.com\/wp-content\/uploads\/2024\/04\/Interligne-blanc-768x105.png 768w\" sizes=\"(max-width: 866px) 100vw, 866px\" \/><\/figure>\n\n\n\n<h4 class=\"wp-block-heading has-text-align-center\">Utilisation d&rsquo;antigel dans les circuits de chauffage ou de refroidissement<\/h4>\n\n\n\n<p>L\u2019antigel le plus fr\u00e9quemment utilis\u00e9 dans le domaine du chauffage est le monopropyl\u00e8ne pour ses propri\u00e9t\u00e9s.<\/p>\n\n\n\n<p>L&rsquo;eau pure g\u00e8le \u00e0 0 \u00b0C, tandis qu\u2019un m\u00e9lange avec un monopropyl\u00e8ne glycol permet de repousser cette valeur \u00e0 -25\u00b0C.<\/p>\n\n\n\n<p>Il est donc fr\u00e9quent, suivant les fabricants de pompes \u00e0 chaleur, d\u2019avoir recours \u00e0 un m\u00e9lange eau \/ glycol pour prot\u00e9ger les \u00e9changeurs du gel, soit en mode rafraichissement soit en mode captage pour les pompes \u00e0 chaleur g\u00e9othermiques.<\/p>\n\n\n\n<p>L\u2019inconv\u00e9nient du glycol est qu\u2019il se d\u00e9t\u00e9riore au fil du temps. De ce fait il a une dur\u00e9e de vie limit\u00e9e et il devra \u00eatre remplac\u00e9e plusieurs fois sur la dur\u00e9e de vie de la pompe \u00e0 chaleur. Les r\u00e8glements sanitaires d\u00e9partementaux interdisant son rejet \u00e0 l\u2019\u00e9gout, ce dernier devra \u00eatre r\u00e9cup\u00e9r\u00e9 pour \u00eatre recycl\u00e9 ce qui pr\u00e9sente un co\u00fbt important.<\/p>\n\n\n\n<figure class=\"wp-block-image size-full is-resized\"><img fetchpriority=\"high\" decoding=\"async\" width=\"866\" height=\"118\" src=\"https:\/\/climenservices.com\/wp-content\/uploads\/2024\/04\/Interligne-blanc.png\" alt=\"\" class=\"wp-image-951\" style=\"width:220px;height:auto\" srcset=\"https:\/\/climenservices.com\/wp-content\/uploads\/2024\/04\/Interligne-blanc.png 866w, https:\/\/climenservices.com\/wp-content\/uploads\/2024\/04\/Interligne-blanc-300x41.png 300w, https:\/\/climenservices.com\/wp-content\/uploads\/2024\/04\/Interligne-blanc-768x105.png 768w\" sizes=\"(max-width: 866px) 100vw, 866px\" \/><\/figure>\n\n\n\n<h4 class=\"wp-block-heading has-text-align-center\">Le coefficient de performance (COP)<\/h4>\n\n\n\n<p>La performance \u00e9nerg\u00e9tique d\u2019une pompe \u00e0 chaleur se traduit par le rapport entre la quantit\u00e9 de chaleur produite par celle-ci et l\u2019\u00e9nergie \u00e9lectrique consomm\u00e9e par le compresseur. Ce rapport est le coefficient de performance (COP) de la pompe \u00e0 chaleur g\u00e9othermique. Le COP ou coefficient de performance est de l\u2019ordre de 5 sur les mod\u00e8les de pompe \u00e0 chaleur g\u00e9othermiques install\u00e9s actuellement (cela signifie que pour 1 kW d\u2019\u00e9lectricit\u00e9 consomm\u00e9e, la maison recevra 5 kW de chaleur).<\/p>\n\n\n\n<p>Les syst\u00e8mes les plus performants ont des COP de 7, souvent en g\u00e9othermie. <\/p>\n\n\n\n<p>Les syst\u00e8mes \u00e0 air, un peu moins performants, ont des COP variant de 2 \u00e0 5,20.<\/p>\n\n\n\n<figure class=\"wp-block-image size-full is-resized\"><img fetchpriority=\"high\" decoding=\"async\" width=\"866\" height=\"118\" src=\"https:\/\/climenservices.com\/wp-content\/uploads\/2024\/04\/Interligne-blanc.png\" alt=\"\" class=\"wp-image-951\" style=\"width:220px;height:auto\" srcset=\"https:\/\/climenservices.com\/wp-content\/uploads\/2024\/04\/Interligne-blanc.png 866w, https:\/\/climenservices.com\/wp-content\/uploads\/2024\/04\/Interligne-blanc-300x41.png 300w, https:\/\/climenservices.com\/wp-content\/uploads\/2024\/04\/Interligne-blanc-768x105.png 768w\" sizes=\"(max-width: 866px) 100vw, 866px\" \/><\/figure>\n\n\n\n<h4 class=\"wp-block-heading has-text-align-center\">Quels type de tuyauterie ?<\/h4>\n\n\n\n<p>L\u2019<strong>acier<\/strong>&nbsp;est un alliage de fer et de carbone, auquel on donne, par traitement m\u00e9canique ou thermique, des propri\u00e9t\u00e9s vari\u00e9es (mall\u00e9abilit\u00e9, r\u00e9sistance), tr\u00e8s largement utilis\u00e9 en r\u00e9sidentiel pour les applications de radiateurs dans les ann\u00e9es 80, il c\u00e8de aujourd\u2019hui sa place au PER ou au cuivre. Il est cependant utilis\u00e9 dans les gros diam\u00e8tres car son co\u00fbt est bien inf\u00e9rieur \u00e0 celui du cuivre. En revanche les raccordements sont moins ais\u00e9s.<\/p>\n\n\n\n<p>Le&nbsp;<strong>PER<\/strong>&nbsp;(Poly\u00e9thyl\u00e8ne R\u00e9ticul\u00e9 haute densit\u00e9) est un mat\u00e9riau plastique souvent utilis\u00e9 en plomberie et en chauffage pour les plafonds climatiques et planchers chauffants. Le diam\u00e8tre le plus couramment utilis\u00e9 est le \u00f8 25 mm ce qui limite son utilisation pour les pompes \u00e0 chaleur. Il a l\u2019avantage d\u2019avoir un excellent rendu une fois pos\u00e9 mais pr\u00e9sente des inconv\u00e9nients en utilisation chauffage \u00e0 cause des raccords qui r\u00e9duisent les sections de passage de l\u2019eau et cr\u00e9ent de la perte de charge (ph\u00e9nom\u00e8ne qui n&rsquo;est pas perceptible en utilisation plomberie).<\/p>\n\n\n\n<p>Le&nbsp;<strong>cuivre&nbsp;<\/strong>est un m\u00e9tal qui conduit bien la chaleur. Il r\u00e9siste \u00e0 l&rsquo;air et \u00e0 l&rsquo;eau mais se patine lentement en pr\u00e9sence de carbonate. Tr\u00e8s largement utilis\u00e9 dans les pompes \u00e0 chaleur car disponible dans beaucoup de diam\u00e8tres. Il a aujourd\u2019hui un co\u00fbt \u00e9lev\u00e9. Il reste cependant notre mat\u00e9riau pr\u00e9f\u00e9r\u00e9 pour une qualit\u00e9 irr\u00e9prochable.<\/p>\n\n\n\n<p>Le&nbsp;<strong>multicouche<\/strong>&nbsp;est&nbsp;une solution de raccordement en eau pour tous les \u00e9l\u00e9ments sanitaires de la maison. Ce produit combine certains des avantages du PER et du cuivre gr\u00e2ce \u00e0 sa composition faite de plusieurs mat\u00e9riaux.<\/p>\n","protected":false},"excerpt":{"rendered":"<p>Le fonctionnement d\u2019une pompe \u00e0 chaleur Une pompe \u00e0 chaleur capte les calories dans l\u2019air (a\u00e9rothermie) ou dans le sol (g\u00e9othermie) \u00e0 l&rsquo;\u00e9vaporateur, et les&hellip;<\/p>\n","protected":false},"author":1,"featured_media":0,"parent":0,"menu_order":0,"comment_status":"closed","ping_status":"closed","template":"","meta":{"footnotes":""},"class_list":["post-344","page","type-page","status-publish","hentry"],"_links":{"self":[{"href":"https:\/\/climenservices.com\/index.php\/wp-json\/wp\/v2\/pages\/344","targetHints":{"allow":["GET"]}}],"collection":[{"href":"https:\/\/climenservices.com\/index.php\/wp-json\/wp\/v2\/pages"}],"about":[{"href":"https:\/\/climenservices.com\/index.php\/wp-json\/wp\/v2\/types\/page"}],"author":[{"embeddable":true,"href":"https:\/\/climenservices.com\/index.php\/wp-json\/wp\/v2\/users\/1"}],"replies":[{"embeddable":true,"href":"https:\/\/climenservices.com\/index.php\/wp-json\/wp\/v2\/comments?post=344"}],"version-history":[{"count":19,"href":"https:\/\/climenservices.com\/index.php\/wp-json\/wp\/v2\/pages\/344\/revisions"}],"predecessor-version":[{"id":1599,"href":"https:\/\/climenservices.com\/index.php\/wp-json\/wp\/v2\/pages\/344\/revisions\/1599"}],"wp:attachment":[{"href":"https:\/\/climenservices.com\/index.php\/wp-json\/wp\/v2\/media?parent=344"}],"curies":[{"name":"wp","href":"https:\/\/api.w.org\/{rel}","templated":true}]}}