{"id":346,"date":"2023-10-31T19:52:12","date_gmt":"2023-10-31T18:52:12","guid":{"rendered":"http:\/\/climenservices.com\/?page_id=346"},"modified":"2024-08-06T17:41:52","modified_gmt":"2024-08-06T15:41:52","slug":"climatisation","status":"publish","type":"page","link":"https:\/\/climenservices.com\/index.php\/climatisation\/","title":{"rendered":"Climatisation"},"content":{"rendered":"\n<h4 class=\"wp-block-heading has-text-align-center\"><\/h4>\n\n\n\n<div class=\"wp-block-buttons is-content-justification-center is-layout-flex wp-container-core-buttons-is-layout-16018d1d wp-block-buttons-is-layout-flex\">\n<div class=\"wp-block-button\"><a class=\"wp-block-button__link wp-element-button\" href=\"https:\/\/climenservices.com\/index.php\/splits-et-multisplits\/\">Splits et Multisplits<\/a><\/div>\n\n\n\n<div class=\"wp-block-button\"><a class=\"wp-block-button__link wp-element-button\" href=\"https:\/\/climenservices.com\/index.php\/gainables\/\">Gainables<\/a><\/div>\n\n\n\n<div class=\"wp-block-button\"><a class=\"wp-block-button__link wp-element-button\" href=\"https:\/\/climenservices.com\/index.php\/caves-a-vin\/\">Cave \u00e0 Vin<\/a><\/div>\n\n\n\n<div class=\"wp-block-button\"><a class=\"wp-block-button__link wp-element-button\" href=\"https:\/\/climenservices.com\/index.php\/cache-clim\/\">Cache CLIM<\/a><\/div>\n<\/div>\n\n\n\n<figure class=\"wp-block-image size-full is-resized\"><img loading=\"lazy\" decoding=\"async\" width=\"866\" height=\"118\" src=\"https:\/\/climenservices.com\/wp-content\/uploads\/2024\/04\/Interligne-blanc.png\" alt=\"\" class=\"wp-image-951\" style=\"width:147px;height:auto\" srcset=\"https:\/\/climenservices.com\/wp-content\/uploads\/2024\/04\/Interligne-blanc.png 866w, https:\/\/climenservices.com\/wp-content\/uploads\/2024\/04\/Interligne-blanc-300x41.png 300w, https:\/\/climenservices.com\/wp-content\/uploads\/2024\/04\/Interligne-blanc-768x105.png 768w\" sizes=\"auto, (max-width: 866px) 100vw, 866px\" \/><\/figure>\n\n\n\n<figure class=\"wp-block-image size-full is-resized\"><img loading=\"lazy\" decoding=\"async\" width=\"730\" height=\"230\" src=\"https:\/\/climenservices.com\/wp-content\/uploads\/2024\/08\/Maison-californienne-1-e1722927086527.jpg\" alt=\"\" class=\"wp-image-1396\" style=\"width:839px;height:auto\" srcset=\"https:\/\/climenservices.com\/wp-content\/uploads\/2024\/08\/Maison-californienne-1-e1722927086527.jpg 730w, https:\/\/climenservices.com\/wp-content\/uploads\/2024\/08\/Maison-californienne-1-e1722927086527-300x95.jpg 300w\" sizes=\"auto, (max-width: 730px) 100vw, 730px\" \/><\/figure>\n\n\n\n<figure class=\"wp-block-image size-full is-resized\"><img loading=\"lazy\" decoding=\"async\" width=\"866\" height=\"118\" src=\"https:\/\/climenservices.com\/wp-content\/uploads\/2024\/04\/Interligne-blanc.png\" alt=\"\" class=\"wp-image-951\" style=\"width:147px;height:auto\" srcset=\"https:\/\/climenservices.com\/wp-content\/uploads\/2024\/04\/Interligne-blanc.png 866w, https:\/\/climenservices.com\/wp-content\/uploads\/2024\/04\/Interligne-blanc-300x41.png 300w, https:\/\/climenservices.com\/wp-content\/uploads\/2024\/04\/Interligne-blanc-768x105.png 768w\" sizes=\"auto, (max-width: 866px) 100vw, 866px\" \/><\/figure>\n\n\n\n<h4 class=\"wp-block-heading has-text-align-center\">Des temp\u00e9ratures de plus en plus proches ou sup\u00e9rieures \u00e0 40\u00b0C \u00e0 Toulouse<\/h4>\n\n\n\n<figure class=\"wp-block-image size-large\"><img loading=\"lazy\" decoding=\"async\" width=\"1024\" height=\"101\" src=\"https:\/\/climenservices.com\/wp-content\/uploads\/2024\/04\/Temperature-max-ete-1024x101.png\" alt=\"\" class=\"wp-image-908\" srcset=\"https:\/\/climenservices.com\/wp-content\/uploads\/2024\/04\/Temperature-max-ete-1024x101.png 1024w, https:\/\/climenservices.com\/wp-content\/uploads\/2024\/04\/Temperature-max-ete-300x30.png 300w, https:\/\/climenservices.com\/wp-content\/uploads\/2024\/04\/Temperature-max-ete-768x76.png 768w, https:\/\/climenservices.com\/wp-content\/uploads\/2024\/04\/Temperature-max-ete-1536x151.png 1536w, https:\/\/climenservices.com\/wp-content\/uploads\/2024\/04\/Temperature-max-ete-2048x202.png 2048w\" sizes=\"auto, (max-width: 1024px) 100vw, 1024px\" \/><\/figure>\n\n\n\n<figure class=\"wp-block-image size-full is-resized\"><img loading=\"lazy\" decoding=\"async\" width=\"866\" height=\"118\" src=\"https:\/\/climenservices.com\/wp-content\/uploads\/2024\/04\/Interligne-blanc.png\" alt=\"\" class=\"wp-image-951\" style=\"width:220px;height:auto\" srcset=\"https:\/\/climenservices.com\/wp-content\/uploads\/2024\/04\/Interligne-blanc.png 866w, https:\/\/climenservices.com\/wp-content\/uploads\/2024\/04\/Interligne-blanc-300x41.png 300w, https:\/\/climenservices.com\/wp-content\/uploads\/2024\/04\/Interligne-blanc-768x105.png 768w\" sizes=\"auto, (max-width: 866px) 100vw, 866px\" \/><\/figure>\n\n\n\n<h3 class=\"wp-block-heading has-text-align-center\"><strong>Aujourd&rsquo;hui une n\u00e9cessit\u00e9<\/strong>,  pour le confort et pour la sant\u00e9.<\/h3>\n\n\n\n<p>Avec des \u00e9t\u00e9s de plus en plus chauds, les besoins en climatisation deviennent parfois imp\u00e9ratifs dans certains logements, maisons, appartements, bureaux et commerces.<\/p>\n\n\n\n<p><em>\u00ab\u00a0&lsquo; Il y a 20 ans, une&nbsp;<strong>canicule<\/strong>&nbsp;m\u00e9morable, la plus s\u00e9v\u00e8re jamais enregistr\u00e9e. Celle de 2003. Un&nbsp;<strong>\u00e9t\u00e9 in\u00e9dit&nbsp;<\/strong>en France, avec des fortes temp\u00e9ratures survenues durant la premi\u00e8re quinzaine d\u2019ao\u00fbt. Et surtout une surmortalit\u00e9 qui a touch\u00e9 tout le pays, avec environ 14 800 d\u00e9c\u00e8s entre le 1<sup>er<\/sup>&nbsp;et le 20 ao\u00fbt, rappelle&nbsp;<a href=\"https:\/\/www.santepubliquefrance.fr\/determinants-de-sante\/climat\/fortes-chaleurs-canicule\/documents\/article\/la-vague-de-chaleur-d-aout-2003-que-s-est-il-passe\">Sant\u00e9 publique France<\/a>.<\/em><\/p>\n\n\n\n<p><em>\u00c0&nbsp;<strong>Toulouse<\/strong>, le&nbsp;<strong>record absolu de chaleur<\/strong>&nbsp;a \u00e9t\u00e9 battu ce mercredi 23 ao\u00fbt 2023,&nbsp;<a href=\"https:\/\/actu.fr\/occitanie\/toulouse_31555\/vigilance-rouge-canicule-le-record-absolu-de-temperature-battu-a-toulouse_59997170.html\">avec 42,4\u00b0C affich\u00e9 au thermom\u00e8tre<\/a>. Le dernier record en date dans la Ville rose remontait justement\u2026 \u00e0 2003 avec 40,7\u00b0C le 4 ao\u00fbt.<\/em>\u00a0\u00bb<\/p>\n\n\n\n<p><em>Source : <a href=\"https:\/\/actu.fr\/occitanie\/toulouse_31555\/toulouse-2003-ou-2023-quelle-canicule-a-ete-la-plus-severe-selon-meteo-france_60000605.html\">Actu Toulouse du 26 ao\u00fbt 2023<\/a><\/em><\/p>\n\n\n\n<p>N\u2019oublions pas non plus que les climatiseurs (Pompes \u00e0 Chaleur Air\/Air) sont de tr\u00e8s bons syst\u00e8mes de chauffage pour l\u2019hiver car ils sont aujourd\u2019hui quasiment tous r\u00e9versibles et permettent de r\u00e9aliser d&rsquo;importante \u00e9conomies d&rsquo;\u00e9nergie pour se chauffer.<\/p>\n","protected":false},"excerpt":{"rendered":"<p>Des temp\u00e9ratures de plus en plus proches ou sup\u00e9rieures \u00e0 40\u00b0C \u00e0 Toulouse Aujourd&rsquo;hui une n\u00e9cessit\u00e9, pour le confort et pour la sant\u00e9. Avec des&hellip;<\/p>\n","protected":false},"author":1,"featured_media":0,"parent":0,"menu_order":0,"comment_status":"closed","ping_status":"closed","template":"","meta":{"footnotes":""},"class_list":["post-346","page","type-page","status-publish","hentry"],"_links":{"self":[{"href":"https:\/\/climenservices.com\/index.php\/wp-json\/wp\/v2\/pages\/346","targetHints":{"allow":["GET"]}}],"collection":[{"href":"https:\/\/climenservices.com\/index.php\/wp-json\/wp\/v2\/pages"}],"about":[{"href":"https:\/\/climenservices.com\/index.php\/wp-json\/wp\/v2\/types\/page"}],"author":[{"embeddable":true,"href":"https:\/\/climenservices.com\/index.php\/wp-json\/wp\/v2\/users\/1"}],"replies":[{"embeddable":true,"href":"https:\/\/climenservices.com\/index.php\/wp-json\/wp\/v2\/comments?post=346"}],"version-history":[{"count":52,"href":"https:\/\/climenservices.com\/index.php\/wp-json\/wp\/v2\/pages\/346\/revisions"}],"predecessor-version":[{"id":1461,"href":"https:\/\/climenservices.com\/index.php\/wp-json\/wp\/v2\/pages\/346\/revisions\/1461"}],"wp:attachment":[{"href":"https:\/\/climenservices.com\/index.php\/wp-json\/wp\/v2\/media?parent=346"}],"curies":[{"name":"wp","href":"https:\/\/api.w.org\/{rel}","templated":true}]}}