{"id":422,"date":"2023-11-01T09:24:37","date_gmt":"2023-11-01T08:24:37","guid":{"rendered":"http:\/\/climenservices.com\/?page_id=422"},"modified":"2024-04-19T09:30:27","modified_gmt":"2024-04-19T07:30:27","slug":"installation","status":"publish","type":"page","link":"https:\/\/climenservices.com\/index.php\/installation\/","title":{"rendered":"Installation"},"content":{"rendered":"\n<figure class=\"wp-block-image size-large\"><img loading=\"lazy\" decoding=\"async\" width=\"1024\" height=\"201\" src=\"https:\/\/climenservices.com\/wp-content\/uploads\/2023\/11\/outils-installation-2-1-1024x201.png\" alt=\"\" class=\"wp-image-579\" srcset=\"https:\/\/climenservices.com\/wp-content\/uploads\/2023\/11\/outils-installation-2-1-1024x201.png 1024w, https:\/\/climenservices.com\/wp-content\/uploads\/2023\/11\/outils-installation-2-1-300x59.png 300w, https:\/\/climenservices.com\/wp-content\/uploads\/2023\/11\/outils-installation-2-1-768x151.png 768w, https:\/\/climenservices.com\/wp-content\/uploads\/2023\/11\/outils-installation-2-1-1536x302.png 1536w, https:\/\/climenservices.com\/wp-content\/uploads\/2023\/11\/outils-installation-2-1.png 1994w\" sizes=\"auto, (max-width: 1024px) 100vw, 1024px\" \/><\/figure>\n\n\n\n<figure class=\"wp-block-image size-full is-resized\"><img loading=\"lazy\" decoding=\"async\" width=\"866\" height=\"118\" src=\"https:\/\/climenservices.com\/wp-content\/uploads\/2024\/04\/Interligne-blanc.png\" alt=\"\" class=\"wp-image-951\" style=\"width:220px;height:auto\" srcset=\"https:\/\/climenservices.com\/wp-content\/uploads\/2024\/04\/Interligne-blanc.png 866w, https:\/\/climenservices.com\/wp-content\/uploads\/2024\/04\/Interligne-blanc-300x41.png 300w, https:\/\/climenservices.com\/wp-content\/uploads\/2024\/04\/Interligne-blanc-768x105.png 768w\" sizes=\"auto, (max-width: 866px) 100vw, 866px\" \/><\/figure>\n\n\n\n<h3 class=\"wp-block-heading has-text-align-center\">Le SAVOIR FAIRE<\/h3>\n\n\n\n<p>Avec <strong>plus de 33 ans d&rsquo;exp\u00e9rience<\/strong> dans le domaine de la pompe \u00e0 chaleur et la climatisation, nous saurons vous proposer exactement ce qu&rsquo;il vous faut pour votre projet de chauffage ou de climatisation.<\/p>\n\n\n\n<figure class=\"wp-block-image size-full is-resized\"><img loading=\"lazy\" decoding=\"async\" width=\"866\" height=\"118\" src=\"https:\/\/climenservices.com\/wp-content\/uploads\/2024\/04\/Interligne-blanc.png\" alt=\"\" class=\"wp-image-951\" style=\"width:220px;height:auto\" srcset=\"https:\/\/climenservices.com\/wp-content\/uploads\/2024\/04\/Interligne-blanc.png 866w, https:\/\/climenservices.com\/wp-content\/uploads\/2024\/04\/Interligne-blanc-300x41.png 300w, https:\/\/climenservices.com\/wp-content\/uploads\/2024\/04\/Interligne-blanc-768x105.png 768w\" sizes=\"auto, (max-width: 866px) 100vw, 866px\" \/><\/figure>\n\n\n\n<h3 class=\"wp-block-heading has-text-align-center\">La COMP\u00c9TENCE<\/h3>\n\n\n<div class=\"wp-block-image\">\n<figure class=\"aligncenter size-large is-resized\"><img loading=\"lazy\" decoding=\"async\" width=\"1024\" height=\"793\" src=\"https:\/\/climenservices.com\/wp-content\/uploads\/2023\/11\/RGE-QualiPAC-1024x793.png\" alt=\"\" class=\"wp-image-503\" style=\"width:136px;height:auto\" srcset=\"https:\/\/climenservices.com\/wp-content\/uploads\/2023\/11\/RGE-QualiPAC-1024x793.png 1024w, https:\/\/climenservices.com\/wp-content\/uploads\/2023\/11\/RGE-QualiPAC-300x232.png 300w, https:\/\/climenservices.com\/wp-content\/uploads\/2023\/11\/RGE-QualiPAC-768x595.png 768w, https:\/\/climenservices.com\/wp-content\/uploads\/2023\/11\/RGE-QualiPAC.png 1224w\" sizes=\"auto, (max-width: 1024px) 100vw, 1024px\" \/><\/figure>\n<\/div>\n\n\n<p>Nous sommes agr\u00e9\u00e9s RGE (Reconnu Garant de l&rsquo;Environnement)<\/p>\n\n\n\n<p>Notre <strong>expertise<\/strong> nous permet de vous proposer une s\u00e9lection des mat\u00e9riels les plus fiables et les mieux adapt\u00e9s \u00e0 votre application.<\/p>\n\n\n\n<figure class=\"wp-block-image size-full is-resized\"><img loading=\"lazy\" decoding=\"async\" width=\"866\" height=\"118\" src=\"https:\/\/climenservices.com\/wp-content\/uploads\/2024\/04\/Interligne-blanc.png\" alt=\"\" class=\"wp-image-951\" style=\"width:220px;height:auto\" srcset=\"https:\/\/climenservices.com\/wp-content\/uploads\/2024\/04\/Interligne-blanc.png 866w, https:\/\/climenservices.com\/wp-content\/uploads\/2024\/04\/Interligne-blanc-300x41.png 300w, https:\/\/climenservices.com\/wp-content\/uploads\/2024\/04\/Interligne-blanc-768x105.png 768w\" sizes=\"auto, (max-width: 866px) 100vw, 866px\" \/><\/figure>\n\n\n\n<h3 class=\"wp-block-heading has-text-align-center\">Un INTERLOCUTEUR UNIQUE<\/h3>\n\n\n\n<p><strong>Depuis l&rsquo;\u00e9tude<\/strong> de votre projet de chauffage ou de climatisation, je vous rencontre, sur site pour les b\u00e2timents existants ou au bureau pour vos projets de construction neuve.<\/p>\n\n\n\n<p>Je suis \u00e0 votre \u00e9coute pour r\u00e9pondre pr\u00e9cis\u00e9ment \u00e0 vos attentes.<\/p>\n\n\n\n<p>J&rsquo;\u00e9tudie ensuite les diff\u00e9rentes possibilit\u00e9s et vous propose la, ou les solutions les mieux adapt\u00e9es.<\/p>\n\n\n\n<p>D\u00e8s que vous validez votre choix, nous d\u00e9finissons le mat\u00e9riel \u00e0 installer et assurons sa fourniture, sa mise en place avec nos techniciens frigoristes qualifi\u00e9s, puis la mise en main lors de <strong>la livraison.<\/strong><\/p>\n\n\n\n<p>Je suis et je reste votre interlocuteur unique et privil\u00e9gi\u00e9 tout au long du chantier.<\/p>\n\n\n\n<p>Jean-Fran\u00e7ois LAMARCHE<\/p>\n\n\n\n<p><\/p>\n","protected":false},"excerpt":{"rendered":"<p>+ de 33 ans d&rsquo;exp\u00e9rience en<br \/>\nClimatisation, split gainables<br \/>\nPAC Air\/Eau ext\u00e9rieure et int\u00e9rieure<br \/>\nPlafond Chauffant Raffraichissant<br \/>\nPAC G\u00e9othermie Eau\/Eau et Sol\/Eau<br \/>\nPAC Piscine et d\u00e9shumidificateur<br \/>\nECS Thermodynamique et \u00e9l\u00e9ctrique<\/p>\n","protected":false},"author":1,"featured_media":0,"parent":0,"menu_order":0,"comment_status":"closed","ping_status":"closed","template":"","meta":{"footnotes":""},"class_list":["post-422","page","type-page","status-publish","hentry"],"_links":{"self":[{"href":"https:\/\/climenservices.com\/index.php\/wp-json\/wp\/v2\/pages\/422","targetHints":{"allow":["GET"]}}],"collection":[{"href":"https:\/\/climenservices.com\/index.php\/wp-json\/wp\/v2\/pages"}],"about":[{"href":"https:\/\/climenservices.com\/index.php\/wp-json\/wp\/v2\/types\/page"}],"author":[{"embeddable":true,"href":"https:\/\/climenservices.com\/index.php\/wp-json\/wp\/v2\/users\/1"}],"replies":[{"embeddable":true,"href":"https:\/\/climenservices.com\/index.php\/wp-json\/wp\/v2\/comments?post=422"}],"version-history":[{"count":24,"href":"https:\/\/climenservices.com\/index.php\/wp-json\/wp\/v2\/pages\/422\/revisions"}],"predecessor-version":[{"id":1119,"href":"https:\/\/climenservices.com\/index.php\/wp-json\/wp\/v2\/pages\/422\/revisions\/1119"}],"wp:attachment":[{"href":"https:\/\/climenservices.com\/index.php\/wp-json\/wp\/v2\/media?parent=422"}],"curies":[{"name":"wp","href":"https:\/\/api.w.org\/{rel}","templated":true}]}}