{"id":431,"date":"2023-11-01T09:32:51","date_gmt":"2023-11-01T08:32:51","guid":{"rendered":"http:\/\/climenservices.com\/?page_id=431"},"modified":"2024-04-24T17:00:06","modified_gmt":"2024-04-24T15:00:06","slug":"431-2","status":"publish","type":"page","link":"https:\/\/climenservices.com\/index.php\/431-2\/","title":{"rendered":"Entretien"},"content":{"rendered":"<div class=\"wp-block-image\">\n<figure class=\"aligncenter size-large is-resized\"><img loading=\"lazy\" decoding=\"async\" width=\"1011\" height=\"1024\" src=\"https:\/\/climenservices.com\/wp-content\/uploads\/2023\/11\/Entretien-filtres-1011x1024.png\" alt=\"\" class=\"wp-image-530\" style=\"width:204px;height:auto\" srcset=\"https:\/\/climenservices.com\/wp-content\/uploads\/2023\/11\/Entretien-filtres-1011x1024.png 1011w, https:\/\/climenservices.com\/wp-content\/uploads\/2023\/11\/Entretien-filtres-296x300.png 296w, https:\/\/climenservices.com\/wp-content\/uploads\/2023\/11\/Entretien-filtres-768x778.png 768w, https:\/\/climenservices.com\/wp-content\/uploads\/2023\/11\/Entretien-filtres.png 1100w\" sizes=\"auto, (max-width: 1011px) 100vw, 1011px\" \/><\/figure>\n<\/div>\n\n\n<p><a rel=\"noreferrer noopener\" href=\"https:\/\/climenservices.com\/index.php\/simple-clean-design\/\" target=\"_blank\"><\/a><\/p>\n\n\n\n<h3 class=\"wp-block-heading has-text-align-center\">Assurez vous du bon fonctionnement de vos \u00e9quipements<\/h3>\n\n\n\n<p>Entretenir quotidiennement vos appareils permet de p\u00e9renniser leur dur\u00e9e de vie mais aussi d&rsquo;assurer un niveau de performance optimal pour des \u00e9conomies d&rsquo;\u00e9nergie substantielles (*desembouage), de conserver une bonne qualit\u00e9 de confort (nettoyage des filtres) et de pr\u00e9venir les pannes caus\u00e9es par une usure pr\u00e9matur\u00e9e des diff\u00e9rents organes de s\u00e9curit\u00e9 par manque de nettoyage (\u00e9vacuations des condensats bouch\u00e9es, filtre \u00e0 tamis et pot \u00e0 boues encrass\u00e9\u2026), par desserage des connexions \u00e9lectriques (faux contact\u2026)\u2026<\/p>\n\n\n\n<figure class=\"wp-block-image size-full is-resized\"><img loading=\"lazy\" decoding=\"async\" width=\"866\" height=\"118\" src=\"https:\/\/climenservices.com\/wp-content\/uploads\/2024\/04\/Interligne-blanc.png\" alt=\"\" class=\"wp-image-951\" style=\"width:220px;height:auto\" srcset=\"https:\/\/climenservices.com\/wp-content\/uploads\/2024\/04\/Interligne-blanc.png 866w, https:\/\/climenservices.com\/wp-content\/uploads\/2024\/04\/Interligne-blanc-300x41.png 300w, https:\/\/climenservices.com\/wp-content\/uploads\/2024\/04\/Interligne-blanc-768x105.png 768w\" sizes=\"auto, (max-width: 866px) 100vw, 866px\" \/><\/figure>\n\n\n\n<h3 class=\"wp-block-heading has-text-align-center\">Contrat d&rsquo;entretien annuel<\/h3>\n\n\n\n<p>Pour les \u00e9quipements neufs, il est recommand\u00e9 de souscrire \u00e0 un contrat d\u2019entretien d\u00e8s la premi\u00e8re ann\u00e9e ce qui vous permet aussi d\u2019obtenir&nbsp;une extension de garantie pi\u00e8ces de la part de certains fabricants.<\/p>\n\n\n\n<p>Outre l&rsquo;obligation r\u00e8glementaire de contr\u00f4ler l&rsquo;\u00e9tanch\u00e9it\u00e9 de votre circuit frigorifique une fois par an pour les installations contenant plus de 2 kg de gaz et n&rsquo;\u00e9tant pas \u00e9quip\u00e9es de syst\u00e8me permanent de d\u00e9tection fuites (suivant le code de l&rsquo;environnement, article R543-79), nous pr\u00e9conisons de r\u00e9aliser 1 ou 2 visites par an pour tous les \u00e9quipements neufs ou existants.<\/p>\n\n\n\n<p>Nous vous proposons :<\/p>\n\n\n\n<ul class=\"wp-block-list\">\n<li>1 visite annuelle pour les applications r\u00e9sidentielles<\/li>\n\n\n\n<li>2 visites annuelles pour les applications tertiaires<\/li>\n<\/ul>\n\n\n\n<p>Cliquez sur l&rsquo;onglet ci dessous qui vous int\u00e9resse pour consulter la liste des t\u00e2ches effectu\u00e9es durant chaque type d\u2019entretien :<\/p>\n\n\n\n<ul class=\"wp-block-list\">\n<li>Climatisation<\/li>\n\n\n\n<li>PAC piscine<\/li>\n\n\n\n<li>D\u00e9shumidificateur<\/li>\n\n\n\n<li>PAC Air \/ Eau<\/li>\n\n\n\n<li>PAC Eau \/ Eau<\/li>\n\n\n\n<li>Chauffe Eau Thermodynamique<\/li>\n<\/ul>\n\n\n\n<figure class=\"wp-block-image size-full is-resized\"><img loading=\"lazy\" decoding=\"async\" width=\"866\" height=\"118\" src=\"https:\/\/climenservices.com\/wp-content\/uploads\/2024\/04\/Interligne-blanc.png\" alt=\"\" class=\"wp-image-951\" style=\"width:220px;height:auto\" srcset=\"https:\/\/climenservices.com\/wp-content\/uploads\/2024\/04\/Interligne-blanc.png 866w, https:\/\/climenservices.com\/wp-content\/uploads\/2024\/04\/Interligne-blanc-300x41.png 300w, https:\/\/climenservices.com\/wp-content\/uploads\/2024\/04\/Interligne-blanc-768x105.png 768w\" sizes=\"auto, (max-width: 866px) 100vw, 866px\" \/><\/figure>\n\n\n\n<h3 class=\"wp-block-heading has-text-align-center\">Contr\u00f4le d&rsquo;\u00e9tanch\u00e9it\u00e9 du circuit frigorifique<\/h3>\n\n\n\n<p class=\"has-text-align-center\">CONTR\u00d4LE D&rsquo;\u00c9TANCH\u00c9IT\u00c9 ANNUEL OBLIGATOIRE<\/p>\n\n\n\n<p>Climenservices est agr\u00e9e VERITAS pour la manipulation des fluides frigorig\u00e8ne, cat\u00e9gorie I (toutes installations) sous l&rsquo;attestation de capacit\u00e9 n\u00b0 245151<\/p>\n\n\n\n<p>Sur circuit frigorifique contenant plus de 2 kg de gaz, suivant Code de l&rsquo;Environnement Article R543-79<\/p>\n\n\n\n<p>Le montant de l\u2019amende pour absence de controle est de 1500 \u20ac<\/p>\n\n\n\n<figure class=\"wp-block-image size-full is-resized\"><img loading=\"lazy\" decoding=\"async\" width=\"866\" height=\"118\" src=\"https:\/\/climenservices.com\/wp-content\/uploads\/2024\/04\/Interligne-blanc.png\" alt=\"\" class=\"wp-image-951\" style=\"width:220px;height:auto\" srcset=\"https:\/\/climenservices.com\/wp-content\/uploads\/2024\/04\/Interligne-blanc.png 866w, https:\/\/climenservices.com\/wp-content\/uploads\/2024\/04\/Interligne-blanc-300x41.png 300w, https:\/\/climenservices.com\/wp-content\/uploads\/2024\/04\/Interligne-blanc-768x105.png 768w\" sizes=\"auto, (max-width: 866px) 100vw, 866px\" \/><\/figure>\n\n\n\n<h3 class=\"wp-block-heading has-text-align-center\">D\u00e9sembouage du circuit de chauffage pompe \u00e0 chaleur<\/h3>\n\n\n\n<p>C\u2019est \u00e9galement lors de l\u2019entretien des pompes \u00e0 chaleur Air \/ Eau et g\u00e9othermie et conform\u00e9ment \u00e0 l\u2019arr\u00eat\u00e9 du 24 juillet 2020, paru au JO le 31 juillet 2020, que nous v\u00e9rifions la qualit\u00e9 de l\u2019eau en effectuant un contr\u00f4le de l\u2019embouement de votre eau de chauffage. <em><a href=\"https:\/\/climenservices.com\/index.php\/desembouage-circuit-chauffage\/\" data-type=\"page\" data-id=\"1181\">En savoir plus&#8230;<\/a><\/em><\/p>\n\n\n\n<figure class=\"wp-block-image size-full is-resized\"><img loading=\"lazy\" decoding=\"async\" width=\"866\" height=\"118\" src=\"https:\/\/climenservices.com\/wp-content\/uploads\/2024\/04\/Interligne-blanc.png\" alt=\"\" class=\"wp-image-951\" style=\"width:220px;height:auto\" srcset=\"https:\/\/climenservices.com\/wp-content\/uploads\/2024\/04\/Interligne-blanc.png 866w, https:\/\/climenservices.com\/wp-content\/uploads\/2024\/04\/Interligne-blanc-300x41.png 300w, https:\/\/climenservices.com\/wp-content\/uploads\/2024\/04\/Interligne-blanc-768x105.png 768w\" sizes=\"auto, (max-width: 866px) 100vw, 866px\" \/><\/figure>\n\n\n\n<h3 class=\"wp-block-heading has-text-align-center\">Antigel dans vos circuits de chauffage et de captage<\/h3>\n\n\n\n<p>Le plus couramment utilis\u00e9 est le MONO PROPYL\u00c8NE GLYCOL avec diff\u00e9rentes concentrations. Dans tous les cas, ce produit est toxique et ne doit jamais \u00eatre rejet\u00e9 \u00e0 l&rsquo;\u00e9gout.<\/p>\n\n\n\n<p>Dans les installations de chauffage classique, avec chaudi\u00e8re ou pompe \u00e0 chaleur, certains fabricants imposent un taux de concentration d&rsquo;environ 25% pour une protection jusqu&rsquo;\u00e0 -10\u00b0C.<\/p>\n\n\n\n<p>En g\u00e9othermie (eau \/ eau glycol\u00e9e), c&rsquo;est c\u00f4t\u00e9 captage qu&rsquo;il est n\u00e9cessaire de prot\u00e9ger l&rsquo;\u00e9changeur avec un taux de concentration de l&rsquo;ordre de 45% pour une protection jusqu&rsquo;\u00e0 -30\u00b0C.<\/p>\n","protected":false},"excerpt":{"rendered":"<p>Le nettoyage et le contr\u00f4le de vos \u00e9quipements  de chauffage et de climatisation sont indispensables afin d&rsquo;assurer leur bon fonctionnement.<br \/>\nNous proposons un Contrat d&rsquo;entretien annuel avec 1 ou 2 visites.<br \/>\nNous r\u00e9alisons R\u00e9glages et  Mises au point.<\/p>\n","protected":false},"author":1,"featured_media":0,"parent":0,"menu_order":0,"comment_status":"closed","ping_status":"closed","template":"","meta":{"footnotes":""},"class_list":["post-431","page","type-page","status-publish","hentry"],"_links":{"self":[{"href":"https:\/\/climenservices.com\/index.php\/wp-json\/wp\/v2\/pages\/431","targetHints":{"allow":["GET"]}}],"collection":[{"href":"https:\/\/climenservices.com\/index.php\/wp-json\/wp\/v2\/pages"}],"about":[{"href":"https:\/\/climenservices.com\/index.php\/wp-json\/wp\/v2\/types\/page"}],"author":[{"embeddable":true,"href":"https:\/\/climenservices.com\/index.php\/wp-json\/wp\/v2\/users\/1"}],"replies":[{"embeddable":true,"href":"https:\/\/climenservices.com\/index.php\/wp-json\/wp\/v2\/comments?post=431"}],"version-history":[{"count":34,"href":"https:\/\/climenservices.com\/index.php\/wp-json\/wp\/v2\/pages\/431\/revisions"}],"predecessor-version":[{"id":1202,"href":"https:\/\/climenservices.com\/index.php\/wp-json\/wp\/v2\/pages\/431\/revisions\/1202"}],"wp:attachment":[{"href":"https:\/\/climenservices.com\/index.php\/wp-json\/wp\/v2\/media?parent=431"}],"curies":[{"name":"wp","href":"https:\/\/api.w.org\/{rel}","templated":true}]}}