{"id":629,"date":"2023-11-15T10:55:56","date_gmt":"2023-11-15T09:55:56","guid":{"rendered":"https:\/\/climenservices.com\/?page_id=629"},"modified":"2024-03-06T09:46:19","modified_gmt":"2024-03-06T08:46:19","slug":"prestations","status":"publish","type":"page","link":"https:\/\/climenservices.com\/index.php\/prestations\/","title":{"rendered":"Prestations"},"content":{"rendered":"\n<div class=\"wp-block-buttons is-content-justification-center is-layout-flex wp-container-core-buttons-is-layout-51f7783f wp-block-buttons-is-layout-flex\">\n<div class=\"wp-block-button\"><a class=\"wp-block-button__link wp-element-button\" href=\"https:\/\/climenservices.com\/index.php\/installation\/\" target=\"_blank\" rel=\"noreferrer noopener\">Installation<\/a><\/div>\n\n\n\n<div class=\"wp-block-button\"><a class=\"wp-block-button__link wp-element-button\" href=\"https:\/\/climenservices.com\/index.php\/431-2\/\" target=\"_blank\" rel=\"noreferrer noopener\">Entretien<\/a><\/div>\n\n\n\n<div class=\"wp-block-button\"><a class=\"wp-block-button__link wp-element-button\" href=\"https:\/\/climenservices.com\/index.php\/free-support\/\" target=\"_blank\" rel=\"noreferrer noopener\">D\u00e9pannage<\/a><\/div>\n<\/div>\n\n\n\n<p class=\"has-text-align-center\">.<\/p>\n\n\n\n<p class=\"has-text-align-center\">Nous r\u00e9alisons nous m\u00eame toutes nos prestations (pas de sous-traitance) <\/p>\n\n\n\n<p class=\"has-text-align-center\">Nous vous garantissons <strong>un travail de qualit\u00e9<\/strong>, dans le souci du moindre d\u00e9tail.<\/p>\n\n\n\n<p><\/p>\n","protected":false},"excerpt":{"rendered":"<p>. Nous r\u00e9alisons nous m\u00eame toutes nos prestations (pas de sous-traitance) Nous vous garantissons un travail de qualit\u00e9, dans le souci du moindre d\u00e9tail.<\/p>\n","protected":false},"author":1,"featured_media":0,"parent":0,"menu_order":0,"comment_status":"closed","ping_status":"closed","template":"","meta":{"footnotes":""},"class_list":["post-629","page","type-page","status-publish","hentry"],"_links":{"self":[{"href":"https:\/\/climenservices.com\/index.php\/wp-json\/wp\/v2\/pages\/629","targetHints":{"allow":["GET"]}}],"collection":[{"href":"https:\/\/climenservices.com\/index.php\/wp-json\/wp\/v2\/pages"}],"about":[{"href":"https:\/\/climenservices.com\/index.php\/wp-json\/wp\/v2\/types\/page"}],"author":[{"embeddable":true,"href":"https:\/\/climenservices.com\/index.php\/wp-json\/wp\/v2\/users\/1"}],"replies":[{"embeddable":true,"href":"https:\/\/climenservices.com\/index.php\/wp-json\/wp\/v2\/comments?post=629"}],"version-history":[{"count":13,"href":"https:\/\/climenservices.com\/index.php\/wp-json\/wp\/v2\/pages\/629\/revisions"}],"predecessor-version":[{"id":711,"href":"https:\/\/climenservices.com\/index.php\/wp-json\/wp\/v2\/pages\/629\/revisions\/711"}],"wp:attachment":[{"href":"https:\/\/climenservices.com\/index.php\/wp-json\/wp\/v2\/media?parent=629"}],"curies":[{"name":"wp","href":"https:\/\/api.w.org\/{rel}","templated":true}]}}