{"id":631,"date":"2023-11-15T10:56:17","date_gmt":"2023-11-15T09:56:17","guid":{"rendered":"https:\/\/climenservices.com\/?page_id=631"},"modified":"2024-08-06T17:45:19","modified_gmt":"2024-08-06T15:45:19","slug":"regulation","status":"publish","type":"page","link":"https:\/\/climenservices.com\/index.php\/regulation\/","title":{"rendered":"R\u00e9gulation"},"content":{"rendered":"\n<p class=\"has-text-align-center\"><\/p>\n\n\n\n<div class=\"wp-block-buttons is-content-justification-center is-layout-flex wp-container-core-buttons-is-layout-51f7783f wp-block-buttons-is-layout-flex\">\n<div class=\"wp-block-button\"><a class=\"wp-block-button__link wp-element-button\" href=\"https:\/\/climenservices.com\/index.php\/sur-lair\/\">R\u00e9gulation Climatisations<\/a><\/div>\n\n\n\n<div class=\"wp-block-button\"><a class=\"wp-block-button__link wp-element-button\" href=\"https:\/\/climenservices.com\/index.php\/sur-leau\/\">R\u00e9gulation Chauffages<\/a><\/div>\n<\/div>\n\n\n\n<figure class=\"wp-block-image size-full is-resized\"><img loading=\"lazy\" decoding=\"async\" width=\"866\" height=\"118\" src=\"https:\/\/climenservices.com\/wp-content\/uploads\/2024\/04\/Interligne-blanc.png\" alt=\"\" class=\"wp-image-951\" style=\"width:147px;height:auto\" srcset=\"https:\/\/climenservices.com\/wp-content\/uploads\/2024\/04\/Interligne-blanc.png 866w, https:\/\/climenservices.com\/wp-content\/uploads\/2024\/04\/Interligne-blanc-300x41.png 300w, https:\/\/climenservices.com\/wp-content\/uploads\/2024\/04\/Interligne-blanc-768x105.png 768w\" sizes=\"auto, (max-width: 866px) 100vw, 866px\" \/><\/figure>\n\n\n\n<figure class=\"wp-block-image size-large\"><img loading=\"lazy\" decoding=\"async\" width=\"1024\" height=\"293\" src=\"https:\/\/climenservices.com\/wp-content\/uploads\/2024\/04\/Thermostats-1024x293.png\" alt=\"\" class=\"wp-image-987\" srcset=\"https:\/\/climenservices.com\/wp-content\/uploads\/2024\/04\/Thermostats-1024x293.png 1024w, https:\/\/climenservices.com\/wp-content\/uploads\/2024\/04\/Thermostats-300x86.png 300w, https:\/\/climenservices.com\/wp-content\/uploads\/2024\/04\/Thermostats-768x220.png 768w, https:\/\/climenservices.com\/wp-content\/uploads\/2024\/04\/Thermostats.png 1145w\" sizes=\"auto, (max-width: 1024px) 100vw, 1024px\" \/><\/figure>\n\n\n\n<figure class=\"wp-block-image size-full is-resized\"><img loading=\"lazy\" decoding=\"async\" width=\"866\" height=\"118\" src=\"https:\/\/climenservices.com\/wp-content\/uploads\/2024\/04\/Interligne-blanc.png\" alt=\"\" class=\"wp-image-951\" style=\"width:220px;height:auto\" srcset=\"https:\/\/climenservices.com\/wp-content\/uploads\/2024\/04\/Interligne-blanc.png 866w, https:\/\/climenservices.com\/wp-content\/uploads\/2024\/04\/Interligne-blanc-300x41.png 300w, https:\/\/climenservices.com\/wp-content\/uploads\/2024\/04\/Interligne-blanc-768x105.png 768w\" sizes=\"auto, (max-width: 866px) 100vw, 866px\" \/><\/figure>\n\n\n\n<h3 class=\"wp-block-heading has-text-align-center\">AIRZONE, la R\u00c9GULATION intelligente<\/h3>\n\n\n\n<p>Avec 25 ans d\u2019exp\u00e9rience internationale, AIRZONE est sp\u00e9cialiste en syst\u00e8me de r\u00e9gulation de chauffage et refroidissement par zone, pour les particuliers et les professionnels. Ce syst\u00e8me innovant et de fabrication europ\u00e9enne, permet d\u2019am\u00e9liorer votre confort et de r\u00e9duire votre consommation.<\/p>\n\n\n\n<p>Cette r\u00e9gulation s\u2019installe sur des syst\u00e8mes a\u00e9rauliques (tels que les climatiseurs gainables) et hydrauliques (tels que plancher ou plafond climatique). De plus, il existe une interface permettant de g\u00e9rer \u00e0 distance des appareils de climatiseurs individuels (tels que les muraux, consoles\u2026).<\/p>\n\n\n\n<p>Ainsi, il est possible de contr\u00f4ler chaque zone ind\u00e9pendamment les unes des autres, dans un unique syst\u00e8me int\u00e9gr\u00e9 gr\u00e2ce aux algorithmes de contr\u00f4le pr\u00e9sents dans les syst\u00e8mes.&nbsp;<\/p>\n\n\n\n<p>Les produits AIRZONE \u00e9tant \u00ab personnalisables&nbsp;\u00bb, ils permettent d\u2019utiliser un seul \u00e9quipement pour toutes les zones de votre maison ou bureaux.&nbsp;<\/p>\n\n\n\n<p>Il est donc possible d\u2019installer moins d\u2019unit\u00e9s int\u00e9rieures et d\u2019optimiser la puissance de chaque appareil. Le syst\u00e8me AIRZONE permet aussi le raccordement de d\u00e9tecteurs de pr\u00e9sence ou d\u2019ouverture \u00e9vitant ainsi tout gaspillage d\u2019\u00e9nergie.<\/p>\n\n\n\n<p>Tous les syst\u00e8me AIRZONE sont int\u00e9grables, pilotables \u00e0 distance et peuvent \u00eatre interconnect\u00e9s dans un m\u00eame projet. Il est donc possible de g\u00e9rer diff\u00e9rent syst\u00e8mes a\u00e9rauliques (list\u00e9s ci-dessous) et d\u2019associer des planchers ou plafond climatiques ainsi que des \u00e9quipements monozone.<\/p>\n\n\n\n<ul class=\"wp-block-list\">\n<li>D\u00e9tente directe<\/li>\n\n\n\n<li>Chauffage<\/li>\n\n\n\n<li>Eau glac\u00e9e<\/li>\n\n\n\n<li>Int\u00e9gration API local, API cloud, Modbus, Drivers, Passerelles d\u2019int\u00e9gration (domotique)<\/li>\n\n\n\n<li>GTB \/ HA \/ GTC<\/li>\n<\/ul>\n","protected":false},"excerpt":{"rendered":"<p>AIRZONE, la R\u00c9GULATION intelligente Avec 25 ans d\u2019exp\u00e9rience internationale, AIRZONE est sp\u00e9cialiste en syst\u00e8me de r\u00e9gulation de chauffage et refroidissement par zone, pour les particuliers&hellip;<\/p>\n","protected":false},"author":1,"featured_media":0,"parent":0,"menu_order":0,"comment_status":"closed","ping_status":"closed","template":"","meta":{"footnotes":""},"class_list":["post-631","page","type-page","status-publish","hentry"],"_links":{"self":[{"href":"https:\/\/climenservices.com\/index.php\/wp-json\/wp\/v2\/pages\/631","targetHints":{"allow":["GET"]}}],"collection":[{"href":"https:\/\/climenservices.com\/index.php\/wp-json\/wp\/v2\/pages"}],"about":[{"href":"https:\/\/climenservices.com\/index.php\/wp-json\/wp\/v2\/types\/page"}],"author":[{"embeddable":true,"href":"https:\/\/climenservices.com\/index.php\/wp-json\/wp\/v2\/users\/1"}],"replies":[{"embeddable":true,"href":"https:\/\/climenservices.com\/index.php\/wp-json\/wp\/v2\/comments?post=631"}],"version-history":[{"count":14,"href":"https:\/\/climenservices.com\/index.php\/wp-json\/wp\/v2\/pages\/631\/revisions"}],"predecessor-version":[{"id":1466,"href":"https:\/\/climenservices.com\/index.php\/wp-json\/wp\/v2\/pages\/631\/revisions\/1466"}],"wp:attachment":[{"href":"https:\/\/climenservices.com\/index.php\/wp-json\/wp\/v2\/media?parent=631"}],"curies":[{"name":"wp","href":"https:\/\/api.w.org\/{rel}","templated":true}]}}