{"id":643,"date":"2023-11-15T11:02:56","date_gmt":"2023-11-15T10:02:56","guid":{"rendered":"https:\/\/climenservices.com\/?page_id=643"},"modified":"2024-04-19T08:57:20","modified_gmt":"2024-04-19T06:57:20","slug":"sur-leau","status":"publish","type":"page","link":"https:\/\/climenservices.com\/index.php\/sur-leau\/","title":{"rendered":"R\u00e9gulation chauffages"},"content":{"rendered":"\n<h3 class=\"wp-block-heading has-text-align-center\">AIRZONE <strong>RADIAN T365&nbsp;<\/strong><\/h3>\n\n\n\n<h3 class=\"wp-block-heading has-text-align-center\">pour les <strong>Plancher <\/strong>ou<strong> Plafond chauffant rafraichissant<\/strong><\/h3>\n\n\n\n<p class=\"has-text-align-center\">Cette solution sans fil permet le contr\u00f4le connect\u00e9 des moteurs \u00e9lectrothermiques.<\/p>\n\n\n<div class=\"wp-block-image\">\n<figure class=\"aligncenter size-large is-resized\"><img fetchpriority=\"high\" decoding=\"async\" width=\"1024\" height=\"293\" src=\"https:\/\/climenservices.com\/wp-content\/uploads\/2024\/04\/Thermostats-1-1024x293.png\" alt=\"\" class=\"wp-image-798\" style=\"width:456px;height:auto\" srcset=\"https:\/\/climenservices.com\/wp-content\/uploads\/2024\/04\/Thermostats-1-1024x293.png 1024w, https:\/\/climenservices.com\/wp-content\/uploads\/2024\/04\/Thermostats-1-300x86.png 300w, https:\/\/climenservices.com\/wp-content\/uploads\/2024\/04\/Thermostats-1-768x220.png 768w, https:\/\/climenservices.com\/wp-content\/uploads\/2024\/04\/Thermostats-1.png 1145w\" sizes=\"(max-width: 1024px) 100vw, 1024px\" \/><\/figure>\n<\/div>\n\n<div class=\"wp-block-image\">\n<figure class=\"aligncenter size-full is-resized\"><img decoding=\"async\" width=\"304\" height=\"304\" src=\"https:\/\/climenservices.com\/wp-content\/uploads\/2024\/04\/Capture-decran-2024-04-17-a-11.58.04-1.png\" alt=\"\" class=\"wp-image-801\" style=\"width:124px;height:auto\" srcset=\"https:\/\/climenservices.com\/wp-content\/uploads\/2024\/04\/Capture-decran-2024-04-17-a-11.58.04-1.png 304w, https:\/\/climenservices.com\/wp-content\/uploads\/2024\/04\/Capture-decran-2024-04-17-a-11.58.04-1-300x300.png 300w, https:\/\/climenservices.com\/wp-content\/uploads\/2024\/04\/Capture-decran-2024-04-17-a-11.58.04-1-150x150.png 150w, https:\/\/climenservices.com\/wp-content\/uploads\/2024\/04\/Capture-decran-2024-04-17-a-11.58.04-1-67x67.png 67w\" sizes=\"(max-width: 304px) 100vw, 304px\" \/><\/figure>\n<\/div>\n\n\n<p><em>Avantages&nbsp;:<\/em><\/p>\n\n\n\n<p>*&nbsp;<strong>Contr\u00f4ler le mode de fonctionnement<\/strong>&nbsp;: chauffage \/ rafraichissement<\/p>\n\n\n\n<p>*&nbsp;<strong>Contr\u00f4ler la temp\u00e9rature ambiante par zone<\/strong><\/p>\n\n\n\n<p><strong>* Modifier la temp\u00e9rature<\/strong>&nbsp;ou bien&nbsp;<strong>allumer \/ \u00e9teindre le syst\u00e8me<\/strong>, en fonction de vos besoins sans toucher aux autres zones<\/p>\n\n\n\n<p>*&nbsp;<strong>Limitation&nbsp;possible <\/strong><strong>des temp\u00e9ratures<\/strong>&nbsp;minimales et maximales pour un contr\u00f4le efficace avec la fonction ECO-Adapt<\/p>\n\n\n\n<p><strong>* Optimisation de l\u2019inertie&nbsp;thermique<\/strong>&nbsp;du plancher ou du plafond climatique pour garantir le confort et assurer une gestion efficace de l\u2019installation mais aussi afin d\u2019\u00e9viter la surchauffe des zones et de stabiliser la temp\u00e9rature<\/p>\n\n\n\n<p>* Int\u00e9gration des fonctions de protection pour prolonger la dur\u00e9e de vie de l\u2019installation comme&nbsp;<strong>la fonction hors gel<\/strong>&nbsp;qui pr\u00e9vient le gel de la tuyauterie,&nbsp;<strong>la fonction anticalcaire<\/strong>&nbsp;qui \u00e9vite l\u2019obstruction ou l\u2019accumulation de r\u00e9sidus dans les vannes,&nbsp;<strong>la fonction anti-condensation<\/strong>&nbsp;et la&nbsp;<strong>fonction antiblocage du syst\u00e8me.<\/strong><\/p>\n\n\n\n<p><strong>* Contr\u00f4ler l\u2019unit\u00e9 de production et les circulateurs<\/strong>&nbsp;de mani\u00e8re efficace et adapt\u00e9e aux besoins de l\u2019installation,&nbsp;combin\u00e9 aux passerelles de communication pour une int\u00e9gration id\u00e9ale.<\/p>\n\n\n\n<p>*<strong>G\u00e9rer l\u2019humidit\u00e9<\/strong>&nbsp;via la sonde d\u2019humidit\u00e9 des thermostats pour \u00e9viter le point de ros\u00e9e.<\/p>\n\n\n\n<p>*<strong>&nbsp;Contr\u00f4ler jusqu\u2019\u00e0 8 zones ind\u00e9pendantes.<\/strong><\/p>\n\n\n\n<p>* Comprend des&nbsp;<strong>adaptateurs pour diff\u00e9rents diam\u00e8tres de connexion<\/strong><\/p>\n\n\n\n<p>* Moteurs \u00e9lectro-thermiques AIRZONE aliment\u00e9s en 230 V pour la gestion des vannes de chaque zone<\/p>\n\n\n\n<figure class=\"wp-block-image size-full is-resized\"><img decoding=\"async\" width=\"866\" height=\"118\" src=\"https:\/\/climenservices.com\/wp-content\/uploads\/2024\/04\/Interligne-blanc.png\" alt=\"\" class=\"wp-image-951\" style=\"width:528px;height:auto\" srcset=\"https:\/\/climenservices.com\/wp-content\/uploads\/2024\/04\/Interligne-blanc.png 866w, https:\/\/climenservices.com\/wp-content\/uploads\/2024\/04\/Interligne-blanc-300x41.png 300w, https:\/\/climenservices.com\/wp-content\/uploads\/2024\/04\/Interligne-blanc-768x105.png 768w\" sizes=\"(max-width: 866px) 100vw, 866px\" \/><\/figure>\n\n\n\n<h3 class=\"wp-block-heading has-text-align-center\">AIRZONE <strong><strong>RADIAN T365&nbsp;<\/strong><\/strong><\/h3>\n\n\n\n<h3 class=\"wp-block-heading has-text-align-center\"><strong>pour les <strong>Radiateurs chauffage central<\/strong><\/strong><\/h3>\n\n\n\n<p class=\"has-text-align-center\">Cette solution sans fil permet le contr\u00f4le connect\u00e9 des radiateurs avec des t\u00eates thermostatiques radio.<\/p>\n\n\n<div class=\"wp-block-image\">\n<figure class=\"aligncenter size-large is-resized\"><img fetchpriority=\"high\" decoding=\"async\" width=\"1024\" height=\"293\" src=\"https:\/\/climenservices.com\/wp-content\/uploads\/2024\/04\/Thermostats-1-1024x293.png\" alt=\"\" class=\"wp-image-798\" style=\"width:456px;height:auto\" srcset=\"https:\/\/climenservices.com\/wp-content\/uploads\/2024\/04\/Thermostats-1-1024x293.png 1024w, https:\/\/climenservices.com\/wp-content\/uploads\/2024\/04\/Thermostats-1-300x86.png 300w, https:\/\/climenservices.com\/wp-content\/uploads\/2024\/04\/Thermostats-1-768x220.png 768w, https:\/\/climenservices.com\/wp-content\/uploads\/2024\/04\/Thermostats-1.png 1145w\" sizes=\"(max-width: 1024px) 100vw, 1024px\" \/><\/figure>\n<\/div>\n\n<div class=\"wp-block-image\">\n<figure class=\"aligncenter size-full is-resized\"><img loading=\"lazy\" decoding=\"async\" width=\"256\" height=\"350\" src=\"https:\/\/climenservices.com\/wp-content\/uploads\/2024\/04\/Tete-thermo-airzone.png\" alt=\"\" class=\"wp-image-924\" style=\"width:104px;height:auto\" srcset=\"https:\/\/climenservices.com\/wp-content\/uploads\/2024\/04\/Tete-thermo-airzone.png 256w, https:\/\/climenservices.com\/wp-content\/uploads\/2024\/04\/Tete-thermo-airzone-219x300.png 219w\" sizes=\"(max-width: 256px) 100vw, 256px\" \/><\/figure>\n<\/div>\n\n\n<p>Cette solution sans fil permet le contr\u00f4le connect\u00e9 des radiateurs avec des t\u00eates thermostatiques radio.<\/p>\n\n\n\n<p><em>Avantages&nbsp;:<\/em><\/p>\n\n\n\n<p><strong>* Contr\u00f4le de la temp\u00e9rature ambiante par zone,&nbsp;<\/strong>de l&rsquo;\u00e9tat de la batterie et de la couverture radio via l\u2019affichage \u00e9cran LED sur les t\u00eates thermostatiques radio AIRZONE&nbsp;<\/p>\n\n\n\n<p>*&nbsp;<strong>Modifier la temp\u00e9rature<\/strong>&nbsp;ou bien&nbsp;<strong>allumer \/ \u00e9teindre le syst\u00e8me<\/strong>, en fonction de vos besoins sans toucher aux autres zones<\/p>\n\n\n\n<p>*&nbsp;<strong>D\u00e9finir une limitation des temp\u00e9ratures<\/strong>&nbsp;minimales et maximales pour un contr\u00f4le efficace avec la fonction ECO-Adapt<\/p>\n\n\n\n<p>*&nbsp;<strong>Optimiser le confort<\/strong>&nbsp;gr\u00e2ce au contr\u00f4le proportionnel de l\u2019ouverture de la vanne du radiateur en fonction de la temp\u00e9rature ambiante (indication sur l&rsquo;\u00e9cran de l&rsquo;ouverture\/fermeture de la vanne (ON\/OFF).<\/p>\n\n\n\n<p>*&nbsp;<strong>Fonction anticalcaire<\/strong>&nbsp;<strong>et hors gel<\/strong>&nbsp;afin d\u2019\u00e9viter les probl\u00e8mes de givre dans la tuyauterie<\/p>\n\n\n\n<p>*&nbsp;<strong>Fonction de s\u00e9curit\u00e9<\/strong>&nbsp;enfant pour emp\u00eacher l\u2019activation accidentelle d\u2019une fonction<\/p>\n\n\n\n<p><strong>* Contr\u00f4ler l\u2019unit\u00e9 de production et les circulateurs<\/strong>&nbsp;de mani\u00e8re efficace et adapt\u00e9e aux besoins de l\u2019installation, combin\u00e9 aux passerelles de communication pour une int\u00e9gration id\u00e9ale.<\/p>\n\n\n\n<p>* Comprend des&nbsp;<strong>adaptateurs pour diff\u00e9rents diam\u00e8tres de connexion<\/strong><\/p>\n\n\n\n<p>* Comprend le&nbsp;<strong>Webserver Airzone Cloud<\/strong>&nbsp;&gt;&nbsp;<strong>1 an de garantie suppl\u00e9mentaire<\/strong><\/p>\n\n\n\n<p><\/p>\n\n\n\n<p><\/p>\n","protected":false},"excerpt":{"rendered":"<p>AIRZONE RADIAN T365&nbsp; pour les Plancher ou Plafond chauffant rafraichissant Cette solution sans fil permet le contr\u00f4le connect\u00e9 des moteurs \u00e9lectrothermiques. Avantages&nbsp;: *&nbsp;Contr\u00f4ler le mode&hellip;<\/p>\n","protected":false},"author":1,"featured_media":0,"parent":0,"menu_order":0,"comment_status":"closed","ping_status":"closed","template":"","meta":{"footnotes":""},"class_list":["post-643","page","type-page","status-publish","hentry"],"_links":{"self":[{"href":"https:\/\/climenservices.com\/index.php\/wp-json\/wp\/v2\/pages\/643","targetHints":{"allow":["GET"]}}],"collection":[{"href":"https:\/\/climenservices.com\/index.php\/wp-json\/wp\/v2\/pages"}],"about":[{"href":"https:\/\/climenservices.com\/index.php\/wp-json\/wp\/v2\/types\/page"}],"author":[{"embeddable":true,"href":"https:\/\/climenservices.com\/index.php\/wp-json\/wp\/v2\/users\/1"}],"replies":[{"embeddable":true,"href":"https:\/\/climenservices.com\/index.php\/wp-json\/wp\/v2\/comments?post=643"}],"version-history":[{"count":22,"href":"https:\/\/climenservices.com\/index.php\/wp-json\/wp\/v2\/pages\/643\/revisions"}],"predecessor-version":[{"id":1103,"href":"https:\/\/climenservices.com\/index.php\/wp-json\/wp\/v2\/pages\/643\/revisions\/1103"}],"wp:attachment":[{"href":"https:\/\/climenservices.com\/index.php\/wp-json\/wp\/v2\/media?parent=643"}],"curies":[{"name":"wp","href":"https:\/\/api.w.org\/{rel}","templated":true}]}}