{"id":645,"date":"2023-11-15T11:03:21","date_gmt":"2023-11-15T10:03:21","guid":{"rendered":"https:\/\/climenservices.com\/?page_id=645"},"modified":"2024-08-07T16:42:11","modified_gmt":"2024-08-07T14:42:11","slug":"pompe-a-chaleur-2","status":"publish","type":"page","link":"https:\/\/climenservices.com\/index.php\/pompe-a-chaleur-2\/","title":{"rendered":"Pompe \u00e0 Chaleur piscine"},"content":{"rendered":"\n<figure class=\"wp-block-image size-large\"><img fetchpriority=\"high\" decoding=\"async\" width=\"1024\" height=\"417\" src=\"https:\/\/climenservices.com\/wp-content\/uploads\/2024\/04\/Photo-piscine-entete-site-internet-e1713339512951-1024x417.jpg\" alt=\"\" class=\"wp-image-773\" srcset=\"https:\/\/climenservices.com\/wp-content\/uploads\/2024\/04\/Photo-piscine-entete-site-internet-e1713339512951-1024x417.jpg 1024w, https:\/\/climenservices.com\/wp-content\/uploads\/2024\/04\/Photo-piscine-entete-site-internet-e1713339512951-300x122.jpg 300w, https:\/\/climenservices.com\/wp-content\/uploads\/2024\/04\/Photo-piscine-entete-site-internet-e1713339512951-768x313.jpg 768w, https:\/\/climenservices.com\/wp-content\/uploads\/2024\/04\/Photo-piscine-entete-site-internet-e1713339512951-1536x626.jpg 1536w, https:\/\/climenservices.com\/wp-content\/uploads\/2024\/04\/Photo-piscine-entete-site-internet-e1713339512951.jpg 1850w\" sizes=\"(max-width: 1024px) 100vw, 1024px\" \/><\/figure>\n\n\n\n<p><\/p>\n\n\n\n<p>Nous installons, entretenons et r\u00e9parons les pompes \u00e0 chaleur piscine de toutes marques (si les pi\u00e8ces d\u00e9tach\u00e9es existent).&nbsp;Nous vous expliquons comment la r\u00e9gler et optimiser son fonctionnement, nous vous conseillons sur l&rsquo;entretien et le nettoyage pour prolonger sa dur\u00e9e de vie.<\/p>\n\n\n\n<p>Nous sommes Station Technique Agr\u00e9\u00e9e pour ZODIAC \u2013 FLUIDRA.<\/p>\n\n\n\n<p><strong>Pour dimensionner une pompe \u00e0 chaleur piscine, il nous faut conna\u00eetre les \u00e9l\u00e9ments suivants&nbsp;:<\/strong><\/p>\n\n\n\n<ul class=\"wp-block-list\">\n<li>Le volume d&rsquo;eau du bassin<\/li>\n\n\n\n<li>Piscine couverte ou non<\/li>\n\n\n\n<li>En plein air, abrit\u00e9e ou int\u00e9rieure<\/li>\n\n\n\n<li>Hors sol ou non<\/li>\n\n\n\n<li>L\u2019exposition au vent<\/li>\n\n\n\n<li>L\u2019altitude<\/li>\n\n\n\n<li>La temp\u00e9rature d\u2019eau du bassin souhait\u00e9e<\/li>\n\n\n\n<li>La fr\u00e9quentation du bassin<\/li>\n\n\n\n<li>La p\u00e9riode d\u2019utilisation du bassin<\/li>\n\n\n\n<li>L\u2019alimentation \u00e9lectrique (monophas\u00e9e ou triphas\u00e9e)<\/li>\n\n\n\n<li>Le nombre d\u2019heures de filtration par jour<\/li>\n\n\n\n<li>L\u2019implantation de la pompe \u00e0 chaleur<\/li>\n\n\n\n<li>Toutes particularit\u00e9s<\/li>\n<\/ul>\n\n\n\n<figure class=\"wp-block-image size-large\"><img decoding=\"async\" width=\"1024\" height=\"335\" src=\"https:\/\/climenservices.com\/wp-content\/uploads\/2024\/04\/Photo-PAC-piscine-1024x335.png\" alt=\"\" class=\"wp-image-891\" srcset=\"https:\/\/climenservices.com\/wp-content\/uploads\/2024\/04\/Photo-PAC-piscine-1024x335.png 1024w, https:\/\/climenservices.com\/wp-content\/uploads\/2024\/04\/Photo-PAC-piscine-300x98.png 300w, https:\/\/climenservices.com\/wp-content\/uploads\/2024\/04\/Photo-PAC-piscine-768x252.png 768w, https:\/\/climenservices.com\/wp-content\/uploads\/2024\/04\/Photo-PAC-piscine-1536x503.png 1536w, https:\/\/climenservices.com\/wp-content\/uploads\/2024\/04\/Photo-PAC-piscine.png 1728w\" sizes=\"(max-width: 1024px) 100vw, 1024px\" \/><\/figure>\n\n\n\n<p><strong>Nos pr\u00e9conisations&nbsp;:<\/strong><\/p>\n\n\n\n<p>Choisir le bon emplacement&nbsp;:<\/p>\n\n\n\n<ul class=\"wp-block-list\">\n<li>Dans un espace convenablement a\u00e9r\u00e9, libre de tout obstacle (ex&nbsp;: v\u00e9g\u00e9tation)<\/li>\n\n\n\n<li>\u00c0 bonne distance du bassin<\/li>\n\n\n\n<li>Sur une surface plane, un sol naturel ou en graviers<\/li>\n\n\n\n<li>Sur un support l\u00e9g\u00e8rement sur\u00e9lev\u00e9 pour favoriser le drainage de l&rsquo;eau de pluie et favoriser l&rsquo;\u00e9coulement de l&rsquo;eau de condensation<\/li>\n<\/ul>\n\n\n\n<p>Faire une installation dans les r\u00e8gles de l&rsquo;art :<\/p>\n\n\n\n<ul class=\"wp-block-list\">\n<li>Disposer d&rsquo;un d\u00e9bit d\u2019eau suffisant et adapt\u00e9 aux besoins de l\u2019appareil s\u00e9lectionn\u00e9<\/li>\n\n\n\n<li>Pr\u00e9voir des raccordements hydrauliques avec vannes d&rsquo;arr\u00eat et bypass<\/li>\n\n\n\n<li>Prot\u00e9ger \u00e9lectriquement votre PAC avec un interrupteur diff\u00e9rentiel, un disjoncteur d\u00e9di\u00e9 et bien calibr\u00e9 ainsi qu&rsquo;un c\u00e2ble d&rsquo;alimentation de section suffisante.<\/li>\n<\/ul>\n\n\n\n<p>Pour des raisons de s\u00e9curit\u00e9 et afin de respecter les conditions de garantie, il est important de se tourner vers un installateur comp\u00e9tent et respectueux des r\u00e8gles de l&rsquo;art. Nous vous proposons aussi de r\u00e9aliser l\u2019entretien chaque ann\u00e9e lors de la mise en marche de l\u2019\u00e9quipement tout comme d\u2019hiverner votre \u00e9quipement si vous le souhaitez.<\/p>\n\n\n\n<p><strong>D\u00e9tail des op\u00e9rations<\/strong> r\u00e9alis\u00e9es lors de l&rsquo;<strong>entretien<\/strong>, <em><a href=\"https:\/\/climenservices.com\/index.php\/detail-des-operations-dentretien-pac-piscine\/\" data-type=\"page\" data-id=\"841\">en savoir plus<\/a>.<\/em><\/p>\n\n\n\n<p>Tarifs <strong>interventions SAV<\/strong>, <em><a href=\"https:\/\/climenservices.com\/index.php\/tarif-sav-piscine-2024\/\" data-type=\"page\" data-id=\"832\">en savoir plus<\/a>.<\/em><\/p>\n\n\n\n<p>Nous proposons les marques suivantes : ZODIAC, ASTRALPOOL, AKERON<\/p>\n\n\n\n<p>N&rsquo;oubliez pas de r\u00e9aliser un <a href=\"https:\/\/climenservices.com\/index.php\/431-2\/\" data-type=\"page\" data-id=\"431\">entretien annuel<\/a> pour p\u00e9renniser votre installation (comme pour votre voiture).<\/p>\n\n\n\n<figure class=\"wp-block-image size-large\"><img decoding=\"async\" width=\"1024\" height=\"120\" src=\"https:\/\/climenservices.com\/wp-content\/uploads\/2024\/04\/Logo-marques-piscine-1024x120.png\" alt=\"\" class=\"wp-image-1049\" srcset=\"https:\/\/climenservices.com\/wp-content\/uploads\/2024\/04\/Logo-marques-piscine-1024x120.png 1024w, https:\/\/climenservices.com\/wp-content\/uploads\/2024\/04\/Logo-marques-piscine-300x35.png 300w, https:\/\/climenservices.com\/wp-content\/uploads\/2024\/04\/Logo-marques-piscine-768x90.png 768w, https:\/\/climenservices.com\/wp-content\/uploads\/2024\/04\/Logo-marques-piscine-1536x180.png 1536w, https:\/\/climenservices.com\/wp-content\/uploads\/2024\/04\/Logo-marques-piscine-2048x240.png 2048w\" sizes=\"(max-width: 1024px) 100vw, 1024px\" \/><\/figure>\n","protected":false},"excerpt":{"rendered":"<p>Nous installons, entretenons et r\u00e9parons les pompes \u00e0 chaleur piscine de toutes marques (si les pi\u00e8ces d\u00e9tach\u00e9es existent).&nbsp;Nous vous expliquons comment la r\u00e9gler et optimiser&hellip;<\/p>\n","protected":false},"author":1,"featured_media":0,"parent":0,"menu_order":0,"comment_status":"closed","ping_status":"closed","template":"","meta":{"footnotes":""},"class_list":["post-645","page","type-page","status-publish","hentry"],"_links":{"self":[{"href":"https:\/\/climenservices.com\/index.php\/wp-json\/wp\/v2\/pages\/645","targetHints":{"allow":["GET"]}}],"collection":[{"href":"https:\/\/climenservices.com\/index.php\/wp-json\/wp\/v2\/pages"}],"about":[{"href":"https:\/\/climenservices.com\/index.php\/wp-json\/wp\/v2\/types\/page"}],"author":[{"embeddable":true,"href":"https:\/\/climenservices.com\/index.php\/wp-json\/wp\/v2\/users\/1"}],"replies":[{"embeddable":true,"href":"https:\/\/climenservices.com\/index.php\/wp-json\/wp\/v2\/comments?post=645"}],"version-history":[{"count":30,"href":"https:\/\/climenservices.com\/index.php\/wp-json\/wp\/v2\/pages\/645\/revisions"}],"predecessor-version":[{"id":1500,"href":"https:\/\/climenservices.com\/index.php\/wp-json\/wp\/v2\/pages\/645\/revisions\/1500"}],"wp:attachment":[{"href":"https:\/\/climenservices.com\/index.php\/wp-json\/wp\/v2\/media?parent=645"}],"curies":[{"name":"wp","href":"https:\/\/api.w.org\/{rel}","templated":true}]}}