{"id":647,"date":"2023-11-15T11:03:54","date_gmt":"2023-11-15T10:03:54","guid":{"rendered":"https:\/\/climenservices.com\/?page_id=647"},"modified":"2024-08-07T16:40:00","modified_gmt":"2024-08-07T14:40:00","slug":"deshumidificateur","status":"publish","type":"page","link":"https:\/\/climenservices.com\/index.php\/deshumidificateur\/","title":{"rendered":"D\u00e9shumidificateur piscine"},"content":{"rendered":"\n<figure class=\"wp-block-image size-large\"><img loading=\"lazy\" decoding=\"async\" width=\"1024\" height=\"385\" src=\"https:\/\/climenservices.com\/wp-content\/uploads\/2024\/04\/Piscine-interieur-privee-e1713361877967-1024x385.png\" alt=\"\" class=\"wp-image-826\" srcset=\"https:\/\/climenservices.com\/wp-content\/uploads\/2024\/04\/Piscine-interieur-privee-e1713361877967-1024x385.png 1024w, https:\/\/climenservices.com\/wp-content\/uploads\/2024\/04\/Piscine-interieur-privee-e1713361877967-300x113.png 300w, https:\/\/climenservices.com\/wp-content\/uploads\/2024\/04\/Piscine-interieur-privee-e1713361877967-768x289.png 768w, https:\/\/climenservices.com\/wp-content\/uploads\/2024\/04\/Piscine-interieur-privee-e1713361877967.png 1197w\" sizes=\"auto, (max-width: 1024px) 100vw, 1024px\" \/><\/figure>\n\n\n\n<p><\/p>\n\n\n\n<p>Lorsque vous chauffez l&rsquo;eau d&rsquo;un bassin int\u00e9rieur, la vapeur d\u2019eau emprisonn\u00e9e dans le local se condense sur les parois froides en formant des gouttelettes d\u2019eau et de la bu\u00e9e, tandis que l\u2019air se sature progressivement d\u2019humidit\u00e9. Les cons\u00e9quences de ces ph\u00e9nom\u00e8nes sont nombreuses : apparition de moisissure, d\u00e9collement, formation de rouille&#8230;&nbsp;<\/p>\n\n\n\n<p>Pour garantir le confort des baigneurs et la long\u00e9vit\u00e9 d\u2019une piscine int\u00e9rieure, l\u2019installation d\u2019un d\u00e9shumidificateur s\u2019av\u00e8re indispensable.&nbsp;<\/p>\n\n\n\n<p>Le&nbsp;d\u00e9shumidificateur&nbsp;va aspirer l&rsquo;air chaud et humide ambiant, le traiter avec un \u00e9changeur froid et un \u00e9changeur chaud afin que l&rsquo;humidit\u00e9 se condense et qu\u2019il se r\u00e9chauffe pour renvoyer un air plus sec et l\u00e9g\u00e8rement plus chaud dans la pi\u00e8ce.<\/p>\n\n\n\n<p>Par ailleurs, il est n\u00e9cessaire de r\u00e9aliser un renouv\u00e8lement avec de l\u2019air neuf afin que les polluants int\u00e9rieurs et notamment les chloramines nocives soient \u00e9vacu\u00e9s hors du local du bassin.<\/p>\n\n\n\n<p><\/p>\n\n\n\n<p><strong>LES DIFF\u00c9RENTS DESHUMIDIFICATEURS<\/strong><\/p>\n\n\n\n<p>Ces appareils permettent de maintenir un taux d\u2019hygrom\u00e9trie entre 55 % et 70 % dans le local en fonction du r\u00e9glage choisi.&nbsp;<\/p>\n\n\n\n<p>Ils permettent \u00e9galement d\u2019assurer le chauffage de ce local soit par r\u00e9sistance \u00e9lectrique (mod\u00e8le apparent ou encastr\u00e9 ou gain\u00e9), soit par batterie eau chaude (mod\u00e8le gain\u00e9).<\/p>\n\n\n\n<p><\/p>\n\n\n\n<p><\/p>\n\n\n\n<p><strong>Le d\u00e9shumidificateur \u00ab&nbsp;apparent \/ console d\u2019ambiance&nbsp;\u00bb<\/strong><\/p>\n\n\n\n<p>Ces appareils monoblocs sont d\u00e9di\u00e9s aux petits volumes et ne n\u00e9cessitent aucune gaine.&nbsp;<\/p>\n\n\n\n<p>Cette solution en ambiance est pratique car les consoles peuvent \u00eatre plac\u00e9es dans le local qui abrite la piscine mais \u00e0 plus de 2 m\u00e8tres de distance du bassin. Cependant, elle est moins efficace que les syst\u00e8mes gain\u00e9s pour traiter efficacement la condensation sur les parois vitr\u00e9es.<\/p>\n\n\n\n<p>Application pour les spas priv\u00e9s, pour les piscines&nbsp;priv\u00e9es int\u00e9rieures.<\/p>\n\n\n<div class=\"wp-block-image\">\n<figure class=\"aligncenter size-large is-resized\"><img loading=\"lazy\" decoding=\"async\" width=\"1024\" height=\"404\" src=\"https:\/\/climenservices.com\/wp-content\/uploads\/2024\/04\/Deshumidificateurs-apparents-1024x404.png\" alt=\"\" class=\"wp-image-859\" style=\"width:553px;height:auto\" srcset=\"https:\/\/climenservices.com\/wp-content\/uploads\/2024\/04\/Deshumidificateurs-apparents-1024x404.png 1024w, https:\/\/climenservices.com\/wp-content\/uploads\/2024\/04\/Deshumidificateurs-apparents-300x118.png 300w, https:\/\/climenservices.com\/wp-content\/uploads\/2024\/04\/Deshumidificateurs-apparents-768x303.png 768w, https:\/\/climenservices.com\/wp-content\/uploads\/2024\/04\/Deshumidificateurs-apparents.png 1133w\" sizes=\"auto, (max-width: 1024px) 100vw, 1024px\" \/><\/figure>\n<\/div>\n\n\n<p><\/p>\n\n\n\n<p><strong>Le d\u00e9shumidificateur \u00ab&nbsp;encastr\u00e9&nbsp;\u00bb<\/strong><\/p>\n\n\n\n<p>Ces appareils encastr\u00e9s sont d\u00e9di\u00e9s aux volumes moyens et ne n\u00e9cessitent aucune gaine.&nbsp;<\/p>\n\n\n\n<p>Cette solution est simple car elle s\u2019installe dans un local technique mitoyen en travers\u00e9e de parois ce qui permet l\u2019installation du d\u00e9shumidificateur en dehors du hall de la piscine. Seulement une grille murale d\u2019aspiration d\u2019air et de soufflage est visible dans le local piscine.<br>Application pour les piscines priv\u00e9es int\u00e9rieures.<\/p>\n\n\n<div class=\"wp-block-image\">\n<figure class=\"aligncenter size-full is-resized\"><img loading=\"lazy\" decoding=\"async\" width=\"988\" height=\"807\" src=\"https:\/\/climenservices.com\/wp-content\/uploads\/2024\/04\/Deshumidificateurs-encastres.png\" alt=\"\" class=\"wp-image-862\" style=\"width:324px;height:auto\" srcset=\"https:\/\/climenservices.com\/wp-content\/uploads\/2024\/04\/Deshumidificateurs-encastres.png 988w, https:\/\/climenservices.com\/wp-content\/uploads\/2024\/04\/Deshumidificateurs-encastres-300x245.png 300w, https:\/\/climenservices.com\/wp-content\/uploads\/2024\/04\/Deshumidificateurs-encastres-768x627.png 768w\" sizes=\"auto, (max-width: 988px) 100vw, 988px\" \/><\/figure>\n<\/div>\n\n\n<p><\/p>\n\n\n\n<p><strong>Le d\u00e9shumidificateur \u00ab&nbsp;gainable&nbsp;\u00bb<\/strong><\/p>\n\n\n\n<p>Ces appareils gain\u00e9s sont d\u00e9di\u00e9s \u00e0 tous volumes et peuvent \u00eatre pr\u00e9vus lors de la construction du bassin pour encastrement des grilles de soufflage en partie basse des baies vitr\u00e9es.<\/p>\n\n\n\n<p>Cette solution est la plus efficace pour traiter la condensation sur les parois vitr\u00e9es et s\u2019installe dans un local technique mitoyen en travers\u00e9e de parois mais \u00e0 la diff\u00e9rence du mod\u00e8le \u00ab&nbsp;encastr\u00e9&nbsp;\u00bb diffusent l\u2019air via un r\u00e9seau de gaines qui peut \u00eatre encastr\u00e9 dans le sol \u00e0 la construction. Seules les grilles d\u2019aspiration et les grilles de soufflage sont visibles dans le local piscine.<\/p>\n\n\n\n<p>Application pour toutes les piscines avec de larges surfaces vitr\u00e9es telles que les piscines sous v\u00e9randa ainsi que pour les piscines \u00e0 usage professionnel.<\/p>\n\n\n<div class=\"wp-block-image\">\n<figure class=\"aligncenter size-full is-resized\"><img loading=\"lazy\" decoding=\"async\" width=\"1007\" height=\"680\" src=\"https:\/\/climenservices.com\/wp-content\/uploads\/2024\/04\/Deshumidificateurs-gaines.png\" alt=\"\" class=\"wp-image-863\" style=\"width:586px;height:auto\" srcset=\"https:\/\/climenservices.com\/wp-content\/uploads\/2024\/04\/Deshumidificateurs-gaines.png 1007w, https:\/\/climenservices.com\/wp-content\/uploads\/2024\/04\/Deshumidificateurs-gaines-300x203.png 300w, https:\/\/climenservices.com\/wp-content\/uploads\/2024\/04\/Deshumidificateurs-gaines-768x519.png 768w\" sizes=\"auto, (max-width: 1007px) 100vw, 1007px\" \/><\/figure>\n<\/div>\n\n\n<p>Exemple d&rsquo;une grille de soufflage au sol devant les baies vitr\u00e9es<\/p>\n\n\n<div class=\"wp-block-image\">\n<figure class=\"aligncenter size-full is-resized\"><img loading=\"lazy\" decoding=\"async\" width=\"800\" height=\"234\" src=\"https:\/\/climenservices.com\/wp-content\/uploads\/2024\/04\/Grille-deshu-4-e1713363805345.jpeg\" alt=\"\" class=\"wp-image-870\" style=\"width:468px;height:auto\" srcset=\"https:\/\/climenservices.com\/wp-content\/uploads\/2024\/04\/Grille-deshu-4-e1713363805345.jpeg 800w, https:\/\/climenservices.com\/wp-content\/uploads\/2024\/04\/Grille-deshu-4-e1713363805345-300x88.jpeg 300w, https:\/\/climenservices.com\/wp-content\/uploads\/2024\/04\/Grille-deshu-4-e1713363805345-768x225.jpeg 768w\" sizes=\"auto, (max-width: 800px) 100vw, 800px\" \/><\/figure>\n<\/div>\n\n\n<p><\/p>\n\n\n\n<p><strong>La r\u00e9gulation Hygrom\u00e9trie et Temp\u00e9rature<\/strong><\/p>\n\n\n\n<p><strong>L\u2019Hygro Control<\/strong>&nbsp;est un hygro-thermostat exclusivement con\u00e7u par Zodiac.<\/p>\n\n\n\n<p>C\u2019est un bo\u00eetier de commande digitale pr\u00e9cis et simple d\u2019utilisation qui permet de r\u00e9gler le taux d\u2019hygrom\u00e9trie et la temp\u00e9rature souhait\u00e9s dans le local.&nbsp;<\/p>\n\n\n\n<p>L\u2019hygrom\u00e9trie caract\u00e9rise l\u2019humidit\u00e9 de l\u2019air, \u00e0 savoir la quantit\u00e9 d\u2019eau pr\u00e9sente sous forme vapeur dans l\u2019air du local qui abrite le bassin. Si le d\u00e9shumidificateur est \u00e9quip\u00e9 de l\u2019option \u00ab chauffage \u00bb, l\u2019Hygro Control pourra \u00e9galement r\u00e9gler la temp\u00e9rature de l\u2019air ambiant.<\/p>\n\n\n<div class=\"wp-block-image\">\n<figure class=\"aligncenter size-full is-resized\"><img loading=\"lazy\" decoding=\"async\" width=\"249\" height=\"202\" src=\"https:\/\/climenservices.com\/wp-content\/uploads\/2024\/04\/Hygro-control-Zodiac.jpeg\" alt=\"\" class=\"wp-image-864\" style=\"width:222px;height:auto\"\/><\/figure>\n<\/div>\n\n\n<p><\/p>\n\n\n\n<p><strong>D\u00e9tail des op\u00e9rations <\/strong>r\u00e9alis\u00e9es lors de l&rsquo;<strong>entretien<\/strong>, <em><a href=\"https:\/\/climenservices.com\/index.php\/detail-des-operations-dentretien-deshumidificateur\/\" data-type=\"page\" data-id=\"853\">en savoir plus.<\/a><\/em><\/p>\n\n\n\n<p>Nous proposons la marque ZODIAC<\/p>\n\n\n\n<p>N&rsquo;oubliez pas de r\u00e9aliser un <a href=\"https:\/\/climenservices.com\/index.php\/431-2\/\" data-type=\"page\" data-id=\"431\">entretien annuel<\/a> pour p\u00e9renniser votre installation (comme pour votre voiture).<\/p>\n\n\n\n<figure class=\"wp-block-image size-full is-resized\"><img loading=\"lazy\" decoding=\"async\" width=\"400\" height=\"120\" src=\"https:\/\/climenservices.com\/wp-content\/uploads\/2024\/04\/Logo-zodiac-seul.png\" alt=\"\" class=\"wp-image-851\" style=\"width:190px;height:auto\" srcset=\"https:\/\/climenservices.com\/wp-content\/uploads\/2024\/04\/Logo-zodiac-seul.png 400w, https:\/\/climenservices.com\/wp-content\/uploads\/2024\/04\/Logo-zodiac-seul-300x90.png 300w\" sizes=\"auto, (max-width: 400px) 100vw, 400px\" \/><\/figure>\n\n\n\n<p><\/p>\n","protected":false},"excerpt":{"rendered":"<p>Lorsque vous chauffez l&rsquo;eau d&rsquo;un bassin int\u00e9rieur, la vapeur d\u2019eau emprisonn\u00e9e dans le local se condense sur les parois froides en formant des gouttelettes d\u2019eau&hellip;<\/p>\n","protected":false},"author":1,"featured_media":0,"parent":0,"menu_order":0,"comment_status":"closed","ping_status":"closed","template":"","meta":{"footnotes":""},"class_list":["post-647","page","type-page","status-publish","hentry"],"_links":{"self":[{"href":"https:\/\/climenservices.com\/index.php\/wp-json\/wp\/v2\/pages\/647","targetHints":{"allow":["GET"]}}],"collection":[{"href":"https:\/\/climenservices.com\/index.php\/wp-json\/wp\/v2\/pages"}],"about":[{"href":"https:\/\/climenservices.com\/index.php\/wp-json\/wp\/v2\/types\/page"}],"author":[{"embeddable":true,"href":"https:\/\/climenservices.com\/index.php\/wp-json\/wp\/v2\/users\/1"}],"replies":[{"embeddable":true,"href":"https:\/\/climenservices.com\/index.php\/wp-json\/wp\/v2\/comments?post=647"}],"version-history":[{"count":20,"href":"https:\/\/climenservices.com\/index.php\/wp-json\/wp\/v2\/pages\/647\/revisions"}],"predecessor-version":[{"id":1499,"href":"https:\/\/climenservices.com\/index.php\/wp-json\/wp\/v2\/pages\/647\/revisions\/1499"}],"wp:attachment":[{"href":"https:\/\/climenservices.com\/index.php\/wp-json\/wp\/v2\/media?parent=647"}],"curies":[{"name":"wp","href":"https:\/\/api.w.org\/{rel}","templated":true}]}}