{"id":912,"date":"2024-04-18T09:40:05","date_gmt":"2024-04-18T07:40:05","guid":{"rendered":"https:\/\/climenservices.com\/?page_id=912"},"modified":"2026-04-15T14:25:46","modified_gmt":"2026-04-15T12:25:46","slug":"splits-et-multisplits","status":"publish","type":"page","link":"https:\/\/climenservices.com\/index.php\/splits-et-multisplits\/","title":{"rendered":"Splits et multisplits et VRV"},"content":{"rendered":"\n<figure class=\"wp-block-image size-full is-resized\"><img fetchpriority=\"high\" decoding=\"async\" width=\"630\" height=\"288\" src=\"https:\/\/climenservices.com\/wp-content\/uploads\/2024\/06\/Clim-salon-beige-e1719234881764.jpeg\" alt=\"\" class=\"wp-image-1335\" style=\"width:840px;height:auto\" srcset=\"https:\/\/climenservices.com\/wp-content\/uploads\/2024\/06\/Clim-salon-beige-e1719234881764.jpeg 630w, https:\/\/climenservices.com\/wp-content\/uploads\/2024\/06\/Clim-salon-beige-e1719234881764-300x137.jpeg 300w\" sizes=\"(max-width: 630px) 100vw, 630px\" \/><\/figure>\n\n\n\n<figure class=\"wp-block-image size-full is-resized\"><img decoding=\"async\" width=\"866\" height=\"118\" src=\"https:\/\/climenservices.com\/wp-content\/uploads\/2024\/04\/Interligne-blanc.png\" alt=\"\" class=\"wp-image-951\" style=\"width:147px;height:auto\" srcset=\"https:\/\/climenservices.com\/wp-content\/uploads\/2024\/04\/Interligne-blanc.png 866w, https:\/\/climenservices.com\/wp-content\/uploads\/2024\/04\/Interligne-blanc-300x41.png 300w, https:\/\/climenservices.com\/wp-content\/uploads\/2024\/04\/Interligne-blanc-768x105.png 768w\" sizes=\"(max-width: 866px) 100vw, 866px\" \/><\/figure>\n\n\n\n<h4 class=\"wp-block-heading\">Les diff\u00e9rents types de climatiseurs<\/h4>\n\n\n\n<figure class=\"wp-block-image size-full\"><img decoding=\"async\" width=\"962\" height=\"243\" src=\"https:\/\/climenservices.com\/wp-content\/uploads\/2024\/04\/Image-pour-page-clim.png\" alt=\"\" class=\"wp-image-969\" srcset=\"https:\/\/climenservices.com\/wp-content\/uploads\/2024\/04\/Image-pour-page-clim.png 962w, https:\/\/climenservices.com\/wp-content\/uploads\/2024\/04\/Image-pour-page-clim-300x76.png 300w, https:\/\/climenservices.com\/wp-content\/uploads\/2024\/04\/Image-pour-page-clim-768x194.png 768w\" sizes=\"(max-width: 962px) 100vw, 962px\" \/><\/figure>\n\n\n\n<figure class=\"wp-block-image size-full is-resized\"><img decoding=\"async\" width=\"866\" height=\"118\" src=\"https:\/\/climenservices.com\/wp-content\/uploads\/2024\/04\/Interligne-blanc.png\" alt=\"\" class=\"wp-image-951\" style=\"width:147px;height:auto\" srcset=\"https:\/\/climenservices.com\/wp-content\/uploads\/2024\/04\/Interligne-blanc.png 866w, https:\/\/climenservices.com\/wp-content\/uploads\/2024\/04\/Interligne-blanc-300x41.png 300w, https:\/\/climenservices.com\/wp-content\/uploads\/2024\/04\/Interligne-blanc-768x105.png 768w\" sizes=\"(max-width: 866px) 100vw, 866px\" \/><\/figure>\n\n\n\n<p><strong>Mono-split&nbsp;<\/strong>: Une climatisation mono-split est \u00e9quip\u00e9e uniquement d&rsquo;une unit\u00e9 ext\u00e9rieure et d&rsquo;une seule unit\u00e9 int\u00e9rieure qui peut \u00eatre de type murale, console, plafonnier, cassette encastr\u00e9e ou gainable.<\/p>\n\n\n\n<p><strong>Multi-splits<\/strong>&nbsp;: Une climatisation multi-splits se compose d\u2019une unit\u00e9 ext\u00e9rieure et jusqu&rsquo;\u00e0 5 unit\u00e9s int\u00e9rieures. On peut \u00e9galement combiner diff\u00e9rentes unit\u00e9s int\u00e9rieures qui peuvent \u00eatre de type murales, consoles, plafonniers, cassettes encastr\u00e9es ou gainables.<\/p>\n\n\n\n<p><a href=\"https:\/\/climenservices.com\/index.php\/gainables\/\"><strong>Gainable<\/strong>&nbsp;:<\/a> Un climatiseur gainable est un&nbsp;climatiseur encastr\u00e9 dont l&rsquo;unit\u00e9 int\u00e9rieure est pr\u00e9vue pour \u00eatre install\u00e9e avec un r\u00e9seau de conduits de distribution d&rsquo;air (et de bouches \/ grilles de soufflage). Ce dernier existe en split et multisplit. <em><a href=\"https:\/\/climenservices.com\/index.php\/gainables\/\" data-type=\"page\" data-id=\"914\">En savoir plus&#8230;&nbsp;<\/a><\/em><\/p>\n\n\n\n<p><strong>VRV &#8211; VRF &#8211; DRV<\/strong>&nbsp;: C&rsquo;est une climatisation centralis\u00e9e, plut\u00f4t destin\u00e9e aux grands b\u00e2timents de bureaux. Le syst\u00e8me se compose d&rsquo;un ou plusieurs groupes jumel\u00e9s sur lesquels sont raccord\u00e9s jusqu&rsquo;\u00e0 64 unit\u00e9s int\u00e9rieures de diff\u00e9rents types possibles aussi.<\/p>\n\n\n\n<figure class=\"wp-block-image size-full is-resized\"><img decoding=\"async\" width=\"866\" height=\"118\" src=\"https:\/\/climenservices.com\/wp-content\/uploads\/2024\/04\/Interligne-blanc.png\" alt=\"\" class=\"wp-image-951\" style=\"width:147px;height:auto\" srcset=\"https:\/\/climenservices.com\/wp-content\/uploads\/2024\/04\/Interligne-blanc.png 866w, https:\/\/climenservices.com\/wp-content\/uploads\/2024\/04\/Interligne-blanc-300x41.png 300w, https:\/\/climenservices.com\/wp-content\/uploads\/2024\/04\/Interligne-blanc-768x105.png 768w\" sizes=\"(max-width: 866px) 100vw, 866px\" \/><\/figure>\n\n\n\n<h4 class=\"wp-block-heading\"><strong>Quelle application<\/strong><\/h4>\n\n\n\n<ul class=\"wp-block-list\">\n<li>Particuliers\n<ul class=\"wp-block-list\">\n<li>Maisons<\/li>\n\n\n\n<li>Appartements<\/li>\n\n\n\n<li>V\u00e9randas<\/li>\n\n\n\n<li>Caves \u00e0 vin<\/li>\n<\/ul>\n<\/li>\n\n\n\n<li>Professionnels\n<ul class=\"wp-block-list\">\n<li>Bureaux<\/li>\n\n\n\n<li>Salles de r\u00e9union<\/li>\n\n\n\n<li>Salles serveurs informatique<\/li>\n\n\n\n<li>Commerces<\/li>\n<\/ul>\n<\/li>\n<\/ul>\n\n\n\n<figure class=\"wp-block-image size-full is-resized\"><img decoding=\"async\" width=\"866\" height=\"118\" src=\"https:\/\/climenservices.com\/wp-content\/uploads\/2024\/04\/Interligne-blanc.png\" alt=\"\" class=\"wp-image-951\" style=\"width:147px;height:auto\" srcset=\"https:\/\/climenservices.com\/wp-content\/uploads\/2024\/04\/Interligne-blanc.png 866w, https:\/\/climenservices.com\/wp-content\/uploads\/2024\/04\/Interligne-blanc-300x41.png 300w, https:\/\/climenservices.com\/wp-content\/uploads\/2024\/04\/Interligne-blanc-768x105.png 768w\" sizes=\"(max-width: 866px) 100vw, 866px\" \/><\/figure>\n\n\n\n<h4 class=\"wp-block-heading\"><strong>Le bon appareil au bon endroit<\/strong><strong><\/strong><\/h4>\n\n\n\n<p>Pour que cet investissement soit efficace et confortable, il faut :<\/p>\n\n\n\n<ul class=\"wp-block-list\">\n<li>D\u00e9terminer la bonne puissance\n<ul class=\"wp-block-list\">\n<li>L&rsquo;\u00e9tude thermique doit \u00eatre la plus plus pr\u00e9cise possible<\/li>\n\n\n\n<li>Il faut tenir compte des surfaces vitr\u00e9es et des expositions au soleil<\/li>\n<\/ul>\n<\/li>\n\n\n\n<li>S\u00e9lectionner le mod\u00e8le le mieux adapt\u00e9&nbsp;\n<ul class=\"wp-block-list\">\n<li>Il doit \u00eatre au plus proche du r\u00e9sultat du bilan thermique<\/li>\n\n\n\n<li>Il doit \u00eatre en ad\u00e9quation avec la pi\u00e8ce \u00e0 traiter, le volume, la hauteur sous plafond<\/li>\n<\/ul>\n<\/li>\n\n\n\n<li>Choisir la bonne implantation de l&rsquo;unit\u00e9 int\u00e9rieure\n<ul class=\"wp-block-list\">\n<li>Elle doit \u00eatre r\u00e9alis\u00e9e en fonction de l&rsquo;implantation du mobilier<\/li>\n\n\n\n<li>Elle doit tenir compte des contraintes techniques de mise en oeuvre<\/li>\n<\/ul>\n<\/li>\n\n\n\n<li>Soigner la diffusion d\u2019air pour assurer un confort optimal\n<ul class=\"wp-block-list\">\n<li>Il faut \u00e9viter de souffler directement sur les occupants et plus particuli\u00e8rement sur la nuque<\/li>\n\n\n\n<li>Il faut que le flux d&rsquo;air atteigne les zones \u00e0 traiter sans g\u00eaner les occupants<\/li>\n<\/ul>\n<\/li>\n<\/ul>\n\n\n\n<p>Le mode d\u2019occupation des locaux, l\u2019am\u00e9nagement actuel et futur, votre sensibilit\u00e9 au froid, aux courants d\u2019air, au bruit sont d\u2019autant d\u2019\u00e9l\u00e9ments \u00e0 prendre en consid\u00e9ration.<\/p>\n\n\n\n<p>Il existe aussi une solution permettant de <a href=\"https:\/\/climenservices.com\/index.php\/sur-lair\/\" data-type=\"page\" data-id=\"641\">piloter votre \u00e9quipement \u00e0 distance <\/a>via votre box internet et votre smartphone.<\/p>\n\n\n\n<figure class=\"wp-block-image size-full is-resized\"><img decoding=\"async\" width=\"866\" height=\"118\" src=\"https:\/\/climenservices.com\/wp-content\/uploads\/2024\/04\/Interligne-blanc.png\" alt=\"\" class=\"wp-image-951\" style=\"width:147px;height:auto\" srcset=\"https:\/\/climenservices.com\/wp-content\/uploads\/2024\/04\/Interligne-blanc.png 866w, https:\/\/climenservices.com\/wp-content\/uploads\/2024\/04\/Interligne-blanc-300x41.png 300w, https:\/\/climenservices.com\/wp-content\/uploads\/2024\/04\/Interligne-blanc-768x105.png 768w\" sizes=\"(max-width: 866px) 100vw, 866px\" \/><\/figure>\n\n\n\n<h5 class=\"wp-block-heading\">Quelques exemples de nos r\u00e9alisations de climatisations split \/ multi-split murales :<\/h5>\n\n\n\n<figure class=\"wp-block-image size-large\"><img loading=\"lazy\" decoding=\"async\" width=\"1024\" height=\"370\" src=\"https:\/\/climenservices.com\/wp-content\/uploads\/2024\/08\/Photo-muraux-1024x370.png\" alt=\"\" class=\"wp-image-1409\" srcset=\"https:\/\/climenservices.com\/wp-content\/uploads\/2024\/08\/Photo-muraux-1024x370.png 1024w, https:\/\/climenservices.com\/wp-content\/uploads\/2024\/08\/Photo-muraux-300x109.png 300w, https:\/\/climenservices.com\/wp-content\/uploads\/2024\/08\/Photo-muraux-768x278.png 768w, https:\/\/climenservices.com\/wp-content\/uploads\/2024\/08\/Photo-muraux.png 1200w\" sizes=\"(max-width: 1024px) 100vw, 1024px\" \/><\/figure>\n\n\n\n<h5 class=\"wp-block-heading\">Quelques exemples de nos r\u00e9alisations de climatisations split \/ multi-split consoles :<\/h5>\n\n\n\n<figure class=\"wp-block-image size-large\"><img loading=\"lazy\" decoding=\"async\" width=\"1024\" height=\"345\" src=\"https:\/\/climenservices.com\/wp-content\/uploads\/2024\/08\/Photos-Consoles-1-1024x345.png\" alt=\"\" class=\"wp-image-1406\" srcset=\"https:\/\/climenservices.com\/wp-content\/uploads\/2024\/08\/Photos-Consoles-1-1024x345.png 1024w, https:\/\/climenservices.com\/wp-content\/uploads\/2024\/08\/Photos-Consoles-1-300x101.png 300w, https:\/\/climenservices.com\/wp-content\/uploads\/2024\/08\/Photos-Consoles-1-768x258.png 768w, https:\/\/climenservices.com\/wp-content\/uploads\/2024\/08\/Photos-Consoles-1.png 1251w\" sizes=\"(max-width: 1024px) 100vw, 1024px\" \/><\/figure>\n\n\n\n<h5 class=\"wp-block-heading\">Quelques exemples de nos r\u00e9alisations de climatisations split \/ multi-split plafonniers :<\/h5>\n\n\n\n<figure class=\"wp-block-image size-large\"><img loading=\"lazy\" decoding=\"async\" width=\"1024\" height=\"332\" src=\"https:\/\/climenservices.com\/wp-content\/uploads\/2024\/08\/Photo-plafonniers-1-1024x332.png\" alt=\"\" class=\"wp-image-1522\" srcset=\"https:\/\/climenservices.com\/wp-content\/uploads\/2024\/08\/Photo-plafonniers-1-1024x332.png 1024w, https:\/\/climenservices.com\/wp-content\/uploads\/2024\/08\/Photo-plafonniers-1-300x97.png 300w, https:\/\/climenservices.com\/wp-content\/uploads\/2024\/08\/Photo-plafonniers-1-768x249.png 768w, https:\/\/climenservices.com\/wp-content\/uploads\/2024\/08\/Photo-plafonniers-1-1536x498.png 1536w, https:\/\/climenservices.com\/wp-content\/uploads\/2024\/08\/Photo-plafonniers-1-2048x664.png 2048w\" sizes=\"(max-width: 1024px) 100vw, 1024px\" \/><\/figure>\n\n\n\n<h5 class=\"wp-block-heading\">Quelques exemples de nos r\u00e9alisations de climatisations split \/ multi-split cassettes :<\/h5>\n\n\n\n<figure class=\"wp-block-image size-large\"><img loading=\"lazy\" decoding=\"async\" width=\"1024\" height=\"367\" src=\"https:\/\/climenservices.com\/wp-content\/uploads\/2024\/08\/Photo-cassettes-1024x367.png\" alt=\"\" class=\"wp-image-1431\" srcset=\"https:\/\/climenservices.com\/wp-content\/uploads\/2024\/08\/Photo-cassettes-1024x367.png 1024w, https:\/\/climenservices.com\/wp-content\/uploads\/2024\/08\/Photo-cassettes-300x107.png 300w, https:\/\/climenservices.com\/wp-content\/uploads\/2024\/08\/Photo-cassettes-768x275.png 768w, https:\/\/climenservices.com\/wp-content\/uploads\/2024\/08\/Photo-cassettes.png 1150w\" sizes=\"(max-width: 1024px) 100vw, 1024px\" \/><\/figure>\n\n\n\n<h5 class=\"wp-block-heading\">Quelques exemples de nos r\u00e9alisations de climatisations split \/ multi-split gainables :<\/h5>\n\n\n\n<figure class=\"wp-block-image size-large\"><img loading=\"lazy\" decoding=\"async\" width=\"1024\" height=\"350\" src=\"https:\/\/climenservices.com\/wp-content\/uploads\/2024\/08\/Photo-gainable-UI-1024x350.png\" alt=\"\" class=\"wp-image-1414\" srcset=\"https:\/\/climenservices.com\/wp-content\/uploads\/2024\/08\/Photo-gainable-UI-1024x350.png 1024w, https:\/\/climenservices.com\/wp-content\/uploads\/2024\/08\/Photo-gainable-UI-300x102.png 300w, https:\/\/climenservices.com\/wp-content\/uploads\/2024\/08\/Photo-gainable-UI-768x262.png 768w, https:\/\/climenservices.com\/wp-content\/uploads\/2024\/08\/Photo-gainable-UI.png 1291w\" sizes=\"(max-width: 1024px) 100vw, 1024px\" \/><\/figure>\n\n\n\n<figure class=\"wp-block-image size-large\"><img loading=\"lazy\" decoding=\"async\" width=\"1024\" height=\"385\" src=\"https:\/\/climenservices.com\/wp-content\/uploads\/2024\/08\/Photo-Grilles-reprise-1024x385.png\" alt=\"\" class=\"wp-image-1415\" srcset=\"https:\/\/climenservices.com\/wp-content\/uploads\/2024\/08\/Photo-Grilles-reprise-1024x385.png 1024w, https:\/\/climenservices.com\/wp-content\/uploads\/2024\/08\/Photo-Grilles-reprise-300x113.png 300w, https:\/\/climenservices.com\/wp-content\/uploads\/2024\/08\/Photo-Grilles-reprise-768x289.png 768w, https:\/\/climenservices.com\/wp-content\/uploads\/2024\/08\/Photo-Grilles-reprise.png 1324w\" sizes=\"(max-width: 1024px) 100vw, 1024px\" \/><\/figure>\n\n\n\n<figure class=\"wp-block-image size-large\"><img loading=\"lazy\" decoding=\"async\" width=\"1024\" height=\"286\" src=\"https:\/\/climenservices.com\/wp-content\/uploads\/2024\/08\/Photo-bouche-induction-1024x286.png\" alt=\"\" class=\"wp-image-1416\" srcset=\"https:\/\/climenservices.com\/wp-content\/uploads\/2024\/08\/Photo-bouche-induction-1024x286.png 1024w, https:\/\/climenservices.com\/wp-content\/uploads\/2024\/08\/Photo-bouche-induction-300x84.png 300w, https:\/\/climenservices.com\/wp-content\/uploads\/2024\/08\/Photo-bouche-induction-768x215.png 768w, https:\/\/climenservices.com\/wp-content\/uploads\/2024\/08\/Photo-bouche-induction.png 1310w\" sizes=\"(max-width: 1024px) 100vw, 1024px\" \/><\/figure>\n\n\n\n<figure class=\"wp-block-image size-large\"><img loading=\"lazy\" decoding=\"async\" width=\"1024\" height=\"401\" src=\"https:\/\/climenservices.com\/wp-content\/uploads\/2024\/08\/Photos-bouches-plafond-1024x401.png\" alt=\"\" class=\"wp-image-1418\" srcset=\"https:\/\/climenservices.com\/wp-content\/uploads\/2024\/08\/Photos-bouches-plafond-1024x401.png 1024w, https:\/\/climenservices.com\/wp-content\/uploads\/2024\/08\/Photos-bouches-plafond-300x118.png 300w, https:\/\/climenservices.com\/wp-content\/uploads\/2024\/08\/Photos-bouches-plafond-768x301.png 768w, https:\/\/climenservices.com\/wp-content\/uploads\/2024\/08\/Photos-bouches-plafond.png 1228w\" sizes=\"(max-width: 1024px) 100vw, 1024px\" \/><\/figure>\n\n\n\n<h5 class=\"wp-block-heading\">Quelques exemples de nos r\u00e9alisations de climatisations VRF :<\/h5>\n\n\n\n<figure class=\"wp-block-image size-large\"><img loading=\"lazy\" decoding=\"async\" width=\"1024\" height=\"378\" src=\"https:\/\/climenservices.com\/wp-content\/uploads\/2024\/08\/Photo-groupes-VRF-1-1024x378.png\" alt=\"\" class=\"wp-image-1413\" srcset=\"https:\/\/climenservices.com\/wp-content\/uploads\/2024\/08\/Photo-groupes-VRF-1-1024x378.png 1024w, https:\/\/climenservices.com\/wp-content\/uploads\/2024\/08\/Photo-groupes-VRF-1-300x111.png 300w, https:\/\/climenservices.com\/wp-content\/uploads\/2024\/08\/Photo-groupes-VRF-1-768x284.png 768w, https:\/\/climenservices.com\/wp-content\/uploads\/2024\/08\/Photo-groupes-VRF-1.png 1227w\" sizes=\"(max-width: 1024px) 100vw, 1024px\" \/><\/figure>\n\n\n\n<figure class=\"wp-block-image size-full is-resized\"><img decoding=\"async\" width=\"866\" height=\"118\" src=\"https:\/\/climenservices.com\/wp-content\/uploads\/2024\/04\/Interligne-blanc.png\" alt=\"\" class=\"wp-image-951\" style=\"width:147px;height:auto\" srcset=\"https:\/\/climenservices.com\/wp-content\/uploads\/2024\/04\/Interligne-blanc.png 866w, https:\/\/climenservices.com\/wp-content\/uploads\/2024\/04\/Interligne-blanc-300x41.png 300w, https:\/\/climenservices.com\/wp-content\/uploads\/2024\/04\/Interligne-blanc-768x105.png 768w\" sizes=\"(max-width: 866px) 100vw, 866px\" \/><\/figure>\n\n\n\n<p>Nous proposons les marques suivantes : Atlantic Fujitsu, Daikin et Thermor.<\/p>\n\n\n\n<p>N&rsquo;oubliez pas de r\u00e9aliser un <a href=\"https:\/\/climenservices.com\/index.php\/431-2\/\" data-type=\"page\" data-id=\"431\">entretien annuel<\/a> pour p\u00e9renniser votre installation (comme pour votre voiture).<\/p>\n\n\n\n<figure class=\"wp-block-image size-full is-resized\"><img decoding=\"async\" width=\"866\" height=\"118\" src=\"https:\/\/climenservices.com\/wp-content\/uploads\/2024\/04\/Interligne-blanc.png\" alt=\"\" class=\"wp-image-951\" style=\"width:147px;height:auto\" srcset=\"https:\/\/climenservices.com\/wp-content\/uploads\/2024\/04\/Interligne-blanc.png 866w, https:\/\/climenservices.com\/wp-content\/uploads\/2024\/04\/Interligne-blanc-300x41.png 300w, https:\/\/climenservices.com\/wp-content\/uploads\/2024\/04\/Interligne-blanc-768x105.png 768w\" sizes=\"(max-width: 866px) 100vw, 866px\" \/><\/figure>\n\n\n\n<figure class=\"wp-block-image size-large\"><img loading=\"lazy\" decoding=\"async\" width=\"1024\" height=\"66\" src=\"https:\/\/climenservices.com\/wp-content\/uploads\/2024\/06\/Capture-decran-2024-06-24-a-16.13.56-1024x66.png\" alt=\"\" class=\"wp-image-1342\" srcset=\"https:\/\/climenservices.com\/wp-content\/uploads\/2024\/06\/Capture-decran-2024-06-24-a-16.13.56-1024x66.png 1024w, https:\/\/climenservices.com\/wp-content\/uploads\/2024\/06\/Capture-decran-2024-06-24-a-16.13.56-300x19.png 300w, https:\/\/climenservices.com\/wp-content\/uploads\/2024\/06\/Capture-decran-2024-06-24-a-16.13.56-768x49.png 768w, https:\/\/climenservices.com\/wp-content\/uploads\/2024\/06\/Capture-decran-2024-06-24-a-16.13.56.png 1479w\" sizes=\"(max-width: 1024px) 100vw, 1024px\" \/><\/figure>\n\n\n\n<p><\/p>\n","protected":false},"excerpt":{"rendered":"<p>Les diff\u00e9rents types de climatiseurs Mono-split&nbsp;: Une climatisation mono-split est \u00e9quip\u00e9e uniquement d&rsquo;une unit\u00e9 ext\u00e9rieure et d&rsquo;une seule unit\u00e9 int\u00e9rieure qui peut \u00eatre de type&hellip;<\/p>\n","protected":false},"author":1,"featured_media":0,"parent":0,"menu_order":0,"comment_status":"closed","ping_status":"closed","template":"","meta":{"footnotes":""},"class_list":["post-912","page","type-page","status-publish","hentry"],"_links":{"self":[{"href":"https:\/\/climenservices.com\/index.php\/wp-json\/wp\/v2\/pages\/912","targetHints":{"allow":["GET"]}}],"collection":[{"href":"https:\/\/climenservices.com\/index.php\/wp-json\/wp\/v2\/pages"}],"about":[{"href":"https:\/\/climenservices.com\/index.php\/wp-json\/wp\/v2\/types\/page"}],"author":[{"embeddable":true,"href":"https:\/\/climenservices.com\/index.php\/wp-json\/wp\/v2\/users\/1"}],"replies":[{"embeddable":true,"href":"https:\/\/climenservices.com\/index.php\/wp-json\/wp\/v2\/comments?post=912"}],"version-history":[{"count":42,"href":"https:\/\/climenservices.com\/index.php\/wp-json\/wp\/v2\/pages\/912\/revisions"}],"predecessor-version":[{"id":1592,"href":"https:\/\/climenservices.com\/index.php\/wp-json\/wp\/v2\/pages\/912\/revisions\/1592"}],"wp:attachment":[{"href":"https:\/\/climenservices.com\/index.php\/wp-json\/wp\/v2\/media?parent=912"}],"curies":[{"name":"wp","href":"https:\/\/api.w.org\/{rel}","templated":true}]}}