{"id":916,"date":"2024-04-18T09:40:45","date_gmt":"2024-04-18T07:40:45","guid":{"rendered":"https:\/\/climenservices.com\/?page_id=916"},"modified":"2024-08-07T11:52:02","modified_gmt":"2024-08-07T09:52:02","slug":"caves-a-vin","status":"publish","type":"page","link":"https:\/\/climenservices.com\/index.php\/caves-a-vin\/","title":{"rendered":"Caves \u00e0 vin"},"content":{"rendered":"\n<figure class=\"wp-block-image size-full is-resized\"><img fetchpriority=\"high\" decoding=\"async\" width=\"612\" height=\"196\" src=\"https:\/\/climenservices.com\/wp-content\/uploads\/2024\/04\/cave-a-vin-e1713456390347.jpeg\" alt=\"\" class=\"wp-image-1059\" style=\"width:840px;height:auto\" srcset=\"https:\/\/climenservices.com\/wp-content\/uploads\/2024\/04\/cave-a-vin-e1713456390347.jpeg 612w, https:\/\/climenservices.com\/wp-content\/uploads\/2024\/04\/cave-a-vin-e1713456390347-300x96.jpeg 300w\" sizes=\"(max-width: 612px) 100vw, 612px\" \/><\/figure>\n\n\n\n<figure class=\"wp-block-image size-full is-resized\"><img decoding=\"async\" width=\"866\" height=\"118\" src=\"https:\/\/climenservices.com\/wp-content\/uploads\/2024\/04\/Interligne-blanc.png\" alt=\"\" class=\"wp-image-951\" style=\"width:147px;height:auto\" srcset=\"https:\/\/climenservices.com\/wp-content\/uploads\/2024\/04\/Interligne-blanc.png 866w, https:\/\/climenservices.com\/wp-content\/uploads\/2024\/04\/Interligne-blanc-300x41.png 300w, https:\/\/climenservices.com\/wp-content\/uploads\/2024\/04\/Interligne-blanc-768x105.png 768w\" sizes=\"(max-width: 866px) 100vw, 866px\" \/><\/figure>\n\n\n\n<p>Nous pouvons climatiser votre cave \u00e0 vin avec contr\u00f4le de temp\u00e9rature et d\u2019hygrom\u00e9trie.<\/p>\n\n\n\n<p>Il existe, en fonction des volumes \u00e0 traiter, diff\u00e9rents mod\u00e8les monobloc ou split system. <\/p>\n\n\n\n<p>Quelques marques : WINEMASTER, FRIAX, TECHNOBLOC, ZANOTTI.<\/p>\n\n\n<div class=\"wp-block-image\">\n<figure class=\"alignleft size-large is-resized\"><img decoding=\"async\" width=\"1024\" height=\"395\" src=\"https:\/\/climenservices.com\/wp-content\/uploads\/2024\/08\/Caves-a-vin-1024x395.png\" alt=\"\" class=\"wp-image-1486\" style=\"width:868px;height:auto\" srcset=\"https:\/\/climenservices.com\/wp-content\/uploads\/2024\/08\/Caves-a-vin-1024x395.png 1024w, https:\/\/climenservices.com\/wp-content\/uploads\/2024\/08\/Caves-a-vin-300x116.png 300w, https:\/\/climenservices.com\/wp-content\/uploads\/2024\/08\/Caves-a-vin-768x296.png 768w, https:\/\/climenservices.com\/wp-content\/uploads\/2024\/08\/Caves-a-vin-1536x592.png 1536w, https:\/\/climenservices.com\/wp-content\/uploads\/2024\/08\/Caves-a-vin.png 1894w\" sizes=\"(max-width: 1024px) 100vw, 1024px\" \/><\/figure>\n<\/div>","protected":false},"excerpt":{"rendered":"<p>Nous pouvons climatiser votre cave \u00e0 vin avec contr\u00f4le de temp\u00e9rature et d\u2019hygrom\u00e9trie. Il existe, en fonction des volumes \u00e0 traiter, diff\u00e9rents mod\u00e8les monobloc ou&hellip;<\/p>\n","protected":false},"author":1,"featured_media":0,"parent":0,"menu_order":0,"comment_status":"closed","ping_status":"closed","template":"","meta":{"footnotes":""},"class_list":["post-916","page","type-page","status-publish","hentry"],"_links":{"self":[{"href":"https:\/\/climenservices.com\/index.php\/wp-json\/wp\/v2\/pages\/916","targetHints":{"allow":["GET"]}}],"collection":[{"href":"https:\/\/climenservices.com\/index.php\/wp-json\/wp\/v2\/pages"}],"about":[{"href":"https:\/\/climenservices.com\/index.php\/wp-json\/wp\/v2\/types\/page"}],"author":[{"embeddable":true,"href":"https:\/\/climenservices.com\/index.php\/wp-json\/wp\/v2\/users\/1"}],"replies":[{"embeddable":true,"href":"https:\/\/climenservices.com\/index.php\/wp-json\/wp\/v2\/comments?post=916"}],"version-history":[{"count":11,"href":"https:\/\/climenservices.com\/index.php\/wp-json\/wp\/v2\/pages\/916\/revisions"}],"predecessor-version":[{"id":1488,"href":"https:\/\/climenservices.com\/index.php\/wp-json\/wp\/v2\/pages\/916\/revisions\/1488"}],"wp:attachment":[{"href":"https:\/\/climenservices.com\/index.php\/wp-json\/wp\/v2\/media?parent=916"}],"curies":[{"name":"wp","href":"https:\/\/api.w.org\/{rel}","templated":true}]}}